{"id":6277,"date":"2015-12-24T20:49:45","date_gmt":"2015-12-24T20:49:45","guid":{"rendered":"https:\/\/www.bazarmerlin.com\/inicio\/?post_type=product&#038;p=6277"},"modified":"2023-03-28T23:40:11","modified_gmt":"2023-03-28T23:40:11","slug":"locion-triple-suerte-abundancia-fortuna-y-proteccion","status":"publish","type":"product","link":"https:\/\/www.bazarmerlin.com\/inicio\/producto\/locion-triple-suerte-abundancia-fortuna-y-proteccion\/","title":{"rendered":"Locion Triple Suerte &#8211; Abundancia, Fortuna Y Proteccion."},"content":{"rendered":"<p>LOCI\u00d3N TRIPLE SUERTE<\/p>\n<p>\u00a1Hecha con esencias m\u00edsticas para abrir oportunidades en tu vida!<\/p>\n<p>PROSPERIDAD \u00c9XITO Y RIQUEZA PARA TODO LO QUE EMPRENDAS<\/p>\n<p>Esta poderosa loci\u00f3n desbloquea todo da\u00f1o que se encuentre en tu persona.<br \/>\nElaborada por santeros con extractos de hierbas y aceites esenciales.<\/p>\n<p>Se debe utilizar diariamente para lograr que nuestra energ\u00eda vibre positivamente<br \/>\nquite bloqueos y atraiga todo lo bueno.<\/p>\n<p>Actua abriendo los canales del OPTIMISMO, LA RIQUEZA, TRABAJO, OPORTUNIDADES Y AMOR.<br \/>\nDesbloquea cualquier elemento que te impida realizar lo que te propones inunda de abundancia tu vida.<br \/>\nAlcanza tus principales metas y objetivos de la manera m\u00e1s facil.<\/p>\n<p>&nbsp;<\/p>\n<p>&nbsp;<\/p>\n<p>BAZAR MERL\u00cdN<br \/>\nEl Lugar M\u00e1s M\u00edstico de Guadalajara<br \/>\nENVIAMOS A TODO M\u00c9XICO Y EL MUNDO&#8230;<\/p>\n<!-- AddThis Advanced Settings generic via filter on the_content --><!-- AddThis Share Buttons generic via filter on the_content -->","protected":false},"excerpt":{"rendered":"<p>LOCI\u00d3N TRIPLE SUERTE \u00a1Hecha con esencias m\u00edsticas para abrir oportunidades en tu vida! PROSPERIDAD \u00c9XITO Y RIQUEZA PARA TODO LO QUE EMPRENDAS Esta poderosa loci\u00f3n desbloquea todo da\u00f1o que se encuentre en tu persona. Elaborada por santeros con extractos de hierbas y aceites esenciales. Se debe utilizar diariamente para lograr que nuestra energ\u00eda vibre positivamente&hellip;<!-- AddThis Advanced Settings generic via filter on get_the_excerpt --><!-- AddThis Share Buttons generic via filter on get_the_excerpt --><\/p>\n","protected":false},"featured_media":8125,"template":"","meta":[],"product_cat":[20],"product_tag":[131,1520,1519],"_links":{"self":[{"href":"https:\/\/www.bazarmerlin.com\/inicio\/wp-json\/wp\/v2\/product\/6277"}],"collection":[{"href":"https:\/\/www.bazarmerlin.com\/inicio\/wp-json\/wp\/v2\/product"}],"about":[{"href":"https:\/\/www.bazarmerlin.com\/inicio\/wp-json\/wp\/v2\/types\/product"}],"wp:featuredmedia":[{"embeddable":true,"href":"https:\/\/www.bazarmerlin.com\/inicio\/wp-json\/wp\/v2\/media\/8125"}],"wp:attachment":[{"href":"https:\/\/www.bazarmerlin.com\/inicio\/wp-json\/wp\/v2\/media?parent=6277"}],"wp:term":[{"taxonomy":"product_cat","embeddable":true,"href":"https:\/\/www.bazarmerlin.com\/inicio\/wp-json\/wp\/v2\/product_cat?post=6277"},{"taxonomy":"product_tag","embeddable":true,"href":"https:\/\/www.bazarmerlin.com\/inicio\/wp-json\/wp\/v2\/product_tag?post=6277"}],"curies":[{"name":"wp","href":"https:\/\/api.w.org\/{rel}","templated":true}]}}