{"id":6286,"date":"2015-12-31T19:31:45","date_gmt":"2015-12-31T19:31:45","guid":{"rendered":"https:\/\/www.bazarmerlin.com\/inicio\/?post_type=product&#038;p=6286"},"modified":"2023-08-19T00:52:07","modified_gmt":"2023-08-19T00:52:07","slug":"jabon-arraza-con-todo-contra-danos-y-brujerias","status":"publish","type":"product","link":"https:\/\/www.bazarmerlin.com\/inicio\/producto\/jabon-arraza-con-todo-contra-danos-y-brujerias\/","title":{"rendered":"Jabon Arrasa Con Todo &#8211; Da\u00f1os, Brujeria y Mas"},"content":{"rendered":"<p><strong>JAB\u00d3N CUBANO ARRASA CON TODO<\/strong><\/p>\n<p>&nbsp;<\/p>\n<p>Elaborado por SANTEROS con hierbas tratadas y aceites esenciales.<\/p>\n<p>Los Jabones Esot\u00e9ricos son preparados con productos, esencias y extractos especiales. Cuando tienes un problema que crees de dif\u00edcil soluci\u00f3n es bueno recurrir a los rituales de magia, estos siempre nos ayudan a lograr exitosamente los objetivos que queremos conseguir.<\/p>\n<p>Las limpiezas o rituales con jabones sirven para uso diario tanto del cuerpo como de las manos y toda tu energ\u00eda c\u00f3smica y aurica equilibrando tus chakras para as\u00ed cambiar de forma inmediata tu suerte. Su fabricaci\u00f3n y su composici\u00f3n son de forma 100% artesanal por lo que llevan la esencia y extracto natural para equilibrar tu energ\u00eda, en algunos jabones hierbas en su interior.<\/p>\n<p>ARRASA CON TODO ES UN PODEROSO JAB\u00d3N ELABORADO DE MANERA ANCESTRAL QUE ROMPE CON TODO EL MAL QUE SE TENGA YA SEA NATURAL O PROVOCADO.<\/p>\n<p>Ayuda a CORREGIR y AUMENTAR Nuestra ENERG\u00cdA ya que estabiliza los 7 CHAKRAS Ayud\u00e1ndonos a ATRAER DINERO, AMOR, SALUD, PROTECCI\u00d3N, ABRIR CAMINOS y \u00c9XITO EN TODO LO QUE EMPRENDAMOS.<\/p>\n<p>&nbsp;<\/p>\n<p>&nbsp;<\/p>\n<p><strong>BAZAR MERL\u00cdN<\/strong><br \/>\n<strong>El Lugar M\u00e1s M\u00edstico de Guadalajara<\/strong><br \/>\n<strong>ENVIAMOS A TODO M\u00c9XICO&#8230;<\/strong><\/p>\n<!-- AddThis Advanced Settings generic via filter on the_content --><!-- AddThis Share Buttons generic via filter on the_content -->","protected":false},"excerpt":{"rendered":"<p>JAB\u00d3N CUBANO ARRASA CON TODO &nbsp; Elaborado por SANTEROS con hierbas tratadas y aceites esenciales. Los Jabones Esot\u00e9ricos son preparados con productos, esencias y extractos especiales. Cuando tienes un problema que crees de dif\u00edcil soluci\u00f3n es bueno recurrir a los rituales de magia, estos siempre nos ayudan a lograr exitosamente los objetivos que queremos conseguir.&hellip;<!-- AddThis Advanced Settings generic via filter on get_the_excerpt --><!-- AddThis Share Buttons generic via filter on get_the_excerpt --><\/p>\n","protected":false},"featured_media":10229,"template":"","meta":[],"product_cat":[14],"product_tag":[1523,304,1522],"_links":{"self":[{"href":"https:\/\/www.bazarmerlin.com\/inicio\/wp-json\/wp\/v2\/product\/6286"}],"collection":[{"href":"https:\/\/www.bazarmerlin.com\/inicio\/wp-json\/wp\/v2\/product"}],"about":[{"href":"https:\/\/www.bazarmerlin.com\/inicio\/wp-json\/wp\/v2\/types\/product"}],"wp:featuredmedia":[{"embeddable":true,"href":"https:\/\/www.bazarmerlin.com\/inicio\/wp-json\/wp\/v2\/media\/10229"}],"wp:attachment":[{"href":"https:\/\/www.bazarmerlin.com\/inicio\/wp-json\/wp\/v2\/media?parent=6286"}],"wp:term":[{"taxonomy":"product_cat","embeddable":true,"href":"https:\/\/www.bazarmerlin.com\/inicio\/wp-json\/wp\/v2\/product_cat?post=6286"},{"taxonomy":"product_tag","embeddable":true,"href":"https:\/\/www.bazarmerlin.com\/inicio\/wp-json\/wp\/v2\/product_tag?post=6286"}],"curies":[{"name":"wp","href":"https:\/\/api.w.org\/{rel}","templated":true}]}}