{"id":6289,"date":"2015-12-31T19:33:23","date_gmt":"2015-12-31T19:33:23","guid":{"rendered":"https:\/\/www.bazarmerlin.com\/inicio\/?post_type=product&#038;p=6289"},"modified":"2022-10-03T23:12:07","modified_gmt":"2022-10-03T23:12:07","slug":"jabon-de-sandalo-proteccion-dinero-salud-y-armonia","status":"publish","type":"product","link":"https:\/\/www.bazarmerlin.com\/inicio\/producto\/jabon-de-sandalo-proteccion-dinero-salud-y-armonia\/","title":{"rendered":"Jabon De Sandalo &#8211; Proteccion, Dinero, Salud Y Armonia"},"content":{"rendered":"<p><strong>JAB\u00d3N DE S\u00c1NDALO<\/strong><br \/>\n<strong>Atrae Protecci\u00f3n Fortuna Amor Y Salud.<\/strong><\/p>\n<p>&nbsp;<\/p>\n<p>Hoy en d\u00eda el sandalo se sigue utilizando para atraer riquezas, ya que equilibra nuestras energ\u00edas y nos ayuda a llenar nuestras vidas de \u00e9xito y tranquilidad dado que el s\u00e1ndalo es un im\u00e1n de paz, amor, dinero y sobre todo espiritualidad. El jab\u00f3n de s\u00e1ndalo nos mantiene conectados con las energ\u00edas c\u00f3smicas y con dios.<\/p>\n<p>Los Jabones Esot\u00e9ricos son preparados con productos, esencias y extractos especiales. Cuando tienes un problema que crees de dif\u00edcil soluci\u00f3n es bueno recurrir a los rituales de magia, estos siempre nos ayudan a lograr exitosamente los objetivos que queremos conseguir.<\/p>\n<p>Las limpiezas o rituales con jabones sirven para uso diario tanto del cuerpo como de las manos y toda tu energ\u00eda c\u00f3smica y aurica equilibrando tus chakras para as\u00ed cambiar de forma inmediata tu suerte. Su fabricaci\u00f3n y su composici\u00f3n son de forma 100% artesanal por lo que llevan la esencia y extracto natural para equilibrar tu energ\u00eda, en algunos jabones hierbas en su interior.<\/p>\n<p>&nbsp;<\/p>\n<p>&nbsp;<\/p>\n<p><strong>BAZAR\u00a0<\/strong><b>MERL\u00cdN<\/b><br \/>\n<strong>El Lugar M\u00e1s M\u00edstico de Guadalajara<\/strong><br \/>\n<strong>ENVIAMOS A TODO M\u00c9XICO<\/strong><\/p>\n<!-- AddThis Advanced Settings generic via filter on the_content --><!-- AddThis Share Buttons generic via filter on the_content -->","protected":false},"excerpt":{"rendered":"<p>JAB\u00d3N DE S\u00c1NDALO Atrae Protecci\u00f3n Fortuna Amor Y Salud. &nbsp; Hoy en d\u00eda el sandalo se sigue utilizando para atraer riquezas, ya que equilibra nuestras energ\u00edas y nos ayuda a llenar nuestras vidas de \u00e9xito y tranquilidad dado que el s\u00e1ndalo es un im\u00e1n de paz, amor, dinero y sobre todo espiritualidad. El jab\u00f3n de&hellip;<!-- AddThis Advanced Settings generic via filter on get_the_excerpt --><!-- AddThis Share Buttons generic via filter on get_the_excerpt --><\/p>\n","protected":false},"featured_media":10233,"template":"","meta":[],"product_cat":[14],"product_tag":[264,894,57,1524],"_links":{"self":[{"href":"https:\/\/www.bazarmerlin.com\/inicio\/wp-json\/wp\/v2\/product\/6289"}],"collection":[{"href":"https:\/\/www.bazarmerlin.com\/inicio\/wp-json\/wp\/v2\/product"}],"about":[{"href":"https:\/\/www.bazarmerlin.com\/inicio\/wp-json\/wp\/v2\/types\/product"}],"wp:featuredmedia":[{"embeddable":true,"href":"https:\/\/www.bazarmerlin.com\/inicio\/wp-json\/wp\/v2\/media\/10233"}],"wp:attachment":[{"href":"https:\/\/www.bazarmerlin.com\/inicio\/wp-json\/wp\/v2\/media?parent=6289"}],"wp:term":[{"taxonomy":"product_cat","embeddable":true,"href":"https:\/\/www.bazarmerlin.com\/inicio\/wp-json\/wp\/v2\/product_cat?post=6289"},{"taxonomy":"product_tag","embeddable":true,"href":"https:\/\/www.bazarmerlin.com\/inicio\/wp-json\/wp\/v2\/product_tag?post=6289"}],"curies":[{"name":"wp","href":"https:\/\/api.w.org\/{rel}","templated":true}]}}