{"id":6293,"date":"2016-01-02T21:23:42","date_gmt":"2016-01-02T21:23:42","guid":{"rendered":"https:\/\/www.bazarmerlin.com\/inicio\/?post_type=product&#038;p=6293"},"modified":"2022-12-16T23:18:26","modified_gmt":"2022-12-16T23:18:26","slug":"el-sonido-magico-de-los-cuencos-y-campanas-tibetanos","status":"publish","type":"product","link":"https:\/\/www.bazarmerlin.com\/inicio\/producto\/el-sonido-magico-de-los-cuencos-y-campanas-tibetanos\/","title":{"rendered":"El Sonido Magico De Los Cuencos Y Campanas Tibetanos"},"content":{"rendered":"<p><strong>El Sonido Magico De Los Cuencos Y Campanas Tibetanos<\/strong><br \/>\n<strong>PEDRO PALAO PONS<\/strong><\/p>\n<p>&nbsp;<\/p>\n<p>All\u00e1 donde dirijamos la mirada, comprobaremos que la vida vibra. Gaia, nuestra madre Tierra, ha recibido de la madre Naturaleza unas leyes que hasta hace muy poco tiempo solo algunas personas sab\u00edan observar.<\/p>\n<p>Los cuencos y campanas del T\u00edbet producen determinadas vibraciones que nos permiten acceder a otros estados de conciencia. A trav\u00e9s de la audici\u00f3n de estos sonidos, siempre y cuando el coraz\u00f3n y la mente se sintonicen, es posible conseguir resultados sorprendentes.<\/p>\n<p>Te invitamos a practicar con los cuencos y campanas tibetanos, para que, a trav\u00e9s de ellos, explores unas energ\u00edas vibratorias que nunca olvidar\u00e1s.<\/p>\n<p>&nbsp;<\/p>\n<p>&nbsp;<\/p>\n<p><strong>BAZAR MERLIN<\/strong><br \/>\n<strong>El Lugar M\u00e1s M\u00edstico de Guadalajara<\/strong><br \/>\n<strong>ENVIAMOS A TODO M\u00c9XICO<\/strong><\/p>\n<!-- AddThis Advanced Settings generic via filter on the_content --><!-- AddThis Share Buttons generic via filter on the_content -->","protected":false},"excerpt":{"rendered":"<p>El Sonido Magico De Los Cuencos Y Campanas Tibetanos PEDRO PALAO PONS &nbsp; All\u00e1 donde dirijamos la mirada, comprobaremos que la vida vibra. Gaia, nuestra madre Tierra, ha recibido de la madre Naturaleza unas leyes que hasta hace muy poco tiempo solo algunas personas sab\u00edan observar. Los cuencos y campanas del T\u00edbet producen determinadas vibraciones&hellip;<!-- AddThis Advanced Settings generic via filter on get_the_excerpt --><!-- AddThis Share Buttons generic via filter on get_the_excerpt --><\/p>\n","protected":false},"featured_media":11134,"template":"","meta":[],"product_cat":[13],"product_tag":[1525],"_links":{"self":[{"href":"https:\/\/www.bazarmerlin.com\/inicio\/wp-json\/wp\/v2\/product\/6293"}],"collection":[{"href":"https:\/\/www.bazarmerlin.com\/inicio\/wp-json\/wp\/v2\/product"}],"about":[{"href":"https:\/\/www.bazarmerlin.com\/inicio\/wp-json\/wp\/v2\/types\/product"}],"wp:featuredmedia":[{"embeddable":true,"href":"https:\/\/www.bazarmerlin.com\/inicio\/wp-json\/wp\/v2\/media\/11134"}],"wp:attachment":[{"href":"https:\/\/www.bazarmerlin.com\/inicio\/wp-json\/wp\/v2\/media?parent=6293"}],"wp:term":[{"taxonomy":"product_cat","embeddable":true,"href":"https:\/\/www.bazarmerlin.com\/inicio\/wp-json\/wp\/v2\/product_cat?post=6293"},{"taxonomy":"product_tag","embeddable":true,"href":"https:\/\/www.bazarmerlin.com\/inicio\/wp-json\/wp\/v2\/product_tag?post=6293"}],"curies":[{"name":"wp","href":"https:\/\/api.w.org\/{rel}","templated":true}]}}