{"id":6300,"date":"2016-01-05T01:03:38","date_gmt":"2016-01-05T01:03:38","guid":{"rendered":"https:\/\/www.bazarmerlin.com\/inicio\/?post_type=product&#038;p=6300"},"modified":"2022-12-06T23:42:53","modified_gmt":"2022-12-06T23:42:53","slug":"locion-doble-suerte-aumenta-tu-buena-suerte-en-todo","status":"publish","type":"product","link":"https:\/\/www.bazarmerlin.com\/inicio\/producto\/locion-doble-suerte-aumenta-tu-buena-suerte-en-todo\/","title":{"rendered":"Locion Doble Suerte &#8211; Buena Suerte En Todo, Amor Y Comercio"},"content":{"rendered":"<h3><strong>COLONIA DOBLE SUERTE<\/strong><\/h3>\n<p>&nbsp;<\/p>\n<p>Logra desbloquear todo da\u00f1o que se encuentre en su persona lo que conlleva a equilibrar su energ\u00eda y as\u00ed aumentar su buena suerte<\/p>\n<p>ELABORADA POR SANTEROS CON EXTRACTOS DE HIERBAS Y ACEITES ESENCIALES<\/p>\n<p>La fragancia de esta fina colonia le dar\u00e1 el poder para atraer la buena fortuna en los negocios y juegos de azar para el amor, \u00faselo con abundancia en su persona; en su negocio, como aromatizante<\/p>\n<p>Al utilizar esta poderosa colonia usted podr\u00e1 alcanzar sus principales metas y objetivos de la manera m\u00e1s f\u00e1cil, adem\u00e1s de tener un agradable aroma<\/p>\n<p>&nbsp;<\/p>\n<p>&nbsp;<\/p>\n<p><strong>BAZAR MERLIN<\/strong><br \/>\n<strong>El Lugar M\u00e1s M\u00edstico de Guadalajara<\/strong><br \/>\n<strong>ENVIAMOS A TODO M\u00c9XICO<\/strong><\/p>\n<!-- AddThis Advanced Settings generic via filter on the_content --><!-- AddThis Share Buttons generic via filter on the_content -->","protected":false},"excerpt":{"rendered":"<p>COLONIA DOBLE SUERTE &nbsp; Logra desbloquear todo da\u00f1o que se encuentre en su persona lo que conlleva a equilibrar su energ\u00eda y as\u00ed aumentar su buena suerte ELABORADA POR SANTEROS CON EXTRACTOS DE HIERBAS Y ACEITES ESENCIALES La fragancia de esta fina colonia le dar\u00e1 el poder para atraer la buena fortuna en los negocios&hellip;<!-- AddThis Advanced Settings generic via filter on get_the_excerpt --><!-- AddThis Share Buttons generic via filter on get_the_excerpt --><\/p>\n","protected":false},"featured_media":10983,"template":"","meta":[],"product_cat":[20],"product_tag":[1528,266,1527],"_links":{"self":[{"href":"https:\/\/www.bazarmerlin.com\/inicio\/wp-json\/wp\/v2\/product\/6300"}],"collection":[{"href":"https:\/\/www.bazarmerlin.com\/inicio\/wp-json\/wp\/v2\/product"}],"about":[{"href":"https:\/\/www.bazarmerlin.com\/inicio\/wp-json\/wp\/v2\/types\/product"}],"wp:featuredmedia":[{"embeddable":true,"href":"https:\/\/www.bazarmerlin.com\/inicio\/wp-json\/wp\/v2\/media\/10983"}],"wp:attachment":[{"href":"https:\/\/www.bazarmerlin.com\/inicio\/wp-json\/wp\/v2\/media?parent=6300"}],"wp:term":[{"taxonomy":"product_cat","embeddable":true,"href":"https:\/\/www.bazarmerlin.com\/inicio\/wp-json\/wp\/v2\/product_cat?post=6300"},{"taxonomy":"product_tag","embeddable":true,"href":"https:\/\/www.bazarmerlin.com\/inicio\/wp-json\/wp\/v2\/product_tag?post=6300"}],"curies":[{"name":"wp","href":"https:\/\/api.w.org\/{rel}","templated":true}]}}