{"id":6310,"date":"2016-01-05T20:57:33","date_gmt":"2016-01-05T20:57:33","guid":{"rendered":"https:\/\/www.bazarmerlin.com\/inicio\/?post_type=product&#038;p=6310"},"modified":"2022-12-02T00:55:12","modified_gmt":"2022-12-02T00:55:12","slug":"locion-abrecaminos-en-suerte-exito-amor-y-mas","status":"publish","type":"product","link":"https:\/\/www.bazarmerlin.com\/inicio\/producto\/locion-abrecaminos-en-suerte-exito-amor-y-mas\/","title":{"rendered":"Locion Abrecaminos &#8211; En Suerte, Exito, Amor Y Mas"},"content":{"rendered":"<p><strong>LOCI\u00d3N ABRECAMINOS<\/strong><br \/>\n<strong>Te ayuda a abrir 21 caminos&#8230; Aprovecha env\u00edo gratis<\/strong><\/p>\n<p>&nbsp;<\/p>\n<p>Presentaci\u00f3n: 100 ml.<\/p>\n<p>ATRAE DINERO, SUERTE, \u00c9XITO, AMOR Y SALUD<\/p>\n<p>Especial para abrir los caminos hacia el \u00c9XITO, FELICIDAD, DINERO, TRABAJO, ABUNDANCIA y DICHA,<\/p>\n<p>Sirve para desbloquear problemas que parec\u00edan atrancados, sin soluci\u00f3n posible, proporciona un cambio que nos abre una nueva visi\u00f3n, vemos el camino libre donde antes no \u00e9ramos capaces de percibirlo, esta loci\u00f3n es capaz de cambiar a la persona, si es necesario para su apertura de nuevos caminos.<\/p>\n<p>&nbsp;<\/p>\n<p>&nbsp;<\/p>\n<p><strong>BAZAR MERLIN<\/strong><br \/>\n<strong>El Lugar M\u00e1s M\u00edstico de Guadalajara<\/strong><br \/>\n<strong>ENVIAMOS A TODO M\u00c9XICO<\/strong><\/p>\n<!-- AddThis Advanced Settings generic via filter on the_content --><!-- AddThis Share Buttons generic via filter on the_content -->","protected":false},"excerpt":{"rendered":"<p>LOCI\u00d3N ABRECAMINOS Te ayuda a abrir 21 caminos&#8230; Aprovecha env\u00edo gratis &nbsp; Presentaci\u00f3n: 100 ml. ATRAE DINERO, SUERTE, \u00c9XITO, AMOR Y SALUD Especial para abrir los caminos hacia el \u00c9XITO, FELICIDAD, DINERO, TRABAJO, ABUNDANCIA y DICHA, Sirve para desbloquear problemas que parec\u00edan atrancados, sin soluci\u00f3n posible, proporciona un cambio que nos abre una nueva visi\u00f3n,&hellip;<!-- AddThis Advanced Settings generic via filter on get_the_excerpt --><!-- AddThis Share Buttons generic via filter on get_the_excerpt --><\/p>\n","protected":false},"featured_media":10942,"template":"","meta":[],"product_cat":[20],"product_tag":[1531,1530,50,1529],"_links":{"self":[{"href":"https:\/\/www.bazarmerlin.com\/inicio\/wp-json\/wp\/v2\/product\/6310"}],"collection":[{"href":"https:\/\/www.bazarmerlin.com\/inicio\/wp-json\/wp\/v2\/product"}],"about":[{"href":"https:\/\/www.bazarmerlin.com\/inicio\/wp-json\/wp\/v2\/types\/product"}],"wp:featuredmedia":[{"embeddable":true,"href":"https:\/\/www.bazarmerlin.com\/inicio\/wp-json\/wp\/v2\/media\/10942"}],"wp:attachment":[{"href":"https:\/\/www.bazarmerlin.com\/inicio\/wp-json\/wp\/v2\/media?parent=6310"}],"wp:term":[{"taxonomy":"product_cat","embeddable":true,"href":"https:\/\/www.bazarmerlin.com\/inicio\/wp-json\/wp\/v2\/product_cat?post=6310"},{"taxonomy":"product_tag","embeddable":true,"href":"https:\/\/www.bazarmerlin.com\/inicio\/wp-json\/wp\/v2\/product_tag?post=6310"}],"curies":[{"name":"wp","href":"https:\/\/api.w.org\/{rel}","templated":true}]}}