{"id":641,"date":"2015-06-30T19:55:22","date_gmt":"2015-06-30T19:55:22","guid":{"rendered":"https:\/\/www.bazarmerlin.com\/inicio\/?post_type=product&#038;p=641"},"modified":"2022-10-24T23:38:01","modified_gmt":"2022-10-24T23:38:01","slug":"tarot-necronomicon-78-cartas-y-folleto-con-instrucciones","status":"publish","type":"product","link":"https:\/\/www.bazarmerlin.com\/inicio\/producto\/tarot-necronomicon-78-cartas-y-folleto-con-instrucciones\/","title":{"rendered":"Tarot Necronomic\u00f3n \u2013 Cartas Y Libro \u2013 Donald Tyson"},"content":{"rendered":"<p><strong>TAROT\u00a0 NECRONOMICON<\/strong><br \/>\n<strong>CARTAS Y LIBRO<\/strong><br \/>\n<strong>DONALD TYSON<\/strong><\/p>\n<p>&nbsp;<\/p>\n<p>A principios del siglo XX, el legendario escritor de terror H.P. Lovecraft describi\u00f3 un tomo antiguo como \u201cel inmencionable Necronomic\u00f3n del \u00e1rabe loco Abdul Alhazred. . . un libro que nunca hab\u00eda visto, pero del cual hab\u00eda o\u00eddo susurrar cosas monstruosas.\u201d A principios del siglo XXI, el exitoso autor Donald Tyson entreteji\u00f3 la mir\u00edada de rumores y susurros del terrible grimorio de Lovecraft en las \u00e9picas novelas de fantas\u00eda Necronomicon y Alhazred. Concebido como una trilog\u00eda, este tarot completa el formidable trabajo de Tyson.<\/p>\n<p>El Necronomicon Tarot da vida a las fantasmag\u00f3ricas andanzas por el desierto de Alhazred en una baraja asombrosamente visceral y un libro complementario. Setenta y ocho ilustraciones cautivadoras de la artista de fantas\u00eda Anne Stokes capturan el mundo m\u00edtico y monstruoso del Necronomicon de Tyson sin dejar de ser fieles a la estructura subyacente y la tradici\u00f3n del tarot. Prep\u00e1rate para entrar en un mundo donde el poeta maldito y atormentado deambula en busca de la magia m\u00e1s grande y oscura: la adivinaci\u00f3n con los muertos.<\/p>\n<p>Este kit incluye una baraja de tarot de 78 cartas con una bolsa de organd\u00ed negra y un libro de tarot complementario de 240 p\u00e1ginas.<\/p>\n<p>&nbsp;<\/p>\n<p>&nbsp;<\/p>\n<p><strong>BAZAR MERLIN\u00ae<\/strong><br \/>\n<strong>El Lugar M\u00e1s M\u00edstico de Guadalajara<\/strong><br \/>\n<strong>ENVIAMOS A TODO M\u00c9XICO\u2026<\/strong><\/p>\n<!-- AddThis Advanced Settings generic via filter on the_content --><!-- AddThis Share Buttons generic via filter on the_content -->","protected":false},"excerpt":{"rendered":"<p>TAROT\u00a0 NECRONOMICON CARTAS Y LIBRO DONALD TYSON &nbsp; A principios del siglo XX, el legendario escritor de terror H.P. Lovecraft describi\u00f3 un tomo antiguo como \u201cel inmencionable Necronomic\u00f3n del \u00e1rabe loco Abdul Alhazred. . . un libro que nunca hab\u00eda visto, pero del cual hab\u00eda o\u00eddo susurrar cosas monstruosas.\u201d A principios del siglo XXI, el&hellip;<!-- AddThis Advanced Settings generic via filter on get_the_excerpt --><!-- AddThis Share Buttons generic via filter on get_the_excerpt --><\/p>\n","protected":false},"featured_media":10562,"template":"","meta":[],"product_cat":[15],"product_tag":[605],"_links":{"self":[{"href":"https:\/\/www.bazarmerlin.com\/inicio\/wp-json\/wp\/v2\/product\/641"}],"collection":[{"href":"https:\/\/www.bazarmerlin.com\/inicio\/wp-json\/wp\/v2\/product"}],"about":[{"href":"https:\/\/www.bazarmerlin.com\/inicio\/wp-json\/wp\/v2\/types\/product"}],"wp:featuredmedia":[{"embeddable":true,"href":"https:\/\/www.bazarmerlin.com\/inicio\/wp-json\/wp\/v2\/media\/10562"}],"wp:attachment":[{"href":"https:\/\/www.bazarmerlin.com\/inicio\/wp-json\/wp\/v2\/media?parent=641"}],"wp:term":[{"taxonomy":"product_cat","embeddable":true,"href":"https:\/\/www.bazarmerlin.com\/inicio\/wp-json\/wp\/v2\/product_cat?post=641"},{"taxonomy":"product_tag","embeddable":true,"href":"https:\/\/www.bazarmerlin.com\/inicio\/wp-json\/wp\/v2\/product_tag?post=641"}],"curies":[{"name":"wp","href":"https:\/\/api.w.org\/{rel}","templated":true}]}}