{"id":661,"date":"2015-07-01T17:25:15","date_gmt":"2015-07-01T17:25:15","guid":{"rendered":"https:\/\/www.bazarmerlin.com\/inicio\/?post_type=product&#038;p=661"},"modified":"2023-08-19T00:52:07","modified_gmt":"2023-08-19T00:52:07","slug":"oraculo-mensaje-de-los-angeles-doreen-virtue-44-cartas","status":"publish","type":"product","link":"https:\/\/www.bazarmerlin.com\/inicio\/producto\/oraculo-mensaje-de-los-angeles-doreen-virtue-44-cartas\/","title":{"rendered":"Oraculo Mensajes De Tus Angeles &#8211; Doreen Virtue &#8211; 44 Cartas"},"content":{"rendered":"<p><strong>OR\u00c1CULO MENSAJES DE TUS \u00c1NGELES<\/strong><br \/>\n<strong>44 CARTAS Y LIBRO MANUAL.<\/strong><\/p>\n<p>&nbsp;<\/p>\n<p>AUTOR: DOREEN VIRTUE<\/p>\n<p>Esta gu\u00eda de instrucciones y las 44 cartas del Or\u00e1culo est\u00e1 cargada de la energ\u00eda de la luz y del amor divinos, y ten la certeza de que es sorprendentemente precisa. Cada carta incluye la imagen de un precioso \u00e1ngel, que te aporta un mensaje especial.<\/p>\n<p>Todas las cartas te permitir\u00e1n realizar una lectura extraordinariamente fiel tanto para ti como para otras personas.Os ayudar\u00e1n a conocer cu\u00e1l es el prop\u00f3sito de vuestras vidas, a saber si ten\u00e9is o no un alma gemela, a qu\u00e9 hacer con vuestra situaci\u00f3n laboral y otras cuestiones importantes de la vida.<\/p>\n<p>&nbsp;<\/p>\n<p>&nbsp;<\/p>\n<p><strong>BAZAR\u00a0<\/strong><b>MERL\u00cdN<\/b><br \/>\n<strong>El Lugar M\u00e1s M\u00edstico de Guadalajara<\/strong><br \/>\n<strong>ENVIAMOS A TODO M\u00c9XICO<\/strong><\/p>\n<!-- AddThis Advanced Settings generic via filter on the_content --><!-- AddThis Share Buttons generic via filter on the_content -->","protected":false},"excerpt":{"rendered":"<p>OR\u00c1CULO MENSAJES DE TUS \u00c1NGELES 44 CARTAS Y LIBRO MANUAL. &nbsp; AUTOR: DOREEN VIRTUE Esta gu\u00eda de instrucciones y las 44 cartas del Or\u00e1culo est\u00e1 cargada de la energ\u00eda de la luz y del amor divinos, y ten la certeza de que es sorprendentemente precisa. Cada carta incluye la imagen de un precioso \u00e1ngel, que&hellip;<!-- AddThis Advanced Settings generic via filter on get_the_excerpt --><!-- AddThis Share Buttons generic via filter on get_the_excerpt --><\/p>\n","protected":false},"featured_media":10454,"template":"","meta":[],"product_cat":[15],"product_tag":[129,606],"_links":{"self":[{"href":"https:\/\/www.bazarmerlin.com\/inicio\/wp-json\/wp\/v2\/product\/661"}],"collection":[{"href":"https:\/\/www.bazarmerlin.com\/inicio\/wp-json\/wp\/v2\/product"}],"about":[{"href":"https:\/\/www.bazarmerlin.com\/inicio\/wp-json\/wp\/v2\/types\/product"}],"wp:featuredmedia":[{"embeddable":true,"href":"https:\/\/www.bazarmerlin.com\/inicio\/wp-json\/wp\/v2\/media\/10454"}],"wp:attachment":[{"href":"https:\/\/www.bazarmerlin.com\/inicio\/wp-json\/wp\/v2\/media?parent=661"}],"wp:term":[{"taxonomy":"product_cat","embeddable":true,"href":"https:\/\/www.bazarmerlin.com\/inicio\/wp-json\/wp\/v2\/product_cat?post=661"},{"taxonomy":"product_tag","embeddable":true,"href":"https:\/\/www.bazarmerlin.com\/inicio\/wp-json\/wp\/v2\/product_tag?post=661"}],"curies":[{"name":"wp","href":"https:\/\/api.w.org\/{rel}","templated":true}]}}