{"id":663,"date":"2015-07-01T17:28:10","date_gmt":"2015-07-01T17:28:10","guid":{"rendered":"https:\/\/www.bazarmerlin.com\/inicio\/?post_type=product&#038;p=663"},"modified":"2022-10-22T00:04:24","modified_gmt":"2022-10-22T00:04:24","slug":"oraculo-de-sanacion-con-hadas-44-cartas-y-libro","status":"publish","type":"product","link":"https:\/\/www.bazarmerlin.com\/inicio\/producto\/oraculo-de-sanacion-con-hadas-44-cartas-y-libro\/","title":{"rendered":"Or\u00e1culo De Sanaci\u00f3n Con Hadas &#8211; 44 Cartas Y Libro"},"content":{"rendered":"<p><strong>OR\u00c1CULO DE SANACI\u00d3N CON HADAS &#8211; 44 CARTAS Y LIBRO<\/strong><\/p>\n<p>&nbsp;<\/p>\n<p>El Or\u00e1culo es una poderosa herramienta que permite aprovechar la sabidur\u00eda y el apoyo de los seres de luz que te rodean para obtener sanaci\u00f3n de cuerpo y alma.<\/p>\n<p>No solo los consejos de las hadas que caminan contigo en su mundo m\u00e1gico, sino lo que tienen para decirte y darte los dem\u00e1s, mediante el enlace que tienen con el mundo espiritual, recibiendo gu\u00eda y acompa\u00f1amiento en cada paso de tu vida, trat\u00e1ndote con amor y respeto.<\/p>\n<p>Aprende con el manual incluido, c\u00f3mo hacer lecturas certeras y fieles para ti y tus seres queridos, con la ayuda de las hadas m\u00e1gicas y del coro celestial, en armon\u00eda con el mundo. En conjunto de las hadas, auxiliares de los \u00e1ngeles sin tiempo que, en nombre de Dios, nuestro creador, velan por el transitar de los seres humanos en la Tierra, bendici\u00e9ndolos, acompa\u00f1\u00e1ndolos, gui\u00e1ndolos, protegi\u00e9ndolos y abri\u00e9ndoles los caminos para que mediante la ense\u00f1anza del transcurrir de su vida, sean sanos pr\u00f3speros, se acerquen a la perfecci\u00f3n y sean felices.<\/p>\n<p>&nbsp;<\/p>\n<p>&nbsp;<\/p>\n<p><b>BAZAR MERL\u00cdN\u00ae<\/b><br \/>\n<strong>El Lugar M\u00e1s M\u00edstico de Guadalajara<\/strong><br \/>\n<strong>ENVIAMOS A TODO M\u00c9XICO<\/strong><\/p>\n<!-- AddThis Advanced Settings generic via filter on the_content --><!-- AddThis Share Buttons generic via filter on the_content -->","protected":false},"excerpt":{"rendered":"<p>OR\u00c1CULO DE SANACI\u00d3N CON HADAS &#8211; 44 CARTAS Y LIBRO &nbsp; El Or\u00e1culo es una poderosa herramienta que permite aprovechar la sabidur\u00eda y el apoyo de los seres de luz que te rodean para obtener sanaci\u00f3n de cuerpo y alma. No solo los consejos de las hadas que caminan contigo en su mundo m\u00e1gico, sino&hellip;<!-- AddThis Advanced Settings generic via filter on get_the_excerpt --><!-- AddThis Share Buttons generic via filter on get_the_excerpt --><\/p>\n","protected":false},"featured_media":8287,"template":"","meta":[],"product_cat":[15],"product_tag":[608],"_links":{"self":[{"href":"https:\/\/www.bazarmerlin.com\/inicio\/wp-json\/wp\/v2\/product\/663"}],"collection":[{"href":"https:\/\/www.bazarmerlin.com\/inicio\/wp-json\/wp\/v2\/product"}],"about":[{"href":"https:\/\/www.bazarmerlin.com\/inicio\/wp-json\/wp\/v2\/types\/product"}],"wp:featuredmedia":[{"embeddable":true,"href":"https:\/\/www.bazarmerlin.com\/inicio\/wp-json\/wp\/v2\/media\/8287"}],"wp:attachment":[{"href":"https:\/\/www.bazarmerlin.com\/inicio\/wp-json\/wp\/v2\/media?parent=663"}],"wp:term":[{"taxonomy":"product_cat","embeddable":true,"href":"https:\/\/www.bazarmerlin.com\/inicio\/wp-json\/wp\/v2\/product_cat?post=663"},{"taxonomy":"product_tag","embeddable":true,"href":"https:\/\/www.bazarmerlin.com\/inicio\/wp-json\/wp\/v2\/product_tag?post=663"}],"curies":[{"name":"wp","href":"https:\/\/api.w.org\/{rel}","templated":true}]}}