{"id":673,"date":"2015-07-01T17:45:15","date_gmt":"2015-07-01T17:45:15","guid":{"rendered":"https:\/\/www.bazarmerlin.com\/inicio\/?post_type=product&#038;p=673"},"modified":"2022-10-20T23:25:56","modified_gmt":"2022-10-20T23:25:56","slug":"oraculo-sanacion-con-los-angeles-44-cartas-y-libro","status":"publish","type":"product","link":"https:\/\/www.bazarmerlin.com\/inicio\/producto\/oraculo-sanacion-con-los-angeles-44-cartas-y-libro\/","title":{"rendered":"Or\u00e1culo Sanaci\u00f3n Con Los \u00c1ngeles &#8211; 44 Cartas Y Libro"},"content":{"rendered":"<p><strong>Or\u00e1culo Sanaci\u00f3n Con Los \u00c1ngeles &#8211; 44 Cartas Y Libro<\/strong><\/p>\n<p>&nbsp;<\/p>\n<p>AUTOR: DOREEN VIRTUE<\/p>\n<p>Con este paquete de cartas ser\u00e1 m\u00e1s f\u00e1cil que hagas lecturas con \u00e1ngeles incre\u00edblemente atinadas, para ti y para otras personas. En cada carta aparece la hermosa pintura de un \u00e1ngel, junto con un bello mensaje.<\/p>\n<p>Estas cartas te ayudar\u00e1n a ti y a los dem\u00e1s para que sepan cu\u00e1l es su misi\u00f3n en esta vida, si esa persona es tu alma gemela o no, qu\u00e9 hacer con tu trabajo y las situaciones diarias, y otras cuestiones importantes de la vida.<\/p>\n<p>Doreen hizo las cartas con base a sus lecturas con \u00e1ngeles y us\u00f3 las preguntas que le hacen con m\u00e1s frecuencia y las respuestas de los \u00e1ngeles.<\/p>\n<p>&nbsp;<\/p>\n<p><strong>BAZAR MERLIN<\/strong><br \/>\n<strong>El Lugar M\u00e1s M\u00edstico de Guadalajara<\/strong><br \/>\n<strong>ENVIAMOS A TODO M\u00c9XICO\u2026<\/strong><\/p>\n<!-- AddThis Advanced Settings generic via filter on the_content --><!-- AddThis Share Buttons generic via filter on the_content -->","protected":false},"excerpt":{"rendered":"<p>Or\u00e1culo Sanaci\u00f3n Con Los \u00c1ngeles &#8211; 44 Cartas Y Libro &nbsp; AUTOR: DOREEN VIRTUE Con este paquete de cartas ser\u00e1 m\u00e1s f\u00e1cil que hagas lecturas con \u00e1ngeles incre\u00edblemente atinadas, para ti y para otras personas. En cada carta aparece la hermosa pintura de un \u00e1ngel, junto con un bello mensaje. Estas cartas te ayudar\u00e1n a&hellip;<!-- AddThis Advanced Settings generic via filter on get_the_excerpt --><!-- AddThis Share Buttons generic via filter on get_the_excerpt --><\/p>\n","protected":false},"featured_media":10466,"template":"","meta":[],"product_cat":[15],"product_tag":[610],"_links":{"self":[{"href":"https:\/\/www.bazarmerlin.com\/inicio\/wp-json\/wp\/v2\/product\/673"}],"collection":[{"href":"https:\/\/www.bazarmerlin.com\/inicio\/wp-json\/wp\/v2\/product"}],"about":[{"href":"https:\/\/www.bazarmerlin.com\/inicio\/wp-json\/wp\/v2\/types\/product"}],"wp:featuredmedia":[{"embeddable":true,"href":"https:\/\/www.bazarmerlin.com\/inicio\/wp-json\/wp\/v2\/media\/10466"}],"wp:attachment":[{"href":"https:\/\/www.bazarmerlin.com\/inicio\/wp-json\/wp\/v2\/media?parent=673"}],"wp:term":[{"taxonomy":"product_cat","embeddable":true,"href":"https:\/\/www.bazarmerlin.com\/inicio\/wp-json\/wp\/v2\/product_cat?post=673"},{"taxonomy":"product_tag","embeddable":true,"href":"https:\/\/www.bazarmerlin.com\/inicio\/wp-json\/wp\/v2\/product_tag?post=673"}],"curies":[{"name":"wp","href":"https:\/\/api.w.org\/{rel}","templated":true}]}}