{"id":675,"date":"2015-07-01T17:48:15","date_gmt":"2015-07-01T17:48:15","guid":{"rendered":"https:\/\/www.bazarmerlin.com\/inicio\/?post_type=product&#038;p=675"},"modified":"2022-10-19T23:23:11","modified_gmt":"2022-10-19T23:23:11","slug":"supremo-arte-de-echar-las-cartas-con-la-espanola","status":"publish","type":"product","link":"https:\/\/www.bazarmerlin.com\/inicio\/producto\/supremo-arte-de-echar-las-cartas-con-la-espanola\/","title":{"rendered":"Libro Supremo Arte De Echar Las Cartas &#8211; Espa\u00f1ola"},"content":{"rendered":"<p><strong>LIBRO EL SUPREMO ARTE DE ECHAR LAS CARTAS<\/strong><br \/>\n<strong>CON LA BARAJA ESPA\u00d1OLA Y OTROS NAIPES TRADICIONALES.<\/strong><\/p>\n<p>&nbsp;<\/p>\n<p>NOTA: No incleye la baraja.<\/p>\n<p>Incluye Tratado de La Cartomancia es el arte adivinatorio, com\u00fanmente llamado arte de echar o tirar las cartas. Se desconoce la \u00e9poca en que fueron inventados los naipes o cartas; tambi\u00e9n se ignoran el nombre y la nacionalidad del inventor.<\/p>\n<p>Todos los pueblos de Europa se han atribuido su invenci\u00f3n. En \u00e9sta obra explicaremos detalladamente el procedimiento que dio a conocer Etteilla, vali\u00e9ndose seg\u00fan afirma, de los mismos naipes que usaron los antiguos: por el m\u00e9todo del c\u00edrculo encantado, m\u00e9todo de la cruz de San Andr\u00e9s, m\u00e9todo de la gran pir\u00e1mide, m\u00e9todo de la gran estrella, m\u00e9todo de las gitanas, m\u00e9todo a la flamenca, m\u00e9todo mexicano, m\u00e9todo espa\u00f1ol y m\u00e9todo franc\u00e9s.<\/p>\n<p>N\u00famero de P\u00e1ginas 127<\/p>\n<p>&nbsp;<\/p>\n<p>&nbsp;<\/p>\n<p><strong>BAZAR\u00a0<\/strong><b>MERL\u00cdN<\/b><br \/>\n<strong>El Lugar M\u00e1s M\u00edstico de Guadalajara<\/strong><br \/>\n<strong>ENVIAMOS A TODO M\u00c9XICO<\/strong><\/p>\n<!-- AddThis Advanced Settings generic via filter on the_content --><!-- AddThis Share Buttons generic via filter on the_content -->","protected":false},"excerpt":{"rendered":"<p>LIBRO EL SUPREMO ARTE DE ECHAR LAS CARTAS CON LA BARAJA ESPA\u00d1OLA Y OTROS NAIPES TRADICIONALES. &nbsp; NOTA: No incleye la baraja. Incluye Tratado de La Cartomancia es el arte adivinatorio, com\u00fanmente llamado arte de echar o tirar las cartas. Se desconoce la \u00e9poca en que fueron inventados los naipes o cartas; tambi\u00e9n se ignoran&hellip;<!-- AddThis Advanced Settings generic via filter on get_the_excerpt --><!-- AddThis Share Buttons generic via filter on get_the_excerpt --><\/p>\n","protected":false},"featured_media":10425,"template":"","meta":[],"product_cat":[15],"product_tag":[612,611],"_links":{"self":[{"href":"https:\/\/www.bazarmerlin.com\/inicio\/wp-json\/wp\/v2\/product\/675"}],"collection":[{"href":"https:\/\/www.bazarmerlin.com\/inicio\/wp-json\/wp\/v2\/product"}],"about":[{"href":"https:\/\/www.bazarmerlin.com\/inicio\/wp-json\/wp\/v2\/types\/product"}],"wp:featuredmedia":[{"embeddable":true,"href":"https:\/\/www.bazarmerlin.com\/inicio\/wp-json\/wp\/v2\/media\/10425"}],"wp:attachment":[{"href":"https:\/\/www.bazarmerlin.com\/inicio\/wp-json\/wp\/v2\/media?parent=675"}],"wp:term":[{"taxonomy":"product_cat","embeddable":true,"href":"https:\/\/www.bazarmerlin.com\/inicio\/wp-json\/wp\/v2\/product_cat?post=675"},{"taxonomy":"product_tag","embeddable":true,"href":"https:\/\/www.bazarmerlin.com\/inicio\/wp-json\/wp\/v2\/product_tag?post=675"}],"curies":[{"name":"wp","href":"https:\/\/api.w.org\/{rel}","templated":true}]}}