{"id":697,"date":"2015-07-01T18:24:13","date_gmt":"2015-07-01T18:24:13","guid":{"rendered":"https:\/\/www.bazarmerlin.com\/inicio\/?post_type=product&#038;p=697"},"modified":"2022-10-25T23:54:19","modified_gmt":"2022-10-25T23:54:19","slug":"libro-del-tarot-de-marsella-tarot-de-los-bohemios","status":"publish","type":"product","link":"https:\/\/www.bazarmerlin.com\/inicio\/producto\/libro-del-tarot-de-marsella-tarot-de-los-bohemios\/","title":{"rendered":"Libro Del Tarot De Marsella &#8211; Tarot De Los Bohemios"},"content":{"rendered":"<p><strong>TAROT DE MARSELLA (TAROT DE LOS BOHEMIOS)<\/strong>.<\/p>\n<p>&nbsp;<\/p>\n<p>El conjunto de s\u00edmbolos que conocemos con el nombre de Tarot de Marsella, se halla distribuido en una serie de 78 l\u00e1minas o cartas, en vez de condensarse en una \u00fanica figura sint\u00e9tica. La raz\u00f3n que informa esta distribuci\u00f3n obedece a los m\u00faltiples significados ( a la vez teol\u00f3gicos y adivinatorios ) que contiene, y a que esta multiplicidad resulta de las combinaciones y permutaciones que puedan efectuarse con las 78 l\u00e1minas. Semejante disposici\u00f3n no es la menos atrayente de esta obra maestra, pues a ella se a\u00f1ade el movimiento, es decir la vida, que falta por lo general en todas las representaciones gr\u00e1ficas; esto sin contar con la variedad de sus manifestaciones que abarcan el n\u00famero, la palabra, la forma y el color. Esto es lo que nos dice Papus en esta obra que ha sido y es pilar fundamental para todos los estudiosos de ciencias ocultas.<\/p>\n<p>&nbsp;<\/p>\n<p>Medidas 14 x 20.5 \/ 5\u201d x 8\u201d. N\u00famero de P\u00e1ginas 297.<\/p>\n<p>&nbsp;<\/p>\n<p>&nbsp;<\/p>\n<p><strong>BAZAR MERLIN\u00ae<\/strong><br \/>\n<strong>El Lugar M\u00e1s M\u00edstico de Guadalajara<\/strong><br \/>\n<strong>ENVIAMOS A TODO M\u00c9XICO&#8230;<\/strong><\/p>\n<!-- AddThis Advanced Settings generic via filter on the_content --><!-- AddThis Share Buttons generic via filter on the_content -->","protected":false},"excerpt":{"rendered":"<p>TAROT DE MARSELLA (TAROT DE LOS BOHEMIOS). &nbsp; El conjunto de s\u00edmbolos que conocemos con el nombre de Tarot de Marsella, se halla distribuido en una serie de 78 l\u00e1minas o cartas, en vez de condensarse en una \u00fanica figura sint\u00e9tica. La raz\u00f3n que informa esta distribuci\u00f3n obedece a los m\u00faltiples significados ( a la&hellip;<!-- AddThis Advanced Settings generic via filter on get_the_excerpt --><!-- AddThis Share Buttons generic via filter on get_the_excerpt --><\/p>\n","protected":false},"featured_media":10423,"template":"","meta":[],"product_cat":[15],"product_tag":[613,614],"_links":{"self":[{"href":"https:\/\/www.bazarmerlin.com\/inicio\/wp-json\/wp\/v2\/product\/697"}],"collection":[{"href":"https:\/\/www.bazarmerlin.com\/inicio\/wp-json\/wp\/v2\/product"}],"about":[{"href":"https:\/\/www.bazarmerlin.com\/inicio\/wp-json\/wp\/v2\/types\/product"}],"wp:featuredmedia":[{"embeddable":true,"href":"https:\/\/www.bazarmerlin.com\/inicio\/wp-json\/wp\/v2\/media\/10423"}],"wp:attachment":[{"href":"https:\/\/www.bazarmerlin.com\/inicio\/wp-json\/wp\/v2\/media?parent=697"}],"wp:term":[{"taxonomy":"product_cat","embeddable":true,"href":"https:\/\/www.bazarmerlin.com\/inicio\/wp-json\/wp\/v2\/product_cat?post=697"},{"taxonomy":"product_tag","embeddable":true,"href":"https:\/\/www.bazarmerlin.com\/inicio\/wp-json\/wp\/v2\/product_tag?post=697"}],"curies":[{"name":"wp","href":"https:\/\/api.w.org\/{rel}","templated":true}]}}