{"id":7177,"date":"2017-08-09T23:40:05","date_gmt":"2017-08-09T23:40:05","guid":{"rendered":"https:\/\/www.bazarmerlin.com\/inicio\/?post_type=product&#038;p=7177"},"modified":"2022-10-11T20:44:06","modified_gmt":"2022-10-11T20:44:06","slug":"pentagrama-esoterico-oro-18-kilates-diametro-2-6-cm","status":"publish","type":"product","link":"https:\/\/www.bazarmerlin.com\/inicio\/producto\/pentagrama-esoterico-oro-18-kilates-diametro-2-6-cm\/","title":{"rendered":"Pentagrama Esot\u00e9rico Oro 18 Kilates &#8211; Di\u00e1metro 2.6 Cm"},"content":{"rendered":"<p><strong>PENTAGRAMA 18 KILATES<\/strong><br \/>\n<strong>PROTECCI\u00d3N TOTAL CONTRA DA\u00d1OS Y BRUJER\u00cdAS<\/strong><\/p>\n<p><em><strong>DI\u00c1METRO DE 2.6 CMS<\/strong><\/em><br \/>\n<em><strong>TOTALMENTE CON LA M\u00c1XIMA DEFINICI\u00d3N<\/strong><\/em><\/p>\n<p>&nbsp;<\/p>\n<p>Esta Elaborado Totalmente A Mano Y Consagrado Especialmente Para Ti Bajo Un Ritual Muy Poderoso Y De Verdadera Alta Magia.<\/p>\n<p>\u00bfPOR QUE ES TAN PODEROSO ESTE TALISMAN? Por La Simbolog\u00eda Que Encierra,<\/p>\n<p>Porque Se Prepara Y Ritualiza Con Decretos Y Rituales De Alta Magia Que Le Ayudan A Aumentar Su Poder De Protecci\u00f3n contra da\u00f1os, envidias y<br \/>\ncualquier tipo de TRABAJO DE MAGIA.<\/p>\n<p>El pentagrama expresa la dominaci\u00f3n del esp\u00edritu sobre los elementos de la Naturaleza. Con este signo m\u00e1gico podemos mandar a las criaturas elementales que pueblan las regiones del fuego, aire, agua y tierra. Atrae a tu vida el Amor que siempre so\u00f1aste, Salud Para Ti Y Tus Seres Queridos, Protecci\u00f3n Contra Accidentes y Brujer\u00edas, Abrirte Caminos En Todo Lo Que Emprendas Como La Riqueza Que Nunca Imaginaste.<\/p>\n<p>El Pentagrama Esot\u00e9rico con la punta superior hacia arriba sirve para hacer huir a los tenebrosos. Puesto en el umbral de la puerta con la punta superior hacia dentro y los dos \u00e1ngulos inferiores hacia fuera no permiten el paso a los magos negros.<br \/>\nEl Pentagrama es la Estrella Flam\u00edgera.<br \/>\nEl Pentagrama es el signo del VERBO HECHO CARNE.<\/p>\n<p>Este poderoso pentagrama o tetragramaton esta fabricado en ORO PURO DE 18 KILATES.<\/p>\n<p>NOTA IMPORTANTE: Este hermoso Dije se hace totalmente a mano por lo que su tiempo de fabricaci\u00f3n es de 2 a 3 d\u00edas h\u00e1biles aproximadamente, ya que se hace totalmente a mano, para que recibas una pieza TOTALMENTE NUEVA,<\/p>\n<p>DI\u00c1METRO DE 2.6 CMS<br \/>\nTOTALMENTE CON LA M\u00c1XIMA DEFINICI\u00d3N<\/p>\n<p>&nbsp;<\/p>\n<p>&nbsp;<\/p>\n<p><strong>BAZAR MERL\u00cdN<\/strong><br \/>\n<strong>El Lugar M\u00e1s M\u00edstico de Guadalajara<\/strong><br \/>\n<strong>ENVIAMOS A TODO M\u00c9XICO<\/strong><\/p>\n<!-- AddThis Advanced Settings generic via filter on the_content --><!-- AddThis Share Buttons generic via filter on the_content -->","protected":false},"excerpt":{"rendered":"<p>PENTAGRAMA 18 KILATES PROTECCI\u00d3N TOTAL CONTRA DA\u00d1OS Y BRUJER\u00cdAS DI\u00c1METRO DE 2.6 CMS TOTALMENTE CON LA M\u00c1XIMA DEFINICI\u00d3N &nbsp; Esta Elaborado Totalmente A Mano Y Consagrado Especialmente Para Ti Bajo Un Ritual Muy Poderoso Y De Verdadera Alta Magia. \u00bfPOR QUE ES TAN PODEROSO ESTE TALISMAN? Por La Simbolog\u00eda Que Encierra, Porque Se Prepara Y&hellip;<!-- AddThis Advanced Settings generic via filter on get_the_excerpt --><!-- AddThis Share Buttons generic via filter on get_the_excerpt --><\/p>\n","protected":false},"featured_media":10300,"template":"","meta":[],"product_cat":[14],"product_tag":[1544,1543],"_links":{"self":[{"href":"https:\/\/www.bazarmerlin.com\/inicio\/wp-json\/wp\/v2\/product\/7177"}],"collection":[{"href":"https:\/\/www.bazarmerlin.com\/inicio\/wp-json\/wp\/v2\/product"}],"about":[{"href":"https:\/\/www.bazarmerlin.com\/inicio\/wp-json\/wp\/v2\/types\/product"}],"wp:featuredmedia":[{"embeddable":true,"href":"https:\/\/www.bazarmerlin.com\/inicio\/wp-json\/wp\/v2\/media\/10300"}],"wp:attachment":[{"href":"https:\/\/www.bazarmerlin.com\/inicio\/wp-json\/wp\/v2\/media?parent=7177"}],"wp:term":[{"taxonomy":"product_cat","embeddable":true,"href":"https:\/\/www.bazarmerlin.com\/inicio\/wp-json\/wp\/v2\/product_cat?post=7177"},{"taxonomy":"product_tag","embeddable":true,"href":"https:\/\/www.bazarmerlin.com\/inicio\/wp-json\/wp\/v2\/product_tag?post=7177"}],"curies":[{"name":"wp","href":"https:\/\/api.w.org\/{rel}","templated":true}]}}