{"id":7180,"date":"2017-08-09T23:45:02","date_gmt":"2017-08-09T23:45:02","guid":{"rendered":"https:\/\/www.bazarmerlin.com\/inicio\/?post_type=product&#038;p=7180"},"modified":"2022-12-08T00:08:39","modified_gmt":"2022-12-08T00:08:39","slug":"perfume-contra-danos-y-envidias","status":"publish","type":"product","link":"https:\/\/www.bazarmerlin.com\/inicio\/producto\/perfume-contra-danos-y-envidias\/","title":{"rendered":"Perfume Contra Da\u00f1os Y Envidias"},"content":{"rendered":"<h3><strong>PERFUME CONTRA DA\u00d1O<\/strong><\/h3>\n<p>&nbsp;<\/p>\n<p>LIMPIE SU PERSONA De todo da\u00f1o negativo y malas vibras.<\/p>\n<p>Aplica esta loci\u00f3n diariamente antes de salir de casa, esta formula le ayudara a contrarrestar cualquier tipo de da\u00f1o en su persona.<br \/>\nQuite odios, envidias, pesares, fracasos<\/p>\n<p>OBTENGA EXCELENTES RESULTADOS<br \/>\nCon esta gran formula<br \/>\nSolo apl\u00edquelo en su persona, en su casa o negocio, para lograr quitar todo lo malo<\/p>\n<p>FORMULA CUBANA<br \/>\nEspecialmente preparado por santeros cubanos para retirar o rechazar todo da\u00f1o negativo, revierta cualquier trabajo o da\u00f1o en su persona.<\/p>\n<p>PERFUME CONTRA DA\u00d1OS<\/p>\n<p>&nbsp;<\/p>\n<p>&nbsp;<\/p>\n<p><strong>BAZAR MERLIN<\/strong><br \/>\n<strong>El Lugar M\u00e1s M\u00edstico de Guadalajara<\/strong><br \/>\n<strong>ENVIAMOS A TODO M\u00c9XICO <\/strong><\/p>\n<!-- AddThis Advanced Settings generic via filter on the_content --><!-- AddThis Share Buttons generic via filter on the_content -->","protected":false},"excerpt":{"rendered":"<p>PERFUME CONTRA DA\u00d1O &nbsp; LIMPIE SU PERSONA De todo da\u00f1o negativo y malas vibras. Aplica esta loci\u00f3n diariamente antes de salir de casa, esta formula le ayudara a contrarrestar cualquier tipo de da\u00f1o en su persona. Quite odios, envidias, pesares, fracasos OBTENGA EXCELENTES RESULTADOS Con esta gran formula Solo apl\u00edquelo en su persona, en su&hellip;<!-- AddThis Advanced Settings generic via filter on get_the_excerpt --><!-- AddThis Share Buttons generic via filter on get_the_excerpt --><\/p>\n","protected":false},"featured_media":11013,"template":"","meta":[],"product_cat":[20],"product_tag":[1545],"_links":{"self":[{"href":"https:\/\/www.bazarmerlin.com\/inicio\/wp-json\/wp\/v2\/product\/7180"}],"collection":[{"href":"https:\/\/www.bazarmerlin.com\/inicio\/wp-json\/wp\/v2\/product"}],"about":[{"href":"https:\/\/www.bazarmerlin.com\/inicio\/wp-json\/wp\/v2\/types\/product"}],"wp:featuredmedia":[{"embeddable":true,"href":"https:\/\/www.bazarmerlin.com\/inicio\/wp-json\/wp\/v2\/media\/11013"}],"wp:attachment":[{"href":"https:\/\/www.bazarmerlin.com\/inicio\/wp-json\/wp\/v2\/media?parent=7180"}],"wp:term":[{"taxonomy":"product_cat","embeddable":true,"href":"https:\/\/www.bazarmerlin.com\/inicio\/wp-json\/wp\/v2\/product_cat?post=7180"},{"taxonomy":"product_tag","embeddable":true,"href":"https:\/\/www.bazarmerlin.com\/inicio\/wp-json\/wp\/v2\/product_tag?post=7180"}],"curies":[{"name":"wp","href":"https:\/\/api.w.org\/{rel}","templated":true}]}}