{"id":7246,"date":"2017-09-21T00:26:21","date_gmt":"2017-09-21T00:26:21","guid":{"rendered":"https:\/\/www.bazarmerlin.com\/inicio\/?post_type=product&#038;p=7246"},"modified":"2024-04-05T00:14:02","modified_gmt":"2024-04-05T00:14:02","slug":"cristo-astral-en-chapa-de-oro-18-kilates-suerte-en-todo","status":"publish","type":"product","link":"https:\/\/www.bazarmerlin.com\/inicio\/producto\/cristo-astral-en-chapa-de-oro-18-kilates-suerte-en-todo\/","title":{"rendered":"Cristo Astral En Chapa De Oro 14 K. &#8211; Suerte En Todo"},"content":{"rendered":"<p><strong>CRISTO ASTRAL EN CHAPA DE ORO<\/strong><br \/>\n<strong>HECHO TOTALMENTE A MANO<\/strong><\/p>\n<p>&nbsp;<\/p>\n<p>Por fin puedes tener de ti y tus seres queridos toda la protecci\u00f3n y el poder del universo, esta es la oportunidad que estabas esperando, este cristo astral esta fabricado en plata con ba\u00f1o de oro y aleaci\u00f3n de 7 metales alqu\u00edmicos para darle un magnetismo de alto poder y tengas una joya como talism\u00e1n que desearas tener por siempre.<\/p>\n<p>Significado Del Cristo Astral: Los dos principales astros del universo en conjunci\u00f3n, con el magn\u00edfico poder y bondad de nuestro se\u00f1or Jesucristo, se re\u00fanen en uno de los mas poderosos objetos de protecci\u00f3n conocido ancestralmente como el Poderoso Cristo Astral.<\/p>\n<p>La cruz esta formada por la luna y el sol que representan el bien y el mal como al centro Jes\u00fas nuestro se\u00f1or que equilibra toda esa energ\u00eda y carga de fe este poderoso cristo astral.<\/p>\n<p>La parte de abajo de este poderoso cristo astral termina en punta que representa la poderosa espada flam\u00edgera de san Miguel Arc\u00e1ngel d\u00e1ndole fuerza para cortar cualquier da\u00f1o o mala racha ya que la figura de cristo magnifica este poderoso cristo astral ya que todo esto en conjunto equilibrar\u00e1 tu energ\u00eda.<\/p>\n<p>&nbsp;<\/p>\n<p>&nbsp;<\/p>\n<p>&nbsp;<\/p>\n<p><strong>BAZAR\u00a0<\/strong><b>MERL\u00cdN<\/b><br \/>\n<strong>El Lugar M\u00e1s M\u00edstico de Guadalajara<\/strong><br \/>\n<strong>ENVIAMOS A TODO M\u00c9XICO\u2026<\/strong><\/p>\n<!-- AddThis Advanced Settings generic via filter on the_content --><!-- AddThis Share Buttons generic via filter on the_content -->","protected":false},"excerpt":{"rendered":"<p>CRISTO ASTRAL EN CHAPA DE ORO HECHO TOTALMENTE A MANO &nbsp; Por fin puedes tener de ti y tus seres queridos toda la protecci\u00f3n y el poder del universo, esta es la oportunidad que estabas esperando, este cristo astral esta fabricado en plata con ba\u00f1o de oro y aleaci\u00f3n de 7 metales alqu\u00edmicos para darle&hellip;<!-- AddThis Advanced Settings generic via filter on get_the_excerpt --><!-- AddThis Share Buttons generic via filter on get_the_excerpt --><\/p>\n","protected":false},"featured_media":10605,"template":"","meta":[],"product_cat":[12],"product_tag":[1546,307],"_links":{"self":[{"href":"https:\/\/www.bazarmerlin.com\/inicio\/wp-json\/wp\/v2\/product\/7246"}],"collection":[{"href":"https:\/\/www.bazarmerlin.com\/inicio\/wp-json\/wp\/v2\/product"}],"about":[{"href":"https:\/\/www.bazarmerlin.com\/inicio\/wp-json\/wp\/v2\/types\/product"}],"wp:featuredmedia":[{"embeddable":true,"href":"https:\/\/www.bazarmerlin.com\/inicio\/wp-json\/wp\/v2\/media\/10605"}],"wp:attachment":[{"href":"https:\/\/www.bazarmerlin.com\/inicio\/wp-json\/wp\/v2\/media?parent=7246"}],"wp:term":[{"taxonomy":"product_cat","embeddable":true,"href":"https:\/\/www.bazarmerlin.com\/inicio\/wp-json\/wp\/v2\/product_cat?post=7246"},{"taxonomy":"product_tag","embeddable":true,"href":"https:\/\/www.bazarmerlin.com\/inicio\/wp-json\/wp\/v2\/product_tag?post=7246"}],"curies":[{"name":"wp","href":"https:\/\/api.w.org\/{rel}","templated":true}]}}