{"id":7278,"date":"2017-09-23T22:13:30","date_gmt":"2017-09-23T22:13:30","guid":{"rendered":"https:\/\/www.bazarmerlin.com\/inicio\/?post_type=product&#038;p=7278"},"modified":"2023-01-10T21:32:21","modified_gmt":"2023-01-10T21:32:21","slug":"anillo-en-pentagrama-masonico-en-plata-ley","status":"publish","type":"product","link":"https:\/\/www.bazarmerlin.com\/inicio\/producto\/anillo-en-pentagrama-masonico-en-plata-ley\/","title":{"rendered":"Anillo En Pentagrama Masonico En Plata Ley"},"content":{"rendered":"<h3><strong>PODEROSO ANILLO PENTAGRAMA MASONICO<\/strong><\/h3>\n<p>&nbsp;<\/p>\n<p>ELABORADO EN PLATA TOTALMENTE A MANO CON ALEACI\u00d3N DE 7 METALES PARA GARANTIZARTE PROTECCI\u00d3N AL M\u00c1XIMO.<\/p>\n<p>ATRAE A TU VIDA EL AMOR, SALUD, PROTECCI\u00d3N COMO LA RIQUEZA COMO NUNCA JAMAS IMAGINASTE.<br \/>\nPOR MEDIO DEL PODEROSO PENTAGRAMA MASONICO.<\/p>\n<p>El pentagrama expresa la dominaci\u00f3n del esp\u00edritu sobre los elementos de la Naturaleza. Con este signo m\u00e1gico podemos mandar a las criaturas elementales que pueblan las regiones del fuego, aire, agua y tierra.<\/p>\n<p>Ante este s\u00edmbolo Tiembla Cualquier Demonio y huye aterrorizado.<\/p>\n<p>El Pentagrama Esot\u00e9rico con la punta superior hacia arriba sirve para hacer huir a los tenebrosos. Puesto en el umbral de la puerta con la punta superior hacia dentro y los dos \u00e1ngulos inferiores hacia fuera no permiten el paso a los magos negros. El Pentagrama es la Estrella Flam\u00edgera.<\/p>\n<p>El Pentagrama es el signo del VERBO HECHO CARNE<\/p>\n<p>Seg\u00fan la direcci\u00f3n de sus rayos puede representar a Dios y su fuerza divina. Cuando el pentagrama eleva su rayo superior, representa a Cristo.<\/p>\n<p>Este poderoso pentagrama o tetragrammaton contiene una aleaci\u00f3n de siete metales que corresponden a los siete planetas esot\u00e9ricos:<\/p>\n<p>Plata para la Luna<br \/>\nMercurio para Mercurio<br \/>\nCobre para Venus<br \/>\nOro para el Sol<br \/>\nHierro para Marte<br \/>\nEsta\u00f1o para J\u00fapiter<br \/>\nPlomo para Saturno<\/p>\n<p>Nuestro PODEROSO ANILLO SE ENTREGA DEBIDAMENTE RITUALIZADO Y CONSAGRADO PARA PODERTE GARANTIZAR \u00c9XITO SEGURO EN TODO LO QUE EMPRENDAS, Ya que se consagra y se personaliza para ayudar a cambiar tu mala suerte en \u00e9xito seguro. Indica tu lugar y fecha de nacimiento.<\/p>\n<p>Fabricado en plata ley de la mas fina LEY .999 (como la de la onza troy de plata) y una aleaci\u00f3n de 7 metales virgenes para garantizarte \u00e9xito seguro en todo, Ademas Se entrega debidamente ritualizado y magnetizado si lo adquieres ahora.<\/p>\n<p>NOTA : ESTE PODEROSO DIJE SE ENTREGA DEBIDAMENTE RITUALIZADO Y MAGNETIZADO PARA ABRIR CAMINOS EN AMOR DINERO Y SALUD COMO CORTAR CUALQUIER DA\u00d1O DE FORMA INMEDIATA CAMBIA TU VIDA YA.<\/p>\n<p>&nbsp;<\/p>\n<p>&nbsp;<\/p>\n<p><strong>BAZAR MERLIN<\/strong><br \/>\n<strong>El Lugar M\u00e1s M\u00edstico de Guadalajara<\/strong><br \/>\n<strong>ENVIAMOS A TODO M\u00c9XICO<\/strong><\/p>\n<!-- AddThis Advanced Settings generic via filter on the_content --><!-- AddThis Share Buttons generic via filter on the_content -->","protected":false},"excerpt":{"rendered":"<p>PODEROSO ANILLO PENTAGRAMA MASONICO &nbsp; ELABORADO EN PLATA TOTALMENTE A MANO CON ALEACI\u00d3N DE 7 METALES PARA GARANTIZARTE PROTECCI\u00d3N AL M\u00c1XIMO. ATRAE A TU VIDA EL AMOR, SALUD, PROTECCI\u00d3N COMO LA RIQUEZA COMO NUNCA JAMAS IMAGINASTE. POR MEDIO DEL PODEROSO PENTAGRAMA MASONICO. El pentagrama expresa la dominaci\u00f3n del esp\u00edritu sobre los elementos de la Naturaleza.&hellip;<!-- AddThis Advanced Settings generic via filter on get_the_excerpt --><!-- AddThis Share Buttons generic via filter on get_the_excerpt --><\/p>\n","protected":false},"featured_media":11462,"template":"","meta":[],"product_cat":[23],"product_tag":[1549],"_links":{"self":[{"href":"https:\/\/www.bazarmerlin.com\/inicio\/wp-json\/wp\/v2\/product\/7278"}],"collection":[{"href":"https:\/\/www.bazarmerlin.com\/inicio\/wp-json\/wp\/v2\/product"}],"about":[{"href":"https:\/\/www.bazarmerlin.com\/inicio\/wp-json\/wp\/v2\/types\/product"}],"wp:featuredmedia":[{"embeddable":true,"href":"https:\/\/www.bazarmerlin.com\/inicio\/wp-json\/wp\/v2\/media\/11462"}],"wp:attachment":[{"href":"https:\/\/www.bazarmerlin.com\/inicio\/wp-json\/wp\/v2\/media?parent=7278"}],"wp:term":[{"taxonomy":"product_cat","embeddable":true,"href":"https:\/\/www.bazarmerlin.com\/inicio\/wp-json\/wp\/v2\/product_cat?post=7278"},{"taxonomy":"product_tag","embeddable":true,"href":"https:\/\/www.bazarmerlin.com\/inicio\/wp-json\/wp\/v2\/product_tag?post=7278"}],"curies":[{"name":"wp","href":"https:\/\/api.w.org\/{rel}","templated":true}]}}