{"id":730,"date":"2015-07-02T17:26:57","date_gmt":"2015-07-02T17:26:57","guid":{"rendered":"https:\/\/www.bazarmerlin.com\/inicio\/?post_type=product&#038;p=730"},"modified":"2022-10-25T22:18:04","modified_gmt":"2022-10-25T22:18:04","slug":"tarot-rohrig-contiene-libro-y-78-cartas","status":"publish","type":"product","link":"https:\/\/www.bazarmerlin.com\/inicio\/producto\/tarot-rohrig-contiene-libro-y-78-cartas\/","title":{"rendered":"Tarot R\u00f6hrig &#8211; Contiene 78 Cartas Y Libro"},"content":{"rendered":"<p><strong>EL TAROT ROHRIG (ESTUCHE)<\/strong><br \/>\n<strong>78 CARTAS Y LIBRO<\/strong><\/p>\n<p>&nbsp;<\/p>\n<p>El famoso pintor alem\u00e1sn Carl W R\u00f6hrig ha creado un tarot que seduce por su estilo extravagante y en ocasiones surrealista, jugando con los s\u00edmbolos y las formas y haciendo gala de una gran fantas\u00eda. El libro de Francesca Marzano-Fritz, incluido en el pack, interpreta los Arcanos Mayores del Tarot de R\u00f6hrig y da claras indicaciones para entender las cartas restantes.<\/p>\n<p>Este estuche contiene as\u00ed, un libro de 120 p\u00e1ginas y una baraja de tarot con 78 cartas.<\/p>\n<p>&nbsp;<\/p>\n<p>&nbsp;<\/p>\n<p><strong>BAZAR MERLIN<\/strong><br \/>\n<strong>El Lugar M\u00e1s M\u00edstico de Guadalajara<\/strong><br \/>\n<strong>ENVIAMOS A TODO M\u00c9XICO<\/strong><\/p>\n<!-- AddThis Advanced Settings generic via filter on the_content --><!-- AddThis Share Buttons generic via filter on the_content -->","protected":false},"excerpt":{"rendered":"<p>EL TAROT ROHRIG (ESTUCHE) 78 CARTAS Y LIBRO &nbsp; El famoso pintor alem\u00e1sn Carl W R\u00f6hrig ha creado un tarot que seduce por su estilo extravagante y en ocasiones surrealista, jugando con los s\u00edmbolos y las formas y haciendo gala de una gran fantas\u00eda. El libro de Francesca Marzano-Fritz, incluido en el pack, interpreta los&hellip;<!-- AddThis Advanced Settings generic via filter on get_the_excerpt --><!-- AddThis Share Buttons generic via filter on get_the_excerpt --><\/p>\n","protected":false},"featured_media":10577,"template":"","meta":[],"product_cat":[15],"product_tag":[619,618],"_links":{"self":[{"href":"https:\/\/www.bazarmerlin.com\/inicio\/wp-json\/wp\/v2\/product\/730"}],"collection":[{"href":"https:\/\/www.bazarmerlin.com\/inicio\/wp-json\/wp\/v2\/product"}],"about":[{"href":"https:\/\/www.bazarmerlin.com\/inicio\/wp-json\/wp\/v2\/types\/product"}],"wp:featuredmedia":[{"embeddable":true,"href":"https:\/\/www.bazarmerlin.com\/inicio\/wp-json\/wp\/v2\/media\/10577"}],"wp:attachment":[{"href":"https:\/\/www.bazarmerlin.com\/inicio\/wp-json\/wp\/v2\/media?parent=730"}],"wp:term":[{"taxonomy":"product_cat","embeddable":true,"href":"https:\/\/www.bazarmerlin.com\/inicio\/wp-json\/wp\/v2\/product_cat?post=730"},{"taxonomy":"product_tag","embeddable":true,"href":"https:\/\/www.bazarmerlin.com\/inicio\/wp-json\/wp\/v2\/product_tag?post=730"}],"curies":[{"name":"wp","href":"https:\/\/api.w.org\/{rel}","templated":true}]}}