{"id":738,"date":"2015-07-02T17:40:58","date_gmt":"2015-07-02T17:40:58","guid":{"rendered":"https:\/\/www.bazarmerlin.com\/inicio\/?post_type=product&#038;p=738"},"modified":"2022-10-19T22:51:03","modified_gmt":"2022-10-19T22:51:03","slug":"jugando-con-los-angeles-en-estuche-baraja-y-libro-de-uso","status":"publish","type":"product","link":"https:\/\/www.bazarmerlin.com\/inicio\/producto\/jugando-con-los-angeles-en-estuche-baraja-y-libro-de-uso\/","title":{"rendered":"Jugando Con Los \u00c1ngeles En Estuche &#8211; Baraja Y Libro De Uso"},"content":{"rendered":"<p><strong>JUGANDO CON LOS \u00c1NGELES &#8211; ESTUCHE LIBRO + 2 JUEGOS DE 52 CARTAS<\/strong><br \/>\n<strong>HANIA CZAJKOWSKI<\/strong><\/p>\n<p>&nbsp;<\/p>\n<p>ESTUCHE LIBRO + 2 JUEGOS DE 52 CARTAS BELLAMENTE ILUSTRADAS C\/U*<\/p>\n<p>Esta obra es una conexi\u00f3n directa con el Cielo.<\/p>\n<p>Un juego sencillo y f\u00e1cil dise\u00f1ado al estilo de los antiguos or\u00e1culos, que posibilita el descenso de los \u00e1ngeles para que iluminen con su luz al consultante y le den en todo momento la respuesta m\u00e1s apropiada a sus preocupaciones.<\/p>\n<p>Es un puente tendido entre la dimensi\u00f3n ang\u00e9lica y la humana, que al mismo tiempo nos conduce hacia nuestro propio interior, que es donde residen todos los secretos.<\/p>\n<p>-Incluye un libro y dos juegos de 52 cartas cada uno, totalizando m\u00e1s de 2.600 respuestas distintas.<\/p>\n<p>&nbsp;<\/p>\n<p>&nbsp;<\/p>\n<p><strong>BAZAR MERLIN\u00ae<\/strong><br \/>\n<strong>El Lugar M\u00e1s M\u00edstico de Guadalajara<\/strong><br \/>\n<strong>ENVIAMOS A TODO M\u00c9XICO<\/strong><\/p>\n<!-- AddThis Advanced Settings generic via filter on the_content --><!-- AddThis Share Buttons generic via filter on the_content -->","protected":false},"excerpt":{"rendered":"<p>JUGANDO CON LOS \u00c1NGELES &#8211; ESTUCHE LIBRO + 2 JUEGOS DE 52 CARTAS HANIA CZAJKOWSKI &nbsp; ESTUCHE LIBRO + 2 JUEGOS DE 52 CARTAS BELLAMENTE ILUSTRADAS C\/U* Esta obra es una conexi\u00f3n directa con el Cielo. Un juego sencillo y f\u00e1cil dise\u00f1ado al estilo de los antiguos or\u00e1culos, que posibilita el descenso de los \u00e1ngeles&hellip;<!-- AddThis Advanced Settings generic via filter on get_the_excerpt --><!-- AddThis Share Buttons generic via filter on get_the_excerpt --><\/p>\n","protected":false},"featured_media":10420,"template":"","meta":[],"product_cat":[15],"product_tag":[583,620],"_links":{"self":[{"href":"https:\/\/www.bazarmerlin.com\/inicio\/wp-json\/wp\/v2\/product\/738"}],"collection":[{"href":"https:\/\/www.bazarmerlin.com\/inicio\/wp-json\/wp\/v2\/product"}],"about":[{"href":"https:\/\/www.bazarmerlin.com\/inicio\/wp-json\/wp\/v2\/types\/product"}],"wp:featuredmedia":[{"embeddable":true,"href":"https:\/\/www.bazarmerlin.com\/inicio\/wp-json\/wp\/v2\/media\/10420"}],"wp:attachment":[{"href":"https:\/\/www.bazarmerlin.com\/inicio\/wp-json\/wp\/v2\/media?parent=738"}],"wp:term":[{"taxonomy":"product_cat","embeddable":true,"href":"https:\/\/www.bazarmerlin.com\/inicio\/wp-json\/wp\/v2\/product_cat?post=738"},{"taxonomy":"product_tag","embeddable":true,"href":"https:\/\/www.bazarmerlin.com\/inicio\/wp-json\/wp\/v2\/product_tag?post=738"}],"curies":[{"name":"wp","href":"https:\/\/api.w.org\/{rel}","templated":true}]}}