{"id":742,"date":"2015-07-02T17:49:02","date_gmt":"2015-07-02T17:49:02","guid":{"rendered":"https:\/\/www.bazarmerlin.com\/inicio\/?post_type=product&#038;p=742"},"modified":"2022-10-21T23:57:14","modified_gmt":"2022-10-21T23:57:14","slug":"el-tarot-intuitivo-como-desarrollar-la-intuicion","status":"publish","type":"product","link":"https:\/\/www.bazarmerlin.com\/inicio\/producto\/el-tarot-intuitivo-como-desarrollar-la-intuicion\/","title":{"rendered":"Libro El Tarot Intuitivo &#8211; C\u00f3mo Desarrollar La Intuici\u00f3n"},"content":{"rendered":"<p><strong>LIBRO EL TAROT INTUITIVO<\/strong><\/p>\n<p>&nbsp;<\/p>\n<p>Es verdad que el futuro depende de ti. Si quieres salud, dinero y amor, va a ser dif\u00edcil que consigas estas tres cosas qued\u00e1ndote en casa viendo la televisi\u00f3n, bebiendo cerveza y comiendo patatas fritas. Desgraciadamente, tambi\u00e9n es posible que hagas grandes esfuerzos por obtenerlas y tampoco consigas nada. De manera que ser\u00eda m\u00e1s correcto decir que el futuro depende en parte de ti. El resto depende de las circunstancias, del destino y de la suerte.<\/p>\n<p>&nbsp;<\/p>\n<p>El que una buena parte del futuro escape totalmente a tu control hace inevitable que te interrogues continuamente sobre \u00e9l. Quieres saber si vas a tener salud, dinero y amor, quieres saber si vas a ser feliz. De hecho, tienes tantas ganas de saberlo que es posible que est\u00e9s dispuesto a acudir a personas que alegan tener el poder de predecir el futuro. T\u00fa tienes la capacidad para ver tu propio futuro. Esta capacidad es la intuici\u00f3n y forma parte de tu patrimonio como ser humano. Lo \u00fanico que necesitas es un m\u00e9todo para aprender a desarrollar tu intuici\u00f3n. Uno de esos m\u00e9todos es el Tarot. Aqu\u00ed tienes un Tarot pr\u00e1ctico, sencillo y f\u00e1cil de aprender<\/p>\n<p>&nbsp;<\/p>\n<p>&nbsp;<\/p>\n<p><b>BAZAR MERL\u00cdN\u00ae<\/b><br \/>\n<strong>El Lugar M\u00e1s M\u00edstico de Guadalajara<\/strong><br \/>\n<strong>ENVIAMOS A TODO M\u00c9XICO<\/strong><\/p>\n<p>&nbsp;<\/p>\n<p>&nbsp;<\/p>\n<p>&nbsp;<\/p>\n<!-- AddThis Advanced Settings generic via filter on the_content --><!-- AddThis Share Buttons generic via filter on the_content -->","protected":false},"excerpt":{"rendered":"<p>LIBRO EL TAROT INTUITIVO &nbsp; Es verdad que el futuro depende de ti. Si quieres salud, dinero y amor, va a ser dif\u00edcil que consigas estas tres cosas qued\u00e1ndote en casa viendo la televisi\u00f3n, bebiendo cerveza y comiendo patatas fritas. Desgraciadamente, tambi\u00e9n es posible que hagas grandes esfuerzos por obtenerlas y tampoco consigas nada. De&hellip;<!-- AddThis Advanced Settings generic via filter on get_the_excerpt --><!-- AddThis Share Buttons generic via filter on get_the_excerpt --><\/p>\n","protected":false},"featured_media":10424,"template":"","meta":[],"product_cat":[15],"product_tag":[623,622],"_links":{"self":[{"href":"https:\/\/www.bazarmerlin.com\/inicio\/wp-json\/wp\/v2\/product\/742"}],"collection":[{"href":"https:\/\/www.bazarmerlin.com\/inicio\/wp-json\/wp\/v2\/product"}],"about":[{"href":"https:\/\/www.bazarmerlin.com\/inicio\/wp-json\/wp\/v2\/types\/product"}],"wp:featuredmedia":[{"embeddable":true,"href":"https:\/\/www.bazarmerlin.com\/inicio\/wp-json\/wp\/v2\/media\/10424"}],"wp:attachment":[{"href":"https:\/\/www.bazarmerlin.com\/inicio\/wp-json\/wp\/v2\/media?parent=742"}],"wp:term":[{"taxonomy":"product_cat","embeddable":true,"href":"https:\/\/www.bazarmerlin.com\/inicio\/wp-json\/wp\/v2\/product_cat?post=742"},{"taxonomy":"product_tag","embeddable":true,"href":"https:\/\/www.bazarmerlin.com\/inicio\/wp-json\/wp\/v2\/product_tag?post=742"}],"curies":[{"name":"wp","href":"https:\/\/api.w.org\/{rel}","templated":true}]}}