{"id":748,"date":"2015-07-02T18:00:48","date_gmt":"2015-07-02T18:00:48","guid":{"rendered":"https:\/\/www.bazarmerlin.com\/inicio\/?post_type=product&#038;p=748"},"modified":"2022-12-17T00:26:17","modified_gmt":"2022-12-17T00:26:17","slug":"la-biblia-de-la-astrologia-libro-definitivo-del-zodiaco","status":"publish","type":"product","link":"https:\/\/www.bazarmerlin.com\/inicio\/producto\/la-biblia-de-la-astrologia-libro-definitivo-del-zodiaco\/","title":{"rendered":"La Biblia De La Astrolog\u00eda &#8211; Libro Definitivo Del Zodiaco"},"content":{"rendered":"<p><strong>LA BIBLIA DE LA ASTROLOG\u00cdA &#8211; LIBRO DEFINITIVO DEL ZODIACO<\/strong><\/p>\n<p>&nbsp;<\/p>\n<p>Esta extensa gu\u00eda de la astrolog\u00eda tradicional y moderna es un valioso tesoro que a\u00fana todo lo que necesitas saber sobre este campo, incluyendo los significados, las correspondencias y c\u00f3mo llevar a cabo las pr\u00e1cticas m\u00e1s comunes. Si a\u00fan eres un principiante, este libro te ayudar\u00e1 a usar f\u00e1cilmente la astrolog\u00eda para elegir el camino correcto en la vida, para comprenderte a ti mismo y a los dem\u00e1s, y para encontrar el amor o seleccionar una profesi\u00f3n.<\/p>\n<p>Si ya has estudiado astrolog\u00eda, te ayudar\u00e1 a profundizar y expandir tus conocimientos en esta tradici\u00f3n ancestral. Judy Hall ha practicado la astrolog\u00eda durante m\u00e1s de treinta a\u00f1os.<\/p>\n<p>Entre sus anteriores t\u00edtulos se incluyen: Past Life Astrology, The Crystal Zodiac y el \u00e9xito de ventas La Biblia de los cristales (en esta misma editorial).<\/p>\n<p>&nbsp;<\/p>\n<p><strong>BAZAR MERLIN<\/strong><br \/>\n<strong>El Lugar M\u00e1s M\u00edstico de Guadalajara<\/strong><br \/>\n<strong>ENVIAMOS A TODO M\u00c9XICO<\/strong><\/p>\n<!-- AddThis Advanced Settings generic via filter on the_content --><!-- AddThis Share Buttons generic via filter on the_content -->","protected":false},"excerpt":{"rendered":"<p>LA BIBLIA DE LA ASTROLOG\u00cdA &#8211; LIBRO DEFINITIVO DEL ZODIACO &nbsp; Esta extensa gu\u00eda de la astrolog\u00eda tradicional y moderna es un valioso tesoro que a\u00fana todo lo que necesitas saber sobre este campo, incluyendo los significados, las correspondencias y c\u00f3mo llevar a cabo las pr\u00e1cticas m\u00e1s comunes. Si a\u00fan eres un principiante, este libro&hellip;<!-- AddThis Advanced Settings generic via filter on get_the_excerpt --><!-- AddThis Share Buttons generic via filter on get_the_excerpt --><\/p>\n","protected":false},"featured_media":11152,"template":"","meta":[],"product_cat":[13],"product_tag":[626,627],"_links":{"self":[{"href":"https:\/\/www.bazarmerlin.com\/inicio\/wp-json\/wp\/v2\/product\/748"}],"collection":[{"href":"https:\/\/www.bazarmerlin.com\/inicio\/wp-json\/wp\/v2\/product"}],"about":[{"href":"https:\/\/www.bazarmerlin.com\/inicio\/wp-json\/wp\/v2\/types\/product"}],"wp:featuredmedia":[{"embeddable":true,"href":"https:\/\/www.bazarmerlin.com\/inicio\/wp-json\/wp\/v2\/media\/11152"}],"wp:attachment":[{"href":"https:\/\/www.bazarmerlin.com\/inicio\/wp-json\/wp\/v2\/media?parent=748"}],"wp:term":[{"taxonomy":"product_cat","embeddable":true,"href":"https:\/\/www.bazarmerlin.com\/inicio\/wp-json\/wp\/v2\/product_cat?post=748"},{"taxonomy":"product_tag","embeddable":true,"href":"https:\/\/www.bazarmerlin.com\/inicio\/wp-json\/wp\/v2\/product_tag?post=748"}],"curies":[{"name":"wp","href":"https:\/\/api.w.org\/{rel}","templated":true}]}}