{"id":750,"date":"2015-07-02T18:03:51","date_gmt":"2015-07-02T18:03:51","guid":{"rendered":"https:\/\/www.bazarmerlin.com\/inicio\/?post_type=product&#038;p=750"},"modified":"2022-10-18T22:24:35","modified_gmt":"2022-10-18T22:24:35","slug":"oraculo-unicornios-magicos-doreen-virtue-44-cartas","status":"publish","type":"product","link":"https:\/\/www.bazarmerlin.com\/inicio\/producto\/oraculo-unicornios-magicos-doreen-virtue-44-cartas\/","title":{"rendered":"Cartas Or\u00e1culo Unicornios M\u00e1gicos &#8211; Doreen Virtue"},"content":{"rendered":"<p><strong>CARTAS OR\u00c1CULO UNICORNIOS M\u00c1GICOS<\/strong><br \/>\n<strong>44 CARTAS Y MANUAL COMPLETAMENTE EN ESPA\u00d1OL<\/strong><\/p>\n<p>&nbsp;<\/p>\n<p>DOREEN VIRTUE<\/p>\n<p>Con las cartas or\u00e1culo de los Unicornios m\u00e1gicos puedes recibir mensajes y consejos relacionados con tu vida actual, tu futuro y tu senda espiritual.<\/p>\n<p>Cada una de las cartas (adecuadas para adultos y ni\u00f1os de todas las edades) contiene una bella ilustraci\u00f3n y un mensaje positivo. El libro que se adjunta, escrito en un lenguaje sencillo, te ense\u00f1a a realizar lecturas precisas de forma instant\u00e1nea, ya sean para ti o para otras personas.<\/p>\n<p>Permite que las cartas de Doreen Virtue (creadora de las cartas or\u00e1culo de Sanaci\u00f3n a trav\u00e9s de los \u00e1ngeles y muchas otras m\u00e1s) te gu\u00eden hacia el m\u00e1gico y encantador mundo de los unicornios.<\/p>\n<p>44 CARTAS Y MANUAL COMPLETAMENTE EN ESPA\u00d1OL<\/p>\n<p>&nbsp;<\/p>\n<p>&nbsp;<\/p>\n<p><strong>BAZAR MERLIN\u00ae<\/strong><br \/>\n<strong>El Lugar M\u00e1s M\u00edstico de Guadalajara<\/strong><br \/>\n<strong>ENVIAMOS A TODO M\u00c9XICO&#8230;<\/strong><\/p>\n<!-- AddThis Advanced Settings generic via filter on the_content --><!-- AddThis Share Buttons generic via filter on the_content -->","protected":false},"excerpt":{"rendered":"<p>CARTAS OR\u00c1CULO UNICORNIOS M\u00c1GICOS 44 CARTAS Y MANUAL COMPLETAMENTE EN ESPA\u00d1OL &nbsp; DOREEN VIRTUE Con las cartas or\u00e1culo de los Unicornios m\u00e1gicos puedes recibir mensajes y consejos relacionados con tu vida actual, tu futuro y tu senda espiritual. Cada una de las cartas (adecuadas para adultos y ni\u00f1os de todas las edades) contiene una bella&hellip;<!-- AddThis Advanced Settings generic via filter on get_the_excerpt --><!-- AddThis Share Buttons generic via filter on get_the_excerpt --><\/p>\n","protected":false},"featured_media":10397,"template":"","meta":[],"product_cat":[15],"product_tag":[628,129],"_links":{"self":[{"href":"https:\/\/www.bazarmerlin.com\/inicio\/wp-json\/wp\/v2\/product\/750"}],"collection":[{"href":"https:\/\/www.bazarmerlin.com\/inicio\/wp-json\/wp\/v2\/product"}],"about":[{"href":"https:\/\/www.bazarmerlin.com\/inicio\/wp-json\/wp\/v2\/types\/product"}],"wp:featuredmedia":[{"embeddable":true,"href":"https:\/\/www.bazarmerlin.com\/inicio\/wp-json\/wp\/v2\/media\/10397"}],"wp:attachment":[{"href":"https:\/\/www.bazarmerlin.com\/inicio\/wp-json\/wp\/v2\/media?parent=750"}],"wp:term":[{"taxonomy":"product_cat","embeddable":true,"href":"https:\/\/www.bazarmerlin.com\/inicio\/wp-json\/wp\/v2\/product_cat?post=750"},{"taxonomy":"product_tag","embeddable":true,"href":"https:\/\/www.bazarmerlin.com\/inicio\/wp-json\/wp\/v2\/product_tag?post=750"}],"curies":[{"name":"wp","href":"https:\/\/api.w.org\/{rel}","templated":true}]}}