{"id":761,"date":"2015-07-02T18:18:31","date_gmt":"2015-07-02T18:18:31","guid":{"rendered":"https:\/\/www.bazarmerlin.com\/inicio\/?post_type=product&#038;p=761"},"modified":"2022-10-21T22:59:37","modified_gmt":"2022-10-21T22:59:37","slug":"tarot-de-las-brujas-78-cartas-y-libro","status":"publish","type":"product","link":"https:\/\/www.bazarmerlin.com\/inicio\/producto\/tarot-de-las-brujas-78-cartas-y-libro\/","title":{"rendered":"Tarot De Las Brujas &#8211; 78 Cartas Y Libro"},"content":{"rendered":"<p><strong>TAROT DE LAS BRUJAS\u00a0<\/strong><br \/>\n<strong>SET DE LIBRO Y 78 CARTAS CON M\u00c1XIMA CALIDAD DE IMPRESI\u00d3N<\/strong><\/p>\n<p>El Tarot de las Brujas es un tarot distinto a todos los dem\u00e1s. Firmemente enraizado en la tradici\u00f3n cartom\u00e1ntica europea, es asimismo un ORACULO DE SABIDUR\u00cdA que se apoya en 28 naipes correspondientes a los 28 d\u00edas del mes lunar.<\/p>\n<p>El libro est\u00e1 dedicado a todas aquellas personas que todav\u00eda siguen CREYENDO EN LA MAGIA y que, en alg\u00fan momento de sus vidas, so\u00f1aron con un libro como \u00e9ste, algo especial y diferente. Sus cartas, de bellas y cuidadas ilustraciones, son el puente que CONDUCE A LA SABIDUR\u00cdA ANCESTRAL QUE TODOS LLEVAMOS EN EL INTERIOR .<\/p>\n<p>&nbsp;<\/p>\n<p>&nbsp;<\/p>\n<p><strong>BAZAR\u00a0<\/strong><b>MERL\u00cdN<\/b><br \/>\n<strong>El Lugar M\u00e1s M\u00edstico de Guadalajara<\/strong><br \/>\n<strong>ENVIAMOS A TODO M\u00c9XICO<\/strong><\/p>\n<!-- AddThis Advanced Settings generic via filter on the_content --><!-- AddThis Share Buttons generic via filter on the_content -->","protected":false},"excerpt":{"rendered":"<p>TAROT DE LAS BRUJAS\u00a0 SET DE LIBRO Y 78 CARTAS CON M\u00c1XIMA CALIDAD DE IMPRESI\u00d3N El Tarot de las Brujas es un tarot distinto a todos los dem\u00e1s. Firmemente enraizado en la tradici\u00f3n cartom\u00e1ntica europea, es asimismo un ORACULO DE SABIDUR\u00cdA que se apoya en 28 naipes correspondientes a los 28 d\u00edas del mes lunar.&hellip;<!-- AddThis Advanced Settings generic via filter on get_the_excerpt --><!-- AddThis Share Buttons generic via filter on get_the_excerpt --><\/p>\n","protected":false},"featured_media":10497,"template":"","meta":[],"product_cat":[15],"product_tag":[629],"_links":{"self":[{"href":"https:\/\/www.bazarmerlin.com\/inicio\/wp-json\/wp\/v2\/product\/761"}],"collection":[{"href":"https:\/\/www.bazarmerlin.com\/inicio\/wp-json\/wp\/v2\/product"}],"about":[{"href":"https:\/\/www.bazarmerlin.com\/inicio\/wp-json\/wp\/v2\/types\/product"}],"wp:featuredmedia":[{"embeddable":true,"href":"https:\/\/www.bazarmerlin.com\/inicio\/wp-json\/wp\/v2\/media\/10497"}],"wp:attachment":[{"href":"https:\/\/www.bazarmerlin.com\/inicio\/wp-json\/wp\/v2\/media?parent=761"}],"wp:term":[{"taxonomy":"product_cat","embeddable":true,"href":"https:\/\/www.bazarmerlin.com\/inicio\/wp-json\/wp\/v2\/product_cat?post=761"},{"taxonomy":"product_tag","embeddable":true,"href":"https:\/\/www.bazarmerlin.com\/inicio\/wp-json\/wp\/v2\/product_tag?post=761"}],"curies":[{"name":"wp","href":"https:\/\/api.w.org\/{rel}","templated":true}]}}