{"id":7829,"date":"2022-03-02T01:20:47","date_gmt":"2022-03-02T01:20:47","guid":{"rendered":"https:\/\/www.bazarmerlin.com\/inicio\/?post_type=product&#038;p=7829"},"modified":"2023-03-22T18:52:14","modified_gmt":"2023-03-22T18:52:14","slug":"locion-cuarzo-rosa","status":"publish","type":"product","link":"https:\/\/www.bazarmerlin.com\/inicio\/producto\/locion-cuarzo-rosa\/","title":{"rendered":"Perfume Cuarzo Rosa Atrae M\u00e1gicamente El Amor"},"content":{"rendered":"<p>LOCION ESOTERICA de cuarzo rosa (cuarzo del amor) excelente para atraer a esa persona especial a tu vida, adem\u00e1s que atrae la armon\u00eda y buena suerte a nuestra vida.<\/p>\n<p>ATRAE AMOR Y PASI\u00d3N<\/p>\n<p>&#8211; Preparada por verdaderos conocedores en magia y esoterismo<\/p>\n<p>PARA ATRAER Y CONSERVAR PAREJA<\/p>\n<p>ATRAE EL AMOR DEL SEXO OPUESTO COMO UN PODEROSO IM\u00c1N.<\/p>\n<p>Este poderoso perfume ayuda atraer el amor de nuestras vidas de una manera r\u00e1pida y muy efectiva, ya que equilibrando nuestro energ\u00eda y equilibrando tu campo \u00e1urico como tus chakras esto ayudar\u00e1 a que te limpies de una manera muy sencilla sana y como Poderosa. Garantizando para que cambies esa mala suerte en el \u00e9xito Ya que no habr\u00e1 persona que se te resiste a ti por el poder de este perfume elaborado con extractos 100% naturales.<\/p>\n<p>Aplicarla en tu cuerpo despu\u00e9s del ba\u00f1o o en cualquier momento.<\/p>\n<p>CAMBIA DE MANERA R\u00c1PIDA Y EFECTIVA TU CAMPO \u00c1URICO.<\/p>\n<p>EL PERFUME DE CUARZO ROSA UNE FUERTEMENTE LOS LAZOS AMOROSOS DE QUIEN LO USA Y ENVUELVE DE ROMANCE LA RELACI\u00d3N.<\/p>\n<p>&nbsp;<\/p>\n<p>BAZAR MERLIN<br \/>\nEl Lugar M\u00e1s M\u00edstico de Guadalajara<br \/>\nENVIAMOS A TODO M\u00c9XICO Y EL MUNDO\u2026<\/p>\n<!-- AddThis Advanced Settings generic via filter on the_content --><!-- AddThis Share Buttons generic via filter on the_content -->","protected":false},"excerpt":{"rendered":"<p>LOCION ESOTERICA de cuarzo rosa (cuarzo del amor) excelente para atraer a esa persona especial a tu vida, adem\u00e1s que atrae la armon\u00eda y buena suerte a nuestra vida. ATRAE AMOR Y PASI\u00d3N &#8211; Preparada por verdaderos conocedores en magia y esoterismo PARA ATRAER Y CONSERVAR PAREJA ATRAE EL AMOR DEL SEXO OPUESTO COMO UN&hellip;<!-- AddThis Advanced Settings generic via filter on get_the_excerpt --><!-- AddThis Share Buttons generic via filter on get_the_excerpt --><\/p>\n","protected":false},"featured_media":11014,"template":"","meta":[],"product_cat":[20],"product_tag":[1555],"_links":{"self":[{"href":"https:\/\/www.bazarmerlin.com\/inicio\/wp-json\/wp\/v2\/product\/7829"}],"collection":[{"href":"https:\/\/www.bazarmerlin.com\/inicio\/wp-json\/wp\/v2\/product"}],"about":[{"href":"https:\/\/www.bazarmerlin.com\/inicio\/wp-json\/wp\/v2\/types\/product"}],"wp:featuredmedia":[{"embeddable":true,"href":"https:\/\/www.bazarmerlin.com\/inicio\/wp-json\/wp\/v2\/media\/11014"}],"wp:attachment":[{"href":"https:\/\/www.bazarmerlin.com\/inicio\/wp-json\/wp\/v2\/media?parent=7829"}],"wp:term":[{"taxonomy":"product_cat","embeddable":true,"href":"https:\/\/www.bazarmerlin.com\/inicio\/wp-json\/wp\/v2\/product_cat?post=7829"},{"taxonomy":"product_tag","embeddable":true,"href":"https:\/\/www.bazarmerlin.com\/inicio\/wp-json\/wp\/v2\/product_tag?post=7829"}],"curies":[{"name":"wp","href":"https:\/\/api.w.org\/{rel}","templated":true}]}}