{"id":7842,"date":"2022-03-03T18:11:17","date_gmt":"2022-03-03T18:11:17","guid":{"rendered":"https:\/\/www.bazarmerlin.com\/inicio\/?post_type=product&#038;p=7842"},"modified":"2023-08-19T00:52:07","modified_gmt":"2023-08-19T00:52:07","slug":"jabon-esoterico-de-cordero-manso","status":"publish","type":"product","link":"https:\/\/www.bazarmerlin.com\/inicio\/producto\/jabon-esoterico-de-cordero-manso\/","title":{"rendered":"Jab\u00f3n Esot\u00e9rico De Cordero Manso"},"content":{"rendered":"<p><strong>Jab\u00f3n Esot\u00e9rico De Cordero Manso<\/strong><\/p>\n<p>Util\u00edcelo para relajar o calmar a la persona en situaciones malas.<\/p>\n<p>Este jab\u00f3n utiliza antiguas f\u00f3rmulas, una base de hierbas y aceites esenciales. As\u00ed es como la verdadera magia es llevada al cuarto de ba\u00f1o, promoviendo el bienestar y produciendo un estado mental positivo que nos ayudar\u00e1 a atraer el amor.<\/p>\n<p>Cordero Manso te sirve para dominar y amansar la persona amada, o a alguna persona que te rodee ya sea del trabajo o amistades con las cuales tengas un trato hostil esta colonia te ayudara a que bajen su car\u00e1cter..<\/p>\n<p>&nbsp;<\/p>\n<p>&nbsp;<\/p>\n<p><strong>BAZAR MERLIN<\/strong><br \/>\n<strong>El Lugar M\u00e1s M\u00edstico de Guadalajara<\/strong><br \/>\n<strong>ENVIAMOS A TODO M\u00c9XICO&#8230;<\/strong><\/p>\n<!-- AddThis Advanced Settings generic via filter on the_content --><!-- AddThis Share Buttons generic via filter on the_content -->","protected":false},"excerpt":{"rendered":"<p>Jab\u00f3n Esot\u00e9rico De Cordero Manso Util\u00edcelo para relajar o calmar a la persona en situaciones malas. Este jab\u00f3n utiliza antiguas f\u00f3rmulas, una base de hierbas y aceites esenciales. As\u00ed es como la verdadera magia es llevada al cuarto de ba\u00f1o, promoviendo el bienestar y produciendo un estado mental positivo que nos ayudar\u00e1 a atraer el&hellip;<!-- AddThis Advanced Settings generic via filter on get_the_excerpt --><!-- AddThis Share Buttons generic via filter on get_the_excerpt --><\/p>\n","protected":false},"featured_media":7843,"template":"","meta":[],"product_cat":[14],"product_tag":[1559],"_links":{"self":[{"href":"https:\/\/www.bazarmerlin.com\/inicio\/wp-json\/wp\/v2\/product\/7842"}],"collection":[{"href":"https:\/\/www.bazarmerlin.com\/inicio\/wp-json\/wp\/v2\/product"}],"about":[{"href":"https:\/\/www.bazarmerlin.com\/inicio\/wp-json\/wp\/v2\/types\/product"}],"wp:featuredmedia":[{"embeddable":true,"href":"https:\/\/www.bazarmerlin.com\/inicio\/wp-json\/wp\/v2\/media\/7843"}],"wp:attachment":[{"href":"https:\/\/www.bazarmerlin.com\/inicio\/wp-json\/wp\/v2\/media?parent=7842"}],"wp:term":[{"taxonomy":"product_cat","embeddable":true,"href":"https:\/\/www.bazarmerlin.com\/inicio\/wp-json\/wp\/v2\/product_cat?post=7842"},{"taxonomy":"product_tag","embeddable":true,"href":"https:\/\/www.bazarmerlin.com\/inicio\/wp-json\/wp\/v2\/product_tag?post=7842"}],"curies":[{"name":"wp","href":"https:\/\/api.w.org\/{rel}","templated":true}]}}