{"id":7849,"date":"2022-03-03T18:50:35","date_gmt":"2022-03-03T18:50:35","guid":{"rendered":"https:\/\/www.bazarmerlin.com\/inicio\/?post_type=product&#038;p=7849"},"modified":"2023-08-19T00:52:07","modified_gmt":"2023-08-19T00:52:07","slug":"jabon-esoterico-san-benito-protector","status":"publish","type":"product","link":"https:\/\/www.bazarmerlin.com\/inicio\/producto\/jabon-esoterico-san-benito-protector\/","title":{"rendered":"Jab\u00f3n Esot\u00e9rico San Benito Protector"},"content":{"rendered":"<p>JAB\u00d3N ESOTERICO SAN BENITO<br \/>\nJab\u00f3n &#8221; San Benito&#8221;<br \/>\nprotecci\u00f3n, abre caminos, exorcismo<\/p>\n<p>Estos poderosos jabones espirituales lo ayudar\u00e1n a obtener lo que desea, ya sea obtener buena suerte o rechazar el mal o resolver cualquier otro problema o enfermedad espiritual que pueda tener. \u00a1S\u00e9 bendecido y limpio hoy!<\/p>\n<p>Potente jab\u00f3n, se utiliza para el ba\u00f1o diario.<\/p>\n<p>&nbsp;<\/p>\n<p>BAZAR MERLIN\u00ae<br \/>\nEl Lugar M\u00e1s M\u00edstico de Guadalajara<br \/>\nENVIAMOS A TODO M\u00c9XICO..<\/p>\n<!-- AddThis Advanced Settings generic via filter on the_content --><!-- AddThis Share Buttons generic via filter on the_content -->","protected":false},"excerpt":{"rendered":"<p>JAB\u00d3N ESOTERICO SAN BENITO Jab\u00f3n &#8221; San Benito&#8221; protecci\u00f3n, abre caminos, exorcismo Estos poderosos jabones espirituales lo ayudar\u00e1n a obtener lo que desea, ya sea obtener buena suerte o rechazar el mal o resolver cualquier otro problema o enfermedad espiritual que pueda tener. \u00a1S\u00e9 bendecido y limpio hoy! Potente jab\u00f3n, se utiliza para el ba\u00f1o&hellip;<!-- AddThis Advanced Settings generic via filter on get_the_excerpt --><!-- AddThis Share Buttons generic via filter on get_the_excerpt --><\/p>\n","protected":false},"featured_media":7850,"template":"","meta":[],"product_cat":[14],"product_tag":[1562],"_links":{"self":[{"href":"https:\/\/www.bazarmerlin.com\/inicio\/wp-json\/wp\/v2\/product\/7849"}],"collection":[{"href":"https:\/\/www.bazarmerlin.com\/inicio\/wp-json\/wp\/v2\/product"}],"about":[{"href":"https:\/\/www.bazarmerlin.com\/inicio\/wp-json\/wp\/v2\/types\/product"}],"wp:featuredmedia":[{"embeddable":true,"href":"https:\/\/www.bazarmerlin.com\/inicio\/wp-json\/wp\/v2\/media\/7850"}],"wp:attachment":[{"href":"https:\/\/www.bazarmerlin.com\/inicio\/wp-json\/wp\/v2\/media?parent=7849"}],"wp:term":[{"taxonomy":"product_cat","embeddable":true,"href":"https:\/\/www.bazarmerlin.com\/inicio\/wp-json\/wp\/v2\/product_cat?post=7849"},{"taxonomy":"product_tag","embeddable":true,"href":"https:\/\/www.bazarmerlin.com\/inicio\/wp-json\/wp\/v2\/product_tag?post=7849"}],"curies":[{"name":"wp","href":"https:\/\/api.w.org\/{rel}","templated":true}]}}