{"id":7851,"date":"2022-03-03T18:57:39","date_gmt":"2022-03-03T18:57:39","guid":{"rendered":"https:\/\/www.bazarmerlin.com\/inicio\/?post_type=product&#038;p=7851"},"modified":"2022-06-08T23:42:19","modified_gmt":"2022-06-08T23:42:19","slug":"jabon-de-san-cipriano-contra-danos-y-brujeria","status":"publish","type":"product","link":"https:\/\/www.bazarmerlin.com\/inicio\/producto\/jabon-de-san-cipriano-contra-danos-y-brujeria\/","title":{"rendered":"Jab\u00f3n De San Cipriano &#8211; Contra Da\u00f1os Y Brujeria"},"content":{"rendered":"<p>JAB\u00d3N DE SAN CIPRIANO ( CORTA Y LIMPIA )<br \/>\nUTIL\u00cdZALO EN TU BA\u00d1O DIARIO PARA QUITAR Y PREVENIR EL MAL DE OJO.<\/p>\n<p>Jab\u00f3n SAN CIPRIANO . Para purificar y limpiar. Jab\u00f3n fabricado mediante proceso artesanal y elaborado con ingredientes vegetales de primera calidad, suave y natural, y respetuoso con el medio ambiente.<\/p>\n<p>Este jab\u00f3n utiliza antiguas f\u00f3rmulas de santer\u00eda, a base de hierbas y aceites esenciales.<\/p>\n<p>As\u00ed es como la verdadera magia es llevada al cuarto de ba\u00f1o, promoviendo el bienestar y produciendo un estado mental positivo que nos ayudar\u00e1 a atraer la prosperidad, el amor y la abundancia.<\/p>\n<p>&nbsp;<\/p>\n<p>BAZAR MERLIN<br \/>\nEl Lugar M\u00e1s M\u00edstico de Guadalajara<br \/>\nENVIAMOS A TODO M\u00c9XICO&#8230;<\/p>\n<!-- AddThis Advanced Settings generic via filter on the_content --><!-- AddThis Share Buttons generic via filter on the_content -->","protected":false},"excerpt":{"rendered":"<p>JAB\u00d3N DE SAN CIPRIANO ( CORTA Y LIMPIA ) UTIL\u00cdZALO EN TU BA\u00d1O DIARIO PARA QUITAR Y PREVENIR EL MAL DE OJO. Jab\u00f3n SAN CIPRIANO . Para purificar y limpiar. Jab\u00f3n fabricado mediante proceso artesanal y elaborado con ingredientes vegetales de primera calidad, suave y natural, y respetuoso con el medio ambiente. Este jab\u00f3n utiliza&hellip;<!-- AddThis Advanced Settings generic via filter on get_the_excerpt --><!-- AddThis Share Buttons generic via filter on get_the_excerpt --><\/p>\n","protected":false},"featured_media":7852,"template":"","meta":[],"product_cat":[14],"product_tag":[1564,1563],"_links":{"self":[{"href":"https:\/\/www.bazarmerlin.com\/inicio\/wp-json\/wp\/v2\/product\/7851"}],"collection":[{"href":"https:\/\/www.bazarmerlin.com\/inicio\/wp-json\/wp\/v2\/product"}],"about":[{"href":"https:\/\/www.bazarmerlin.com\/inicio\/wp-json\/wp\/v2\/types\/product"}],"wp:featuredmedia":[{"embeddable":true,"href":"https:\/\/www.bazarmerlin.com\/inicio\/wp-json\/wp\/v2\/media\/7852"}],"wp:attachment":[{"href":"https:\/\/www.bazarmerlin.com\/inicio\/wp-json\/wp\/v2\/media?parent=7851"}],"wp:term":[{"taxonomy":"product_cat","embeddable":true,"href":"https:\/\/www.bazarmerlin.com\/inicio\/wp-json\/wp\/v2\/product_cat?post=7851"},{"taxonomy":"product_tag","embeddable":true,"href":"https:\/\/www.bazarmerlin.com\/inicio\/wp-json\/wp\/v2\/product_tag?post=7851"}],"curies":[{"name":"wp","href":"https:\/\/api.w.org\/{rel}","templated":true}]}}