{"id":7862,"date":"2022-03-04T18:42:43","date_gmt":"2022-03-04T18:42:43","guid":{"rendered":"https:\/\/www.bazarmerlin.com\/inicio\/?post_type=product&#038;p=7862"},"modified":"2022-06-08T23:42:19","modified_gmt":"2022-06-08T23:42:19","slug":"veladora-amarre-matrimonial-para-tu-pareja","status":"publish","type":"product","link":"https:\/\/www.bazarmerlin.com\/inicio\/producto\/veladora-amarre-matrimonial-para-tu-pareja\/","title":{"rendered":"Veladora Amarre Matrimonial &#8211; Para Tu Pareja"},"content":{"rendered":"<p>VELADORA AMARRE MATRIMONIAL<\/p>\n<p>INTENSO AMOR Y RELACI\u00d3N DURADERA-<\/p>\n<p>-SI NO TIENES PAREJA, \u00daSALA PARA ATRAER ESA PERSONA<br \/>\nINDICADA A TU VIDA-<\/p>\n<p>Esta Vela de Amarre Matrimonial ya se env\u00eda preparado y ritualizado especialmente para cada persona con alta magia para que tus deseos se hagan realidad con tu ser amado.<\/p>\n<p>Lograr\u00e1s que tu pareja siempre te ame y sea m\u00e1s intenso el amor y la pasi\u00f3n entre ustedes.<\/p>\n<p>Jam\u00e1s tendr\u00e1 ojos para ninguna otra persona tu relaci\u00f3n sera duradera y<br \/>\nllena de felicidad.<\/p>\n<p>Funciona tambi\u00e9n para quien no tenga pareja pero que desee encontrar un@ y unirse r\u00e1pidamente.<\/p>\n<p>&nbsp;<\/p>\n<p>BAZAR MERLIN<br \/>\nEl Lugar M\u00e1s M\u00edstico de Guadalajara<br \/>\nENVIAMOS A TODO M\u00c9XICO Y EL MUNDO\u2026<\/p>\n<!-- AddThis Advanced Settings generic via filter on the_content --><!-- AddThis Share Buttons generic via filter on the_content -->","protected":false},"excerpt":{"rendered":"<p>VELADORA AMARRE MATRIMONIAL INTENSO AMOR Y RELACI\u00d3N DURADERA- -SI NO TIENES PAREJA, \u00daSALA PARA ATRAER ESA PERSONA INDICADA A TU VIDA- Esta Vela de Amarre Matrimonial ya se env\u00eda preparado y ritualizado especialmente para cada persona con alta magia para que tus deseos se hagan realidad con tu ser amado. Lograr\u00e1s que tu pareja siempre&hellip;<!-- AddThis Advanced Settings generic via filter on get_the_excerpt --><!-- AddThis Share Buttons generic via filter on get_the_excerpt --><\/p>\n","protected":false},"featured_media":7863,"template":"","meta":[],"product_cat":[19],"product_tag":[1567,1566],"_links":{"self":[{"href":"https:\/\/www.bazarmerlin.com\/inicio\/wp-json\/wp\/v2\/product\/7862"}],"collection":[{"href":"https:\/\/www.bazarmerlin.com\/inicio\/wp-json\/wp\/v2\/product"}],"about":[{"href":"https:\/\/www.bazarmerlin.com\/inicio\/wp-json\/wp\/v2\/types\/product"}],"wp:featuredmedia":[{"embeddable":true,"href":"https:\/\/www.bazarmerlin.com\/inicio\/wp-json\/wp\/v2\/media\/7863"}],"wp:attachment":[{"href":"https:\/\/www.bazarmerlin.com\/inicio\/wp-json\/wp\/v2\/media?parent=7862"}],"wp:term":[{"taxonomy":"product_cat","embeddable":true,"href":"https:\/\/www.bazarmerlin.com\/inicio\/wp-json\/wp\/v2\/product_cat?post=7862"},{"taxonomy":"product_tag","embeddable":true,"href":"https:\/\/www.bazarmerlin.com\/inicio\/wp-json\/wp\/v2\/product_tag?post=7862"}],"curies":[{"name":"wp","href":"https:\/\/api.w.org\/{rel}","templated":true}]}}