{"id":7864,"date":"2022-03-04T18:50:00","date_gmt":"2022-03-04T18:50:00","guid":{"rendered":"https:\/\/www.bazarmerlin.com\/inicio\/?post_type=product&#038;p=7864"},"modified":"2022-09-26T23:08:18","modified_gmt":"2022-09-26T23:08:18","slug":"7-arcangeles-legitimo-polvo-preparado","status":"publish","type":"product","link":"https:\/\/www.bazarmerlin.com\/inicio\/producto\/7-arcangeles-legitimo-polvo-preparado\/","title":{"rendered":"7 Arc\u00e1ngeles Legitimo Polvo Preparado"},"content":{"rendered":"<p>7 ARC\u00c1NGELES LEGITIMO POLVO PREPARADO<\/p>\n<p>Preparado para invocar a los Arc\u00e1ngeles que nos libren de todo mal,<br \/>\nnos concedan soluci\u00f3n y consuelo a nuestros problemas.<\/p>\n<p>USO DEL POLVO:<br \/>\nPonga el contenido, fr\u00f3tese los 7 d\u00edas de la semana con mucha fe.<\/p>\n<p>&nbsp;<\/p>\n<p>BAZAR MERL\u00cdN<br \/>\nEl Lugar M\u00e1s M\u00edstico de Guadalajara<br \/>\nENVIAMOS A TODO M\u00c9XICO&#8230;<\/p>\n<!-- AddThis Advanced Settings generic via filter on the_content --><!-- AddThis Share Buttons generic via filter on the_content -->","protected":false},"excerpt":{"rendered":"<p>7 ARC\u00c1NGELES LEGITIMO POLVO PREPARADO Preparado para invocar a los Arc\u00e1ngeles que nos libren de todo mal, nos concedan soluci\u00f3n y consuelo a nuestros problemas. USO DEL POLVO: Ponga el contenido, fr\u00f3tese los 7 d\u00edas de la semana con mucha fe. &nbsp; BAZAR MERL\u00cdN El Lugar M\u00e1s M\u00edstico de Guadalajara ENVIAMOS A TODO M\u00c9XICO&#8230;<!-- AddThis Advanced Settings generic via filter on get_the_excerpt --><!-- AddThis Share Buttons generic via filter on get_the_excerpt --><\/p>\n","protected":false},"featured_media":10110,"template":"","meta":[],"product_cat":[14],"product_tag":[1568],"_links":{"self":[{"href":"https:\/\/www.bazarmerlin.com\/inicio\/wp-json\/wp\/v2\/product\/7864"}],"collection":[{"href":"https:\/\/www.bazarmerlin.com\/inicio\/wp-json\/wp\/v2\/product"}],"about":[{"href":"https:\/\/www.bazarmerlin.com\/inicio\/wp-json\/wp\/v2\/types\/product"}],"wp:featuredmedia":[{"embeddable":true,"href":"https:\/\/www.bazarmerlin.com\/inicio\/wp-json\/wp\/v2\/media\/10110"}],"wp:attachment":[{"href":"https:\/\/www.bazarmerlin.com\/inicio\/wp-json\/wp\/v2\/media?parent=7864"}],"wp:term":[{"taxonomy":"product_cat","embeddable":true,"href":"https:\/\/www.bazarmerlin.com\/inicio\/wp-json\/wp\/v2\/product_cat?post=7864"},{"taxonomy":"product_tag","embeddable":true,"href":"https:\/\/www.bazarmerlin.com\/inicio\/wp-json\/wp\/v2\/product_tag?post=7864"}],"curies":[{"name":"wp","href":"https:\/\/api.w.org\/{rel}","templated":true}]}}