{"id":7876,"date":"2022-03-09T18:09:06","date_gmt":"2022-03-09T18:09:06","guid":{"rendered":"https:\/\/www.bazarmerlin.com\/inicio\/?post_type=product&#038;p=7876"},"modified":"2022-12-16T00:24:52","modified_gmt":"2022-12-16T00:24:52","slug":"veladora-rompe-hechizos-preparada-y-ritualizada","status":"publish","type":"product","link":"https:\/\/www.bazarmerlin.com\/inicio\/producto\/veladora-rompe-hechizos-preparada-y-ritualizada\/","title":{"rendered":"Veladora Rompe Hechizos Preparada Y Ritualizada"},"content":{"rendered":"<h3 class=\"ui-pdp-description__content\"><strong>VELADORA ROMPE HECHIZOS PREPARADA Y RITUALIZADA<\/strong><\/h3>\n<p>&nbsp;<\/p>\n<p>Esta veladora te sirve para cortar, romper cualquier obst\u00e1culo que tengas en tu diario vivir y poder tener \u00e9xito en todo.<\/p>\n<p>&nbsp;<\/p>\n<p><strong>BAZAR MERLIN<\/strong><br \/>\n<strong>El Lugar M\u00e1s M\u00edstico de Guadalajara<\/strong><br \/>\n<strong>ENVIAMOS A TODO M\u00c9XICO&#8230;<\/strong><\/p>\n<!-- AddThis Advanced Settings generic via filter on the_content --><!-- AddThis Share Buttons generic via filter on the_content -->","protected":false},"excerpt":{"rendered":"<p>VELADORA ROMPE HECHIZOS PREPARADA Y RITUALIZADA &nbsp; Esta veladora te sirve para cortar, romper cualquier obst\u00e1culo que tengas en tu diario vivir y poder tener \u00e9xito en todo. &nbsp; BAZAR MERLIN El Lugar M\u00e1s M\u00edstico de Guadalajara ENVIAMOS A TODO M\u00c9XICO&#8230;<!-- AddThis Advanced Settings generic via filter on get_the_excerpt --><!-- AddThis Share Buttons generic via filter on get_the_excerpt --><\/p>\n","protected":false},"featured_media":7877,"template":"","meta":[],"product_cat":[19],"product_tag":[1573],"_links":{"self":[{"href":"https:\/\/www.bazarmerlin.com\/inicio\/wp-json\/wp\/v2\/product\/7876"}],"collection":[{"href":"https:\/\/www.bazarmerlin.com\/inicio\/wp-json\/wp\/v2\/product"}],"about":[{"href":"https:\/\/www.bazarmerlin.com\/inicio\/wp-json\/wp\/v2\/types\/product"}],"wp:featuredmedia":[{"embeddable":true,"href":"https:\/\/www.bazarmerlin.com\/inicio\/wp-json\/wp\/v2\/media\/7877"}],"wp:attachment":[{"href":"https:\/\/www.bazarmerlin.com\/inicio\/wp-json\/wp\/v2\/media?parent=7876"}],"wp:term":[{"taxonomy":"product_cat","embeddable":true,"href":"https:\/\/www.bazarmerlin.com\/inicio\/wp-json\/wp\/v2\/product_cat?post=7876"},{"taxonomy":"product_tag","embeddable":true,"href":"https:\/\/www.bazarmerlin.com\/inicio\/wp-json\/wp\/v2\/product_tag?post=7876"}],"curies":[{"name":"wp","href":"https:\/\/api.w.org\/{rel}","templated":true}]}}