{"id":7881,"date":"2022-03-09T19:42:33","date_gmt":"2022-03-09T19:42:33","guid":{"rendered":"https:\/\/www.bazarmerlin.com\/inicio\/?post_type=product&#038;p=7881"},"modified":"2022-06-08T23:42:21","modified_gmt":"2022-06-08T23:42:21","slug":"perfume-ojo-visor-reversible-proteccion-y-talisman","status":"publish","type":"product","link":"https:\/\/www.bazarmerlin.com\/inicio\/producto\/perfume-ojo-visor-reversible-proteccion-y-talisman\/","title":{"rendered":"Perfume Ojo Visor Reversible &#8211; Protecci\u00f3n Y Talisman"},"content":{"rendered":"<p>PERFUME OJO VISOR &#8211; REVERSIBLE<\/p>\n<p>PERFUME DE 100 ML<\/p>\n<p>Incluye POTENTE TALISMAN para el desarrollo ps\u00edquico.<\/p>\n<p>Utiliza este perfume para contrarrestar todo tipo de da\u00f1os y regresarlos a su punto de origen. Es una mezcla de plantas y esencias que se utilizan para limpias y contra da\u00f1os.<\/p>\n<p>Protecci\u00f3n contra todo. Para obtener Dinero, Suerte, Poder, Trabajo, Abundancia, Salud y Amor.<\/p>\n<p>&nbsp;<\/p>\n<p>BAZAR MERL\u00cdN<br \/>\nEl Lugar M\u00e1s M\u00edstico de Guadalajara<br \/>\nENVIAMOS A TODO M\u00c9XICO<\/p>\n<!-- AddThis Advanced Settings generic via filter on the_content --><!-- AddThis Share Buttons generic via filter on the_content -->","protected":false},"excerpt":{"rendered":"<p>PERFUME OJO VISOR &#8211; REVERSIBLE PERFUME DE 100 ML Incluye POTENTE TALISMAN para el desarrollo ps\u00edquico. Utiliza este perfume para contrarrestar todo tipo de da\u00f1os y regresarlos a su punto de origen. Es una mezcla de plantas y esencias que se utilizan para limpias y contra da\u00f1os. Protecci\u00f3n contra todo. Para obtener Dinero, Suerte, Poder,&hellip;<!-- AddThis Advanced Settings generic via filter on get_the_excerpt --><!-- AddThis Share Buttons generic via filter on get_the_excerpt --><\/p>\n","protected":false},"featured_media":7882,"template":"","meta":[],"product_cat":[20],"product_tag":[1576,1577],"_links":{"self":[{"href":"https:\/\/www.bazarmerlin.com\/inicio\/wp-json\/wp\/v2\/product\/7881"}],"collection":[{"href":"https:\/\/www.bazarmerlin.com\/inicio\/wp-json\/wp\/v2\/product"}],"about":[{"href":"https:\/\/www.bazarmerlin.com\/inicio\/wp-json\/wp\/v2\/types\/product"}],"wp:featuredmedia":[{"embeddable":true,"href":"https:\/\/www.bazarmerlin.com\/inicio\/wp-json\/wp\/v2\/media\/7882"}],"wp:attachment":[{"href":"https:\/\/www.bazarmerlin.com\/inicio\/wp-json\/wp\/v2\/media?parent=7881"}],"wp:term":[{"taxonomy":"product_cat","embeddable":true,"href":"https:\/\/www.bazarmerlin.com\/inicio\/wp-json\/wp\/v2\/product_cat?post=7881"},{"taxonomy":"product_tag","embeddable":true,"href":"https:\/\/www.bazarmerlin.com\/inicio\/wp-json\/wp\/v2\/product_tag?post=7881"}],"curies":[{"name":"wp","href":"https:\/\/api.w.org\/{rel}","templated":true}]}}