{"id":7883,"date":"2022-05-23T14:49:25","date_gmt":"2022-05-23T14:49:25","guid":{"rendered":"https:\/\/www.bazarmerlin.com\/inicio\/?post_type=product&#038;p=7883"},"modified":"2022-06-08T23:42:21","modified_gmt":"2022-06-08T23:42:21","slug":"velon-dorado-1-kilo-para-rituales-de-abundancia-y-fortuna","status":"publish","type":"product","link":"https:\/\/www.bazarmerlin.com\/inicio\/producto\/velon-dorado-1-kilo-para-rituales-de-abundancia-y-fortuna\/","title":{"rendered":"Vel\u00f3n Dorado 1 Kilo &#8211; Para Rituales De Abundancia Y Fortuna"},"content":{"rendered":"<p><strong>VEL\u00d3N DORADO PARA RITUALES DE ABUNDANCIA Y FORTUNA<\/strong><\/p>\n<p><em><strong>DE 1 KILO<\/strong><\/em><\/p>\n<p>&nbsp;<\/p>\n<p>Energ\u00eda solar, fortuna, logro espiritual. Para pedir paz, equilibrio y abundancia de todo tipo.<\/p>\n<p>Las velas doradas son las velas del \u00e9xito, su color es el color del dinero e inevitablemente nos recuerda al oro, que est\u00e1 asociado con el \u00e9xito.<\/p>\n<p>Es por eso que las velas doradas inevitablemente nos recuerdan el deseo de tener \u00e9xito en algo, el brillo del sol, que sin duda tambi\u00e9n est\u00e1 representado en este color.<\/p>\n<p>El Sol siempre ha sido una estrella admirada por muchas religiones y en diferentes partes del planeta. Por lo que siempre ha tenido un significado importante entre nosotros, porque sin \u00e9l no podr\u00edamos vivir y porque su contribuci\u00f3n al nivel de energ\u00eda es esencial.<\/p>\n<p>&nbsp;<\/p>\n<p>&nbsp;<\/p>\n<p><strong>BAZAR MERL\u00cdN<\/strong><br \/>\n<strong>El Lugar M\u00e1s M\u00edstico de Guadalajara<\/strong><br \/>\n<strong>ENVIAMOS A TODO M\u00c9XICO\u2026<\/strong><\/p>\n<!-- AddThis Advanced Settings generic via filter on the_content --><!-- AddThis Share Buttons generic via filter on the_content -->","protected":false},"excerpt":{"rendered":"<p>VEL\u00d3N DORADO PARA RITUALES DE ABUNDANCIA Y FORTUNA DE 1 KILO &nbsp; Energ\u00eda solar, fortuna, logro espiritual. Para pedir paz, equilibrio y abundancia de todo tipo. Las velas doradas son las velas del \u00e9xito, su color es el color del dinero e inevitablemente nos recuerda al oro, que est\u00e1 asociado con el \u00e9xito. Es por&hellip;<!-- AddThis Advanced Settings generic via filter on get_the_excerpt --><!-- AddThis Share Buttons generic via filter on get_the_excerpt --><\/p>\n","protected":false},"featured_media":7884,"template":"","meta":[],"product_cat":[19],"product_tag":[1579,1578],"_links":{"self":[{"href":"https:\/\/www.bazarmerlin.com\/inicio\/wp-json\/wp\/v2\/product\/7883"}],"collection":[{"href":"https:\/\/www.bazarmerlin.com\/inicio\/wp-json\/wp\/v2\/product"}],"about":[{"href":"https:\/\/www.bazarmerlin.com\/inicio\/wp-json\/wp\/v2\/types\/product"}],"wp:featuredmedia":[{"embeddable":true,"href":"https:\/\/www.bazarmerlin.com\/inicio\/wp-json\/wp\/v2\/media\/7884"}],"wp:attachment":[{"href":"https:\/\/www.bazarmerlin.com\/inicio\/wp-json\/wp\/v2\/media?parent=7883"}],"wp:term":[{"taxonomy":"product_cat","embeddable":true,"href":"https:\/\/www.bazarmerlin.com\/inicio\/wp-json\/wp\/v2\/product_cat?post=7883"},{"taxonomy":"product_tag","embeddable":true,"href":"https:\/\/www.bazarmerlin.com\/inicio\/wp-json\/wp\/v2\/product_tag?post=7883"}],"curies":[{"name":"wp","href":"https:\/\/api.w.org\/{rel}","templated":true}]}}