{"id":7898,"date":"2022-03-10T22:33:10","date_gmt":"2022-03-10T22:33:10","guid":{"rendered":"https:\/\/www.bazarmerlin.com\/inicio\/?post_type=product&#038;p=7898"},"modified":"2023-08-31T22:49:07","modified_gmt":"2023-08-31T22:49:07","slug":"aceite-7-veces-reversible-retira-mala-suerte-y-brujerias","status":"publish","type":"product","link":"https:\/\/www.bazarmerlin.com\/inicio\/producto\/aceite-7-veces-reversible-retira-mala-suerte-y-brujerias\/","title":{"rendered":"Aceite 7 Veces Reversible &#8211; Retira Mala Suerte Y Brujer\u00edas"},"content":{"rendered":"<p>ACEITE 7 VECES REVERSIBLE<\/p>\n<p>Presentaci\u00f3n de 125 M.L<\/p>\n<p>RETIRA TODA MALA SUERTE, BRUJER\u00cdAS, MALAS VIBRAS Y HECHIZOS<\/p>\n<p>APL\u00cdCALO TODOS LOS D\u00cdAS ANTES DE SALIR DE CASA Y LOGRARAS<br \/>\nATRAER A TU VIDA ABUNDANCIA, \u00c9XITO, AMOR Y MUCHO M\u00c1S&#8230;<\/p>\n<p>En nuestra vida diaria nos enfrentamos a diferentes tipos de situaciones que muchas veces sin nosotros percibirlo nos van acumulando energ\u00eda negativa, alterando sustancialmente nuestra vida en todos los planos: AMOR, DINERO y SALUD.<\/p>\n<p>Este poderoso Aceite es de Uso diario, tanto del cuerpo como de las manos y toda tu energ\u00eda c\u00f3smica y Aurica equilibrando tus Chakras para as\u00ed cambiar de forma inmediata tu suerte.<\/p>\n<p>Modo de Uso:<br \/>\nEste Poderoso Aceite es de uso Corporal, por lo cual debe ponerlo siempre al inicio de cada d\u00eda y repetir la Oraci\u00f3n que ya viene incluida, para que as\u00ed pueda hacer su trabajo y protegerle abri\u00e9ndole caminos y sobre todo \u00faselo con Mucha F\u00e9.<\/p>\n<p>Cuando tienes un problema que crees de dif\u00edcil soluci\u00f3n es bueno recurrir a los rituales de magia, estos siempre nos ayudan a lograr exitosamente los objetivos que queremos conseguir.<\/p>\n<p>Presentaci\u00f3n de 125 M.L<\/p>\n<p>&nbsp;<\/p>\n<p>BAZAR MERLIN\u00ae<br \/>\nEl Lugar M\u00e1s M\u00edstico de Guadalajara<br \/>\nENVIAMOS A TODO M\u00c9XICO&#8230;<\/p>\n<!-- AddThis Advanced Settings generic via filter on the_content --><!-- AddThis Share Buttons generic via filter on the_content -->","protected":false},"excerpt":{"rendered":"<p>ACEITE 7 VECES REVERSIBLE Presentaci\u00f3n de 125 M.L RETIRA TODA MALA SUERTE, BRUJER\u00cdAS, MALAS VIBRAS Y HECHIZOS APL\u00cdCALO TODOS LOS D\u00cdAS ANTES DE SALIR DE CASA Y LOGRARAS ATRAER A TU VIDA ABUNDANCIA, \u00c9XITO, AMOR Y MUCHO M\u00c1S&#8230; En nuestra vida diaria nos enfrentamos a diferentes tipos de situaciones que muchas veces sin nosotros percibirlo&hellip;<!-- AddThis Advanced Settings generic via filter on get_the_excerpt --><!-- AddThis Share Buttons generic via filter on get_the_excerpt --><\/p>\n","protected":false},"featured_media":7899,"template":"","meta":[],"product_cat":[14],"product_tag":[1582,1583],"_links":{"self":[{"href":"https:\/\/www.bazarmerlin.com\/inicio\/wp-json\/wp\/v2\/product\/7898"}],"collection":[{"href":"https:\/\/www.bazarmerlin.com\/inicio\/wp-json\/wp\/v2\/product"}],"about":[{"href":"https:\/\/www.bazarmerlin.com\/inicio\/wp-json\/wp\/v2\/types\/product"}],"wp:featuredmedia":[{"embeddable":true,"href":"https:\/\/www.bazarmerlin.com\/inicio\/wp-json\/wp\/v2\/media\/7899"}],"wp:attachment":[{"href":"https:\/\/www.bazarmerlin.com\/inicio\/wp-json\/wp\/v2\/media?parent=7898"}],"wp:term":[{"taxonomy":"product_cat","embeddable":true,"href":"https:\/\/www.bazarmerlin.com\/inicio\/wp-json\/wp\/v2\/product_cat?post=7898"},{"taxonomy":"product_tag","embeddable":true,"href":"https:\/\/www.bazarmerlin.com\/inicio\/wp-json\/wp\/v2\/product_tag?post=7898"}],"curies":[{"name":"wp","href":"https:\/\/api.w.org\/{rel}","templated":true}]}}