{"id":7909,"date":"2022-03-11T00:40:33","date_gmt":"2022-03-11T00:40:33","guid":{"rendered":"https:\/\/www.bazarmerlin.com\/inicio\/?post_type=product&#038;p=7909"},"modified":"2022-11-01T22:18:25","modified_gmt":"2022-11-01T22:18:25","slug":"tarot-3-d-cartas-grandes-con-22-tarjetas-15-x-8-cms-aprox","status":"publish","type":"product","link":"https:\/\/www.bazarmerlin.com\/inicio\/producto\/tarot-3-d-cartas-grandes-con-22-tarjetas-15-x-8-cms-aprox\/","title":{"rendered":"Tarot 3 D &#8211; Cartas Grandes Con 22 Tarjetas 15 X 8 Cms"},"content":{"rendered":"<p>TAROT 3 D &#8211; CARTAS GRANDES<br \/>\nDE 15 X 8 CMS APROXIMADO<\/p>\n<p>22 CARTAS EN MULTILENGUAJE.<\/p>\n<p>\u00a1Experimenta una nueva dimensi\u00f3n de una baraja de Tarot!<br \/>\nEl Loco, los Amantes, la Emperatriz y los 22 arcanos cobran vida<br \/>\ncomo nunca antes en esta espectacular baraja tridimensional.<\/p>\n<p>El efecto 3D especial se logra a trav\u00e9s de la tecnolog\u00eda de impresi\u00f3n lenticular. Arte de Davide Corsi, 22 tarjetas, 15 X 8 Cms Aproximado ; Instrucciones. Edici\u00f3n en MULTILENGUAJE.<\/p>\n<p>&nbsp;<\/p>\n<p>BAZAR MERLIN\u00ae<br \/>\nEl Lugar M\u00e1s M\u00edstico de Guadalajara<br \/>\nENVIAMOS A TODO M\u00c9XICO&#8230;<\/p>\n<!-- AddThis Advanced Settings generic via filter on the_content --><!-- AddThis Share Buttons generic via filter on the_content -->","protected":false},"excerpt":{"rendered":"<p>TAROT 3 D &#8211; CARTAS GRANDES DE 15 X 8 CMS APROXIMADO 22 CARTAS EN MULTILENGUAJE. \u00a1Experimenta una nueva dimensi\u00f3n de una baraja de Tarot! El Loco, los Amantes, la Emperatriz y los 22 arcanos cobran vida como nunca antes en esta espectacular baraja tridimensional. El efecto 3D especial se logra a trav\u00e9s de la&hellip;<!-- AddThis Advanced Settings generic via filter on get_the_excerpt --><!-- AddThis Share Buttons generic via filter on get_the_excerpt --><\/p>\n","protected":false},"featured_media":7911,"template":"","meta":[],"product_cat":[15],"product_tag":[1588,1587],"_links":{"self":[{"href":"https:\/\/www.bazarmerlin.com\/inicio\/wp-json\/wp\/v2\/product\/7909"}],"collection":[{"href":"https:\/\/www.bazarmerlin.com\/inicio\/wp-json\/wp\/v2\/product"}],"about":[{"href":"https:\/\/www.bazarmerlin.com\/inicio\/wp-json\/wp\/v2\/types\/product"}],"wp:featuredmedia":[{"embeddable":true,"href":"https:\/\/www.bazarmerlin.com\/inicio\/wp-json\/wp\/v2\/media\/7911"}],"wp:attachment":[{"href":"https:\/\/www.bazarmerlin.com\/inicio\/wp-json\/wp\/v2\/media?parent=7909"}],"wp:term":[{"taxonomy":"product_cat","embeddable":true,"href":"https:\/\/www.bazarmerlin.com\/inicio\/wp-json\/wp\/v2\/product_cat?post=7909"},{"taxonomy":"product_tag","embeddable":true,"href":"https:\/\/www.bazarmerlin.com\/inicio\/wp-json\/wp\/v2\/product_tag?post=7909"}],"curies":[{"name":"wp","href":"https:\/\/api.w.org\/{rel}","templated":true}]}}