{"id":791,"date":"2015-07-02T18:57:02","date_gmt":"2015-07-02T18:57:02","guid":{"rendered":"https:\/\/www.bazarmerlin.com\/inicio\/?post_type=product&#038;p=791"},"modified":"2022-10-19T22:56:31","modified_gmt":"2022-10-19T22:56:31","slug":"las-cartas-de-los-angeles-de-la-cabala-81-cartas-y-libro","status":"publish","type":"product","link":"https:\/\/www.bazarmerlin.com\/inicio\/producto\/las-cartas-de-los-angeles-de-la-cabala-81-cartas-y-libro\/","title":{"rendered":"Las Cartas De Los \u00c1ngeles De La Cabala &#8211; 81 Cartas Y Libro"},"content":{"rendered":"<p><strong>LAS CARTAS DE LOS \u00c1NGELES DE LA CABALA<\/strong><br \/>\n<strong>El Poderoso Talisman de los \u00c1ngeles de la Cabala<\/strong><\/p>\n<p>81 CARTAS Y LIBRO<br \/>\n128 p\u00e1ginas<\/p>\n<p>Las 81 cartas de los \u00e1ngeles de la C\u00e1bala, creadas expresamente para la meditaci\u00f3n, est\u00e1n basadas en los 72 nombres divinos, m\u00e1s 9 cartas de los arc\u00e1ngeles de las Sephirot. Las cartas de los \u00e1ngeles de la C\u00e1bala son la extensi\u00f3n de un potente talism\u00e1n reproducido en el dorso de cada carta seg\u00fan lo revel\u00f3 el \u00e1ngel Sariel al autor. Seg\u00fan El Zohar: el Libro del esplendor, Dios no cre\u00f3 personalmente el mundo sino que lo hizo a trav\u00e9s de las sephirot. De este modo el s\u00edmbolo y las cartas contienen la virtud de las sephirot y con ellas podremos comunicarnos con nuestro \u00e1ngel custodio para pedirle que interceda por nosotros y para que se hagan realidad todos nuestros deseos.<\/p>\n<p>Estas cartas son, por lo tanto, un potente instrumento de transformaci\u00f3n y de b\u00fasqueda. Adem\u00e1s de una completa y elaborada simbolog\u00eda, las cartas indican el elemento, el planeta y el signo zodiacal y el \u00e1ngel que preside, as\u00ed como las \u201cfechas de contacto\u201d que nos permiten comunicar con nuestro \u00e1ngel cada 72 d\u00edas desde la fecha de nuestro nacimiento.<\/p>\n<p>&nbsp;<\/p>\n<p>&nbsp;<\/p>\n<p><b>BAZAR MERL\u00cdN\u00ae<\/b><br \/>\n<strong>El Lugar M\u00e1s M\u00edstico de Guadalajara<\/strong><br \/>\n<strong>ENVIAMOS A TODO M\u00c9XICO<\/strong><\/p>\n<!-- AddThis Advanced Settings generic via filter on the_content --><!-- AddThis Share Buttons generic via filter on the_content -->","protected":false},"excerpt":{"rendered":"<p>LAS CARTAS DE LOS \u00c1NGELES DE LA CABALA El Poderoso Talisman de los \u00c1ngeles de la Cabala 81 CARTAS Y LIBRO 128 p\u00e1ginas Las 81 cartas de los \u00e1ngeles de la C\u00e1bala, creadas expresamente para la meditaci\u00f3n, est\u00e1n basadas en los 72 nombres divinos, m\u00e1s 9 cartas de los arc\u00e1ngeles de las Sephirot. Las cartas&hellip;<!-- AddThis Advanced Settings generic via filter on get_the_excerpt --><!-- AddThis Share Buttons generic via filter on get_the_excerpt --><\/p>\n","protected":false},"featured_media":10421,"template":"","meta":[],"product_cat":[15],"product_tag":[637],"_links":{"self":[{"href":"https:\/\/www.bazarmerlin.com\/inicio\/wp-json\/wp\/v2\/product\/791"}],"collection":[{"href":"https:\/\/www.bazarmerlin.com\/inicio\/wp-json\/wp\/v2\/product"}],"about":[{"href":"https:\/\/www.bazarmerlin.com\/inicio\/wp-json\/wp\/v2\/types\/product"}],"wp:featuredmedia":[{"embeddable":true,"href":"https:\/\/www.bazarmerlin.com\/inicio\/wp-json\/wp\/v2\/media\/10421"}],"wp:attachment":[{"href":"https:\/\/www.bazarmerlin.com\/inicio\/wp-json\/wp\/v2\/media?parent=791"}],"wp:term":[{"taxonomy":"product_cat","embeddable":true,"href":"https:\/\/www.bazarmerlin.com\/inicio\/wp-json\/wp\/v2\/product_cat?post=791"},{"taxonomy":"product_tag","embeddable":true,"href":"https:\/\/www.bazarmerlin.com\/inicio\/wp-json\/wp\/v2\/product_tag?post=791"}],"curies":[{"name":"wp","href":"https:\/\/api.w.org\/{rel}","templated":true}]}}