{"id":7935,"date":"2022-03-15T21:07:40","date_gmt":"2022-03-15T21:07:40","guid":{"rendered":"https:\/\/www.bazarmerlin.com\/inicio\/?post_type=product&#038;p=7935"},"modified":"2022-06-08T23:42:21","modified_gmt":"2022-06-08T23:42:21","slug":"talisman-nudo-de-bruja-en-7-metales-con-pentagrama","status":"publish","type":"product","link":"https:\/\/www.bazarmerlin.com\/inicio\/producto\/talisman-nudo-de-bruja-en-7-metales-con-pentagrama\/","title":{"rendered":"Talism\u00e1n Nudo De Bruja &#8211; En 7 Metales Con Pentagrama"},"content":{"rendered":"\n<p>\n\nTALISMAN NUDO DE BRUJA<br>EN 7 METALES Y ENCAPSULADO EN RESINA.<\/p>\n\n\n\n<p>REFORZADO POR LA PARTE POSTERIOR CON PENTAGRAMA.<br>Medida Aproximado 3 Cms diametro.<\/p>\n\n\n\n<p>EL Amuleto Nudo de las Brujas es un legendario amuleto de protecci\u00f3n, asociado con la capacidad m\u00e1gica de crear hechizos anudando trozos de cintas y cordeles.<\/p>\n\n\n\n<p>Empleado (generalmente) por practicantes de Wicca Celta, el Nudo de las Brujas es considerado como un talism\u00e1n capaz de rechazar los conjuros que son arrojados contra su propietario, con intenciones malignas.<\/p>\n\n\n\n<p>El Amuleto Nudo de las Bruja no solo anula los hechizos y la negatividad, sino que la devuelve a la fuente de origen, convirti\u00e9ndose en un eficaz medio de defensa y ataque, para las personas que trabajan con la magia.<\/p>\n\n\n\n<p>La relaci\u00f3n del Nudo de las Brujas con las antiguas practicantes de magia, est\u00e1 basada en los hechizos de ataduras: rituales ancestrales ejecutados con la ayuda de cordeles de fibra natural y en ocasiones una peque\u00f1a figura o imagen.<\/p>\n\n\n\n<p><\/p>\n\n\n\n<p><\/p>\n\n\n\n<p><\/p>\n\n\n\n<p><\/p>\n\n\n\n<p><\/p>\n\n\n\n<p><\/p>\n\n\n\n<p><\/p>\n\n\n\n<p><\/p>\n\n\n\n<p><\/p>\n\n\n\n<div style=\"height:46px\" aria-hidden=\"true\" class=\"wp-block-spacer\"><\/div>\n\n\n\n<p>BAZAR MERLIN<br>El Lugar M\u00e1s M\u00edstico de Guadalajara<br>ENVIAMOS A TODO M\u00c9XICO&#8230; <\/p>\n<!-- AddThis Advanced Settings generic via filter on the_content --><!-- AddThis Share Buttons generic via filter on the_content -->","protected":false},"excerpt":{"rendered":"<p>TALISMAN NUDO DE BRUJAEN 7 METALES Y ENCAPSULADO EN RESINA. REFORZADO POR LA PARTE POSTERIOR CON PENTAGRAMA.Medida Aproximado 3 Cms diametro. EL Amuleto Nudo de las Brujas es un legendario amuleto de protecci\u00f3n, asociado con la capacidad m\u00e1gica de crear hechizos anudando trozos de cintas y cordeles. Empleado (generalmente) por practicantes de Wicca Celta, el&hellip;<!-- AddThis Advanced Settings generic via filter on get_the_excerpt --><!-- AddThis Share Buttons generic via filter on get_the_excerpt --><\/p>\n","protected":false},"featured_media":7943,"template":"","meta":[],"product_cat":[12],"product_tag":[1591,1590],"_links":{"self":[{"href":"https:\/\/www.bazarmerlin.com\/inicio\/wp-json\/wp\/v2\/product\/7935"}],"collection":[{"href":"https:\/\/www.bazarmerlin.com\/inicio\/wp-json\/wp\/v2\/product"}],"about":[{"href":"https:\/\/www.bazarmerlin.com\/inicio\/wp-json\/wp\/v2\/types\/product"}],"wp:featuredmedia":[{"embeddable":true,"href":"https:\/\/www.bazarmerlin.com\/inicio\/wp-json\/wp\/v2\/media\/7943"}],"wp:attachment":[{"href":"https:\/\/www.bazarmerlin.com\/inicio\/wp-json\/wp\/v2\/media?parent=7935"}],"wp:term":[{"taxonomy":"product_cat","embeddable":true,"href":"https:\/\/www.bazarmerlin.com\/inicio\/wp-json\/wp\/v2\/product_cat?post=7935"},{"taxonomy":"product_tag","embeddable":true,"href":"https:\/\/www.bazarmerlin.com\/inicio\/wp-json\/wp\/v2\/product_tag?post=7935"}],"curies":[{"name":"wp","href":"https:\/\/api.w.org\/{rel}","templated":true}]}}