{"id":7944,"date":"2022-03-15T22:44:16","date_gmt":"2022-03-15T22:44:16","guid":{"rendered":"https:\/\/www.bazarmerlin.com\/inicio\/?post_type=product&#038;p=7944"},"modified":"2022-06-08T23:42:21","modified_gmt":"2022-06-08T23:42:21","slug":"talisman-trebol-4-hojas-de-la-buena-suerte-con-pentagrama","status":"publish","type":"product","link":"https:\/\/www.bazarmerlin.com\/inicio\/producto\/talisman-trebol-4-hojas-de-la-buena-suerte-con-pentagrama\/","title":{"rendered":"Talism\u00e1n Tr\u00e9bol 4 Hojas De La Buena Suerte Con Pentagrama"},"content":{"rendered":"\n<p>\n\nTALISMAN TREBOL DE 4 HOJAS.<br>BUENA SUERTE EN TODO Y PROTECCI\u00d3N TOTAL<\/p>\n\n\n\n<p>REFORZADO POR LA PARTE POSTERIOR CON PENTAGRAMA.<br>Medida Aproximado 3 Cms diametro.<\/p>\n\n\n\n<p>HERMOSO Y PODEROSO<br>Este talism\u00e1n te ayudara por la simbolog\u00eda que encierra el TREBOL DE 4 HOJAS,<br>buena suerte en Amor, Dinero, Salud y Paz.<\/p>\n\n\n\n<p>Como por otro lado&#8230;.<br>La simbolog\u00eda mas Poderosa de Protecci\u00f3n que es el PENTAGRAMA ESOT\u00c9RICO.<\/p>\n\n\n\n<p>Este talism\u00e1n esta fabricado con aleaci\u00f3n de 7 metales v\u00edrgenes<\/p>\n\n\n\n<p>Te lo enviamos preparado y consagrado para que funcione muy bien<\/p>\n\n\n\n<div style=\"height:55px\" aria-hidden=\"true\" class=\"wp-block-spacer\"><\/div>\n\n\n\n<p>BAZAR MERL\u00cdN<br>El Lugar M\u00e1s M\u00edstico de Guadalajara<br>ENVIAMOS A TODO M\u00c9XICO&#8230;\n\n<\/p>\n<!-- AddThis Advanced Settings generic via filter on the_content --><!-- AddThis Share Buttons generic via filter on the_content -->","protected":false},"excerpt":{"rendered":"<p>TALISMAN TREBOL DE 4 HOJAS.BUENA SUERTE EN TODO Y PROTECCI\u00d3N TOTAL REFORZADO POR LA PARTE POSTERIOR CON PENTAGRAMA.Medida Aproximado 3 Cms diametro. HERMOSO Y PODEROSOEste talism\u00e1n te ayudara por la simbolog\u00eda que encierra el TREBOL DE 4 HOJAS,buena suerte en Amor, Dinero, Salud y Paz. Como por otro lado&#8230;.La simbolog\u00eda mas Poderosa de Protecci\u00f3n que&hellip;<!-- AddThis Advanced Settings generic via filter on get_the_excerpt --><!-- AddThis Share Buttons generic via filter on get_the_excerpt --><\/p>\n","protected":false},"featured_media":7945,"template":"","meta":[],"product_cat":[12],"product_tag":[1592],"_links":{"self":[{"href":"https:\/\/www.bazarmerlin.com\/inicio\/wp-json\/wp\/v2\/product\/7944"}],"collection":[{"href":"https:\/\/www.bazarmerlin.com\/inicio\/wp-json\/wp\/v2\/product"}],"about":[{"href":"https:\/\/www.bazarmerlin.com\/inicio\/wp-json\/wp\/v2\/types\/product"}],"wp:featuredmedia":[{"embeddable":true,"href":"https:\/\/www.bazarmerlin.com\/inicio\/wp-json\/wp\/v2\/media\/7945"}],"wp:attachment":[{"href":"https:\/\/www.bazarmerlin.com\/inicio\/wp-json\/wp\/v2\/media?parent=7944"}],"wp:term":[{"taxonomy":"product_cat","embeddable":true,"href":"https:\/\/www.bazarmerlin.com\/inicio\/wp-json\/wp\/v2\/product_cat?post=7944"},{"taxonomy":"product_tag","embeddable":true,"href":"https:\/\/www.bazarmerlin.com\/inicio\/wp-json\/wp\/v2\/product_tag?post=7944"}],"curies":[{"name":"wp","href":"https:\/\/api.w.org\/{rel}","templated":true}]}}