{"id":7964,"date":"2022-03-17T00:04:28","date_gmt":"2022-03-17T00:04:28","guid":{"rendered":"https:\/\/www.bazarmerlin.com\/inicio\/?post_type=product&#038;p=7964"},"modified":"2022-06-08T23:42:21","modified_gmt":"2022-06-08T23:42:21","slug":"tarot-mistico-del-gato-78-cartas","status":"publish","type":"product","link":"https:\/\/www.bazarmerlin.com\/inicio\/producto\/tarot-mistico-del-gato-78-cartas\/","title":{"rendered":"Tarot M\u00edstico Del Gato &#8211; 78 Cartas"},"content":{"rendered":"\n<p>TAROT MISTICO DEL GATO<br>78 CARTAS Y MANUAL DE USO.<br><br>Descubre a estos gatos m\u00edsticos en toda su gloria peluda. Cualquiera que haya sido due\u00f1o de un gato, o que el gato haya sido due\u00f1o de \u00e9l, conoce su naturaleza m\u00e1gica. Desde hace mucho tiempo hemos tratado de conocer los secretos felinos y ahora puedes echar un vistazo a su mundo con esta baraja basada en el tarot de Rider-Waite y el libro complementario.<br><br>Adem\u00e1s de revelarte las respuestas a tus preguntas m\u00e1s importantes, el hermoso Tarot m\u00edstico del gato presenta razas dom\u00e9sticas que se parecen a los gatos normales y se comportan como ellos, pero sugieren lecciones de vida a trav\u00e9s de los relatos a los que se enfrentan. Los arcanos mayores est\u00e1n interpretados por los misterios de los gatos y los arcanos menores est\u00e1n agrupados en los Clanes de Tierra, Mar, Fuego y Cielo; esta linda baraja presenta a los descendientes mismos de la Diosa Gato en todo su esplendor.<br><br><br>BAZAR MERLIN<br>El Lugar M\u00e1s M\u00edstico de Guadalajara<br>ENVIAMOS A TODO M\u00c9XICO&#8230;<br><\/p>\n<!-- AddThis Advanced Settings generic via filter on the_content --><!-- AddThis Share Buttons generic via filter on the_content -->","protected":false},"excerpt":{"rendered":"<p>TAROT MISTICO DEL GATO78 CARTAS Y MANUAL DE USO. Descubre a estos gatos m\u00edsticos en toda su gloria peluda. Cualquiera que haya sido due\u00f1o de un gato, o que el gato haya sido due\u00f1o de \u00e9l, conoce su naturaleza m\u00e1gica. Desde hace mucho tiempo hemos tratado de conocer los secretos felinos y ahora puedes echar&hellip;<!-- AddThis Advanced Settings generic via filter on get_the_excerpt --><!-- AddThis Share Buttons generic via filter on get_the_excerpt --><\/p>\n","protected":false},"featured_media":7967,"template":"","meta":[],"product_cat":[15],"product_tag":[1598],"_links":{"self":[{"href":"https:\/\/www.bazarmerlin.com\/inicio\/wp-json\/wp\/v2\/product\/7964"}],"collection":[{"href":"https:\/\/www.bazarmerlin.com\/inicio\/wp-json\/wp\/v2\/product"}],"about":[{"href":"https:\/\/www.bazarmerlin.com\/inicio\/wp-json\/wp\/v2\/types\/product"}],"wp:featuredmedia":[{"embeddable":true,"href":"https:\/\/www.bazarmerlin.com\/inicio\/wp-json\/wp\/v2\/media\/7967"}],"wp:attachment":[{"href":"https:\/\/www.bazarmerlin.com\/inicio\/wp-json\/wp\/v2\/media?parent=7964"}],"wp:term":[{"taxonomy":"product_cat","embeddable":true,"href":"https:\/\/www.bazarmerlin.com\/inicio\/wp-json\/wp\/v2\/product_cat?post=7964"},{"taxonomy":"product_tag","embeddable":true,"href":"https:\/\/www.bazarmerlin.com\/inicio\/wp-json\/wp\/v2\/product_tag?post=7964"}],"curies":[{"name":"wp","href":"https:\/\/api.w.org\/{rel}","templated":true}]}}