{"id":7974,"date":"2022-03-19T00:39:58","date_gmt":"2022-03-19T00:39:58","guid":{"rendered":"https:\/\/www.bazarmerlin.com\/inicio\/?post_type=product&#038;p=7974"},"modified":"2022-10-21T23:54:25","modified_gmt":"2022-10-21T23:54:25","slug":"oraculo-sanacion-del-arcangel-rafael","status":"publish","type":"product","link":"https:\/\/www.bazarmerlin.com\/inicio\/producto\/oraculo-sanacion-del-arcangel-rafael\/","title":{"rendered":"Or\u00e1culo Sanaci\u00f3n Del Arc\u00e1ngel Rafael"},"content":{"rendered":"\r\n<p>Or\u00e1culo Sanaci\u00f3n Del Arc\u00e1ngel Rafael Original<\/p>\r\n\r\n\r\n\r\n<p>44 CARTAS Y LIBRO MANUAL.<br \/>AUTOR: DOREEN VIRTUE<\/p>\r\n\r\n\r\n\r\n<p>Rafael, el arc\u00e1ngel sanador, tiene el poder de aliviar los males del cuerpo y del esp\u00edritu.<\/p>\r\n\r\n\r\n\r\n<p>Devuelve la confianza y proporciona salud, alegr\u00eda y<br \/>vitalidad a todos aquellos que se dirigen a \u00e9l.<\/p>\r\n\r\n\r\n\r\n<p>Ahora puedes hacer lecturas acertadas, amorosas y \u00fatiles para ti y<br \/>para los dem\u00e1s sobre temas de salud y sanaci\u00f3n.<\/p>\r\n\r\n\r\n\r\n<p>Cada carta del or\u00e1culo contiene una hermosa ilustraci\u00f3n del arc\u00e1ngel Rafael.<\/p>\r\n\r\n\r\n\r\n<p>44 CARTAS Y LIBRO MANUAL.<br \/>AUTOR: DOREEN VIRTUE<\/p>\r\n\r\n\r\n\r\n<div class=\"wp-block-spacer\" style=\"height: 50px;\" aria-hidden=\"true\">\u00a0<\/div>\r\n\r\n\r\n\r\n<p>BAZAR MERLIN<br \/>El Lugar M\u00e1s M\u00edstico de Guadalajara<br \/>ENVIAMOS A TODO M\u00c9XICO Y EL MUNDO\u2026<\/p>\r\n<!-- AddThis Advanced Settings generic via filter on the_content --><!-- AddThis Share Buttons generic via filter on the_content -->","protected":false},"excerpt":{"rendered":"<p>Or\u00e1culo Sanaci\u00f3n Del Arc\u00e1ngel Rafael Original 44 CARTAS Y LIBRO MANUAL.AUTOR: DOREEN VIRTUE Rafael, el arc\u00e1ngel sanador, tiene el poder de aliviar los males del cuerpo y del esp\u00edritu. Devuelve la confianza y proporciona salud, alegr\u00eda yvitalidad a todos aquellos que se dirigen a \u00e9l. Ahora puedes hacer lecturas acertadas, amorosas y \u00fatiles para ti&hellip;<!-- AddThis Advanced Settings generic via filter on get_the_excerpt --><!-- AddThis Share Buttons generic via filter on get_the_excerpt --><\/p>\n","protected":false},"featured_media":10434,"template":"","meta":[],"product_cat":[15],"product_tag":[1600],"_links":{"self":[{"href":"https:\/\/www.bazarmerlin.com\/inicio\/wp-json\/wp\/v2\/product\/7974"}],"collection":[{"href":"https:\/\/www.bazarmerlin.com\/inicio\/wp-json\/wp\/v2\/product"}],"about":[{"href":"https:\/\/www.bazarmerlin.com\/inicio\/wp-json\/wp\/v2\/types\/product"}],"wp:featuredmedia":[{"embeddable":true,"href":"https:\/\/www.bazarmerlin.com\/inicio\/wp-json\/wp\/v2\/media\/10434"}],"wp:attachment":[{"href":"https:\/\/www.bazarmerlin.com\/inicio\/wp-json\/wp\/v2\/media?parent=7974"}],"wp:term":[{"taxonomy":"product_cat","embeddable":true,"href":"https:\/\/www.bazarmerlin.com\/inicio\/wp-json\/wp\/v2\/product_cat?post=7974"},{"taxonomy":"product_tag","embeddable":true,"href":"https:\/\/www.bazarmerlin.com\/inicio\/wp-json\/wp\/v2\/product_tag?post=7974"}],"curies":[{"name":"wp","href":"https:\/\/api.w.org\/{rel}","templated":true}]}}