{"id":7992,"date":"2022-03-28T19:39:09","date_gmt":"2022-03-28T19:39:09","guid":{"rendered":"https:\/\/www.bazarmerlin.com\/inicio\/?post_type=product&#038;p=7992"},"modified":"2024-06-20T23:56:28","modified_gmt":"2024-06-20T23:56:28","slug":"cartas-del-oraculo-mandalas-de-los-cristales-alana-fairchild","status":"publish","type":"product","link":"https:\/\/www.bazarmerlin.com\/inicio\/producto\/cartas-del-oraculo-mandalas-de-los-cristales-alana-fairchild\/","title":{"rendered":"Cartas Del Or\u00e1culo M\u00e1ndalas De Los Cristales Alana Fairchild"},"content":{"rendered":"\r\n<p>CARTAS DEL OR\u00c1CULO MANDALAS DE LOS CRISTALES<br \/>ALANA FAIRCHILD<\/p>\r\n<p>&nbsp;<\/p>\r\n\r\n\r\n\r\n<p>54 Cartas y un Libro Gu\u00eda<\/p>\r\n\r\n\r\n\r\n<p>En tu interior hay un esp\u00edritu libre que se niega a ser definido por los estereotipos sociales y cree en tu derecho a vivir tus sue\u00f1os, sin importar lo extra\u00f1os o creativos que puedan ser, y a divertirte al hacerlo. Bien sea que ya est\u00e9s reclamando c\u00f3modamente tu extra\u00f1a belleza o que apenas est\u00e9s empezando a explorar la posibilidad de que tal vez realmente seas un ave del para\u00edso en un campo de margaritas,<\/p>\r\n\r\n\r\n\r\n<p>estas cartas y este or\u00e1culo est\u00e1n dise\u00f1ados para animarte. Te recordar\u00e1n que debes vivir tu verdad y reemplazar la actitud de \u201cactuar a la segura\u201d con la de bailar en la zona de \u201cincomodidad\u201d del crecimiento y la creatividad llena de osad\u00eda.<\/p>\r\n\r\n\r\n\r\n<div class=\"wp-block-spacer\" style=\"height: 60px;\" aria-hidden=\"true\">\u00a0<\/div>\r\n\r\n\r\n\r\n<p>BAZAR MERL\u00cdN<br \/>El Lugar M\u00e1s M\u00edstico de Guadalajara<br \/>ENVIAMOS A TODO M\u00c9XICO&#8230;<\/p>\r\n<!-- AddThis Advanced Settings generic via filter on the_content --><!-- AddThis Share Buttons generic via filter on the_content -->","protected":false},"excerpt":{"rendered":"<p>CARTAS DEL OR\u00c1CULO MANDALAS DE LOS CRISTALESALANA FAIRCHILD &nbsp; 54 Cartas y un Libro Gu\u00eda En tu interior hay un esp\u00edritu libre que se niega a ser definido por los estereotipos sociales y cree en tu derecho a vivir tus sue\u00f1os, sin importar lo extra\u00f1os o creativos que puedan ser, y a divertirte al hacerlo.&hellip;<!-- AddThis Advanced Settings generic via filter on get_the_excerpt --><!-- AddThis Share Buttons generic via filter on get_the_excerpt --><\/p>\n","protected":false},"featured_media":7993,"template":"","meta":[],"product_cat":[15],"product_tag":[1605],"_links":{"self":[{"href":"https:\/\/www.bazarmerlin.com\/inicio\/wp-json\/wp\/v2\/product\/7992"}],"collection":[{"href":"https:\/\/www.bazarmerlin.com\/inicio\/wp-json\/wp\/v2\/product"}],"about":[{"href":"https:\/\/www.bazarmerlin.com\/inicio\/wp-json\/wp\/v2\/types\/product"}],"wp:featuredmedia":[{"embeddable":true,"href":"https:\/\/www.bazarmerlin.com\/inicio\/wp-json\/wp\/v2\/media\/7993"}],"wp:attachment":[{"href":"https:\/\/www.bazarmerlin.com\/inicio\/wp-json\/wp\/v2\/media?parent=7992"}],"wp:term":[{"taxonomy":"product_cat","embeddable":true,"href":"https:\/\/www.bazarmerlin.com\/inicio\/wp-json\/wp\/v2\/product_cat?post=7992"},{"taxonomy":"product_tag","embeddable":true,"href":"https:\/\/www.bazarmerlin.com\/inicio\/wp-json\/wp\/v2\/product_tag?post=7992"}],"curies":[{"name":"wp","href":"https:\/\/api.w.org\/{rel}","templated":true}]}}