{"id":7995,"date":"2022-03-28T19:47:38","date_gmt":"2022-03-28T19:47:38","guid":{"rendered":"https:\/\/www.bazarmerlin.com\/inicio\/?post_type=product&#038;p=7995"},"modified":"2022-06-08T23:42:22","modified_gmt":"2022-06-08T23:42:22","slug":"cartas-del-oraculo-unicornios-original","status":"publish","type":"product","link":"https:\/\/www.bazarmerlin.com\/inicio\/producto\/cartas-del-oraculo-unicornios-original\/","title":{"rendered":"Cartas Del Or\u00e1culo Unicornios. &#8211; Original"},"content":{"rendered":"\n<p>\n\nORACULO UNICORNIO &#8211; CORDELIA F-<br>44 CARTAS Y UN LIBRO GUIA.<\/p>\n\n\n\n<p>Medidas: 12 c.m de Alto x 7 c.m de ancho<\/p>\n\n\n\n<p>Los unicornios son s\u00edmbolo de milagros, pureza y magia, cuentan con una energ\u00eda n\u00edtida y poderosa. Los gu\u00edas unicornios de estas cartas est\u00e1n para ayudarte a descubrir la magia que hay en tu interior y aproveches el poder infinito del universo para hacer milagros y mover monta\u00f1as.<\/p>\n\n\n\n<p>Los unicornios, las criaturas m\u00edsticas m\u00e1s fascinantes, son s\u00edmbolo de milagros, pureza y magia.<\/p>\n\n\n\n<p>Igual que las sirenas, las hadas y los dragones, los unicornios tambi\u00e9n tienen una energ\u00eda espiritual n\u00edtida y poderosa.<\/p>\n\n\n\n<p>Conoce su maravilloso reino a trav\u00e9s del or\u00e1culo de los unicornios y despierta tu intuici\u00f3n, tu sabidur\u00eda innata, tus dones \u00fanicos, tu valor extraordinario, tu potencial divino.<\/p>\n\n\n\n<div style=\"height:54px\" aria-hidden=\"true\" class=\"wp-block-spacer\"><\/div>\n\n\n\n<p>BAZAR MERLIN\u00ae<br>El Lugar M\u00e1s M\u00edstico de Guadalajara<br>ENVIAMOS A TODO M\u00c9XICO&#8230;\n\n<\/p>\n<!-- AddThis Advanced Settings generic via filter on the_content --><!-- AddThis Share Buttons generic via filter on the_content -->","protected":false},"excerpt":{"rendered":"<p>ORACULO UNICORNIO &#8211; CORDELIA F-44 CARTAS Y UN LIBRO GUIA. Medidas: 12 c.m de Alto x 7 c.m de ancho Los unicornios son s\u00edmbolo de milagros, pureza y magia, cuentan con una energ\u00eda n\u00edtida y poderosa. Los gu\u00edas unicornios de estas cartas est\u00e1n para ayudarte a descubrir la magia que hay en tu interior y&hellip;<!-- AddThis Advanced Settings generic via filter on get_the_excerpt --><!-- AddThis Share Buttons generic via filter on get_the_excerpt --><\/p>\n","protected":false},"featured_media":7996,"template":"","meta":[],"product_cat":[15],"product_tag":[1606,570],"_links":{"self":[{"href":"https:\/\/www.bazarmerlin.com\/inicio\/wp-json\/wp\/v2\/product\/7995"}],"collection":[{"href":"https:\/\/www.bazarmerlin.com\/inicio\/wp-json\/wp\/v2\/product"}],"about":[{"href":"https:\/\/www.bazarmerlin.com\/inicio\/wp-json\/wp\/v2\/types\/product"}],"wp:featuredmedia":[{"embeddable":true,"href":"https:\/\/www.bazarmerlin.com\/inicio\/wp-json\/wp\/v2\/media\/7996"}],"wp:attachment":[{"href":"https:\/\/www.bazarmerlin.com\/inicio\/wp-json\/wp\/v2\/media?parent=7995"}],"wp:term":[{"taxonomy":"product_cat","embeddable":true,"href":"https:\/\/www.bazarmerlin.com\/inicio\/wp-json\/wp\/v2\/product_cat?post=7995"},{"taxonomy":"product_tag","embeddable":true,"href":"https:\/\/www.bazarmerlin.com\/inicio\/wp-json\/wp\/v2\/product_tag?post=7995"}],"curies":[{"name":"wp","href":"https:\/\/api.w.org\/{rel}","templated":true}]}}