{"id":7998,"date":"2022-03-28T19:53:39","date_gmt":"2022-03-28T19:53:39","guid":{"rendered":"https:\/\/www.bazarmerlin.com\/inicio\/?post_type=product&#038;p=7998"},"modified":"2022-11-02T00:15:25","modified_gmt":"2022-11-02T00:15:25","slug":"tarot-revelaciones-78-cartas-bellamente-ilustradas","status":"publish","type":"product","link":"https:\/\/www.bazarmerlin.com\/inicio\/producto\/tarot-revelaciones-78-cartas-bellamente-ilustradas\/","title":{"rendered":"Tarot Revelaciones &#8211; 78 Cartas Bellamente Ilustradas"},"content":{"rendered":"\n<p>\n\nTAROT REVELACIONES<br>78 CARTAS Y MANUAL INCLUIDO.<\/p>\n\n\n\n<p>Autor: Zach Wong<\/p>\n\n\n\n<p>Su autor Zach Wong en cada carta nos revela en una misma imagen el aspecto de luz y sombra.<\/p>\n\n\n\n<p>Las revelaciones del tarot ha iluminado obras de arte con un efecto de remolino que recuerda al de los vidrieros. Su t\u00e9cnica tambien es de doble extremo con una imagen en invertida fusi\u00f3n en el centro de la tarjeta.<\/p>\n\n\n\n<p>Im\u00e1genes iconicas que representan una lecci\u00f3n que hay que aprender, un ser que se estudiar\u00e1 o una situaci\u00f3n representada.<br>Cada personaje de los arcanos lleva una mascara sobre su cara representado por las lineas que se rompen boca abajo con las secciones.<\/p>\n\n\n\n<p>La mascara no es m\u00e1s que una representaci\u00f3n de una relaci\u00f3n humana, simjilar a las de los dioses miticos que se interponen entre nosotros para facilitar la compresi\u00f3n de los mensajes que entregan.<\/p>\n\n\n\n<p>Adflatus, del latin aliento o inspiraci\u00f3n fue concebido a principios del a\u00f1o 2000 en medio de un viaje, emprendido por su autor para tratar de entender el lenguaje del tarot.<\/p>\n\n\n\n<p>Ideal para principiantes, pero lo suficientemente innovador para deleitar a lectores experimentados.<\/p>\n\n\n\n<div style=\"height:66px\" aria-hidden=\"true\" class=\"wp-block-spacer\"><\/div>\n\n\n\n<p>BAZAR MERLIN\u00ae<br>El Lugar M\u00e1s M\u00edstico de Guadalajara<br>ENVIAMOS A TODO M\u00c9XICO Y EL MUNDO\u2026\n\n<\/p>\n<!-- AddThis Advanced Settings generic via filter on the_content --><!-- AddThis Share Buttons generic via filter on the_content -->","protected":false},"excerpt":{"rendered":"<p>TAROT REVELACIONES78 CARTAS Y MANUAL INCLUIDO. Autor: Zach Wong Su autor Zach Wong en cada carta nos revela en una misma imagen el aspecto de luz y sombra. Las revelaciones del tarot ha iluminado obras de arte con un efecto de remolino que recuerda al de los vidrieros. Su t\u00e9cnica tambien es de doble extremo&hellip;<!-- AddThis Advanced Settings generic via filter on get_the_excerpt --><!-- AddThis Share Buttons generic via filter on get_the_excerpt --><\/p>\n","protected":false},"featured_media":7999,"template":"","meta":[],"product_cat":[15],"product_tag":[1607],"_links":{"self":[{"href":"https:\/\/www.bazarmerlin.com\/inicio\/wp-json\/wp\/v2\/product\/7998"}],"collection":[{"href":"https:\/\/www.bazarmerlin.com\/inicio\/wp-json\/wp\/v2\/product"}],"about":[{"href":"https:\/\/www.bazarmerlin.com\/inicio\/wp-json\/wp\/v2\/types\/product"}],"wp:featuredmedia":[{"embeddable":true,"href":"https:\/\/www.bazarmerlin.com\/inicio\/wp-json\/wp\/v2\/media\/7999"}],"wp:attachment":[{"href":"https:\/\/www.bazarmerlin.com\/inicio\/wp-json\/wp\/v2\/media?parent=7998"}],"wp:term":[{"taxonomy":"product_cat","embeddable":true,"href":"https:\/\/www.bazarmerlin.com\/inicio\/wp-json\/wp\/v2\/product_cat?post=7998"},{"taxonomy":"product_tag","embeddable":true,"href":"https:\/\/www.bazarmerlin.com\/inicio\/wp-json\/wp\/v2\/product_tag?post=7998"}],"curies":[{"name":"wp","href":"https:\/\/api.w.org\/{rel}","templated":true}]}}