{"id":8001,"date":"2022-03-28T20:01:41","date_gmt":"2022-03-28T20:01:41","guid":{"rendered":"https:\/\/www.bazarmerlin.com\/inicio\/?post_type=product&#038;p=8001"},"modified":"2022-06-08T23:42:22","modified_gmt":"2022-06-08T23:42:22","slug":"vikingos-cartas-del-oraculo-incluye-45-cartas-libro-guia","status":"publish","type":"product","link":"https:\/\/www.bazarmerlin.com\/inicio\/producto\/vikingos-cartas-del-oraculo-incluye-45-cartas-libro-guia\/","title":{"rendered":"Vikingos Cartas Del Or\u00e1culo Incluye 45 Cartas + Libro Gu\u00eda"},"content":{"rendered":"\n<p>\n\nOR\u00c1CULO VIKINGOS<br>LA SABIDUR\u00cdA DE LOS ESCANDINAVOS<\/p>\n\n\n\n<p>45 CARTAS Y LIBRO GUIA.<\/p>\n\n\n\n<p>LA SABIDUR\u00cdA DE LOS ESCANDINAVOS DE LA ANTIG\u00dcEDAD<\/p>\n\n\n\n<p>Al combinar el simbolismo y el significado adivinatorio de las 25 runas n\u00f3rdicas con 20 cartas adicionales que presentan temas vikingos, el or\u00e1culo Vikingos es un instrumento poderoso y muy completo para el conocimiento y la gu\u00eda a partir de la tradici\u00f3n escandinava.<\/p>\n\n\n\n<p>Estas cartas ofrecen un portal que nos remonta en el tiempo y nos lleva a la intrigante cultura de la sociedad vikinga de la antig\u00fcedad, que va m\u00e1s all\u00e1 de los estereotipos de los guerreros y los invasores y se sumerge en la extraordinaria mitolog\u00eda escandinava y en el intrincado y poderoso sistema de creencias de estos pueblos antiguos.<\/p>\n\n\n\n<p><\/p>\n\n\n\n<div style=\"height:52px\" aria-hidden=\"true\" class=\"wp-block-spacer\"><\/div>\n\n\n\n<p>BAZAR MERL\u00cdN<br>El Lugar M\u00e1s M\u00edstico de Guadalajara<br>ENVIAMOS A TODO M\u00c9XICO&#8230;\n\n<\/p>\n<!-- AddThis Advanced Settings generic via filter on the_content --><!-- AddThis Share Buttons generic via filter on the_content -->","protected":false},"excerpt":{"rendered":"<p>OR\u00c1CULO VIKINGOSLA SABIDUR\u00cdA DE LOS ESCANDINAVOS 45 CARTAS Y LIBRO GUIA. LA SABIDUR\u00cdA DE LOS ESCANDINAVOS DE LA ANTIG\u00dcEDAD Al combinar el simbolismo y el significado adivinatorio de las 25 runas n\u00f3rdicas con 20 cartas adicionales que presentan temas vikingos, el or\u00e1culo Vikingos es un instrumento poderoso y muy completo para el conocimiento y la&hellip;<!-- AddThis Advanced Settings generic via filter on get_the_excerpt --><!-- AddThis Share Buttons generic via filter on get_the_excerpt --><\/p>\n","protected":false},"featured_media":8002,"template":"","meta":[],"product_cat":[15],"product_tag":[1609],"_links":{"self":[{"href":"https:\/\/www.bazarmerlin.com\/inicio\/wp-json\/wp\/v2\/product\/8001"}],"collection":[{"href":"https:\/\/www.bazarmerlin.com\/inicio\/wp-json\/wp\/v2\/product"}],"about":[{"href":"https:\/\/www.bazarmerlin.com\/inicio\/wp-json\/wp\/v2\/types\/product"}],"wp:featuredmedia":[{"embeddable":true,"href":"https:\/\/www.bazarmerlin.com\/inicio\/wp-json\/wp\/v2\/media\/8002"}],"wp:attachment":[{"href":"https:\/\/www.bazarmerlin.com\/inicio\/wp-json\/wp\/v2\/media?parent=8001"}],"wp:term":[{"taxonomy":"product_cat","embeddable":true,"href":"https:\/\/www.bazarmerlin.com\/inicio\/wp-json\/wp\/v2\/product_cat?post=8001"},{"taxonomy":"product_tag","embeddable":true,"href":"https:\/\/www.bazarmerlin.com\/inicio\/wp-json\/wp\/v2\/product_tag?post=8001"}],"curies":[{"name":"wp","href":"https:\/\/api.w.org\/{rel}","templated":true}]}}