{"id":801,"date":"2015-07-02T19:09:29","date_gmt":"2015-07-02T19:09:29","guid":{"rendered":"https:\/\/www.bazarmerlin.com\/inicio\/?post_type=product&#038;p=801"},"modified":"2022-10-24T20:57:17","modified_gmt":"2022-10-24T20:57:17","slug":"tarot-de-los-gatos-22-cartas-y-libro-alejandro-jodorowsky","status":"publish","type":"product","link":"https:\/\/www.bazarmerlin.com\/inicio\/producto\/tarot-de-los-gatos-22-cartas-y-libro-alejandro-jodorowsky\/","title":{"rendered":"Tarot De Los Gatos &#8211; Alejandro Jodorowsky &#8211; Cartas Y Libro"},"content":{"rendered":"<p><strong>EL TAROT DE LOS GATOS<\/strong><\/p>\n<p>&nbsp;<\/p>\n<p>INCLUYE:<br \/>\n-22 CARTAS<br \/>\n( ARCANOS MAYORES )<br \/>\n-LIBRO MANUAL<\/p>\n<p>Autor: ALEJANDRO JODOROWSKY<\/p>\n<p>Nuestros gatos no son s\u00f3lo yoga, zen, masajes, taich\u00ed: tambi\u00e9n echan las cartas del tarot, el arte tradicional de la adivinaci\u00f3n que se utiliza principalmente para entender las propias reacciones ante situaciones diversas, externas o internas, m\u00e1s o menos problem\u00e1ticas.<\/p>\n<p>Entra en este juego de 22 cartas que reproducen los arcanos mayores del tarot en forma de gatos. Dos amantes de la raza felina nos inician en este tarot: Alejandro Jodorowsky, con sus 22 relatos simb\u00f3licos para cada carta, y Christian Gaudin con los dibujos de los gatos que ilustran cada carta. Ambos trabajos son m\u00e1s que inspiradores, son simplemente geniales.<\/p>\n<p>&nbsp;<\/p>\n<p>&nbsp;<\/p>\n<p><strong>BAZAR MERLIN\u00ae<\/strong><br \/>\n<strong>El Lugar M\u00e1s M\u00edstico de Guadalajara<\/strong><br \/>\n<strong>ENVIAMOS A TODO M\u00c9XICO<\/strong><\/p>\n<!-- AddThis Advanced Settings generic via filter on the_content --><!-- AddThis Share Buttons generic via filter on the_content -->","protected":false},"excerpt":{"rendered":"<p>EL TAROT DE LOS GATOS &nbsp; INCLUYE: -22 CARTAS ( ARCANOS MAYORES ) -LIBRO MANUAL Autor: ALEJANDRO JODOROWSKY Nuestros gatos no son s\u00f3lo yoga, zen, masajes, taich\u00ed: tambi\u00e9n echan las cartas del tarot, el arte tradicional de la adivinaci\u00f3n que se utiliza principalmente para entender las propias reacciones ante situaciones diversas, externas o internas, m\u00e1s&hellip;<!-- AddThis Advanced Settings generic via filter on get_the_excerpt --><!-- AddThis Share Buttons generic via filter on get_the_excerpt --><\/p>\n","protected":false},"featured_media":10524,"template":"","meta":[],"product_cat":[15],"product_tag":[639,566,98],"_links":{"self":[{"href":"https:\/\/www.bazarmerlin.com\/inicio\/wp-json\/wp\/v2\/product\/801"}],"collection":[{"href":"https:\/\/www.bazarmerlin.com\/inicio\/wp-json\/wp\/v2\/product"}],"about":[{"href":"https:\/\/www.bazarmerlin.com\/inicio\/wp-json\/wp\/v2\/types\/product"}],"wp:featuredmedia":[{"embeddable":true,"href":"https:\/\/www.bazarmerlin.com\/inicio\/wp-json\/wp\/v2\/media\/10524"}],"wp:attachment":[{"href":"https:\/\/www.bazarmerlin.com\/inicio\/wp-json\/wp\/v2\/media?parent=801"}],"wp:term":[{"taxonomy":"product_cat","embeddable":true,"href":"https:\/\/www.bazarmerlin.com\/inicio\/wp-json\/wp\/v2\/product_cat?post=801"},{"taxonomy":"product_tag","embeddable":true,"href":"https:\/\/www.bazarmerlin.com\/inicio\/wp-json\/wp\/v2\/product_tag?post=801"}],"curies":[{"name":"wp","href":"https:\/\/api.w.org\/{rel}","templated":true}]}}