{"id":8011,"date":"2022-03-31T00:30:00","date_gmt":"2022-03-31T00:30:00","guid":{"rendered":"https:\/\/www.bazarmerlin.com\/inicio\/?post_type=product&#038;p=8011"},"modified":"2022-11-01T23:13:25","modified_gmt":"2022-11-01T23:13:25","slug":"dije-de-la-cruz-egipcia-en-chapa-de-oro","status":"publish","type":"product","link":"https:\/\/www.bazarmerlin.com\/inicio\/producto\/dije-de-la-cruz-egipcia-en-chapa-de-oro\/","title":{"rendered":"Dije De La Cruz Egipcia En Chapa De Oro"},"content":{"rendered":"\r\n<p><strong>DIJE CRUZ EGIPCIA<\/strong><br \/><strong>mide aproximadamente 4 cm<\/strong><\/p>\r\n<p>&nbsp;<\/p>\r\n\r\n\r\n\r\n<p>El Ankh o Anj se le relaciona con la diosa Isis, s\u00edmbolo del renacimiento y la maternidad, y su esposo Osiris, ya que cuando fue asesinado ella le resucit\u00f3.<\/p>\r\n\r\n\r\n\r\n<p>As\u00ed pues, simboliza la llave que abre la puerta del para\u00edso, de ah\u00ed que tambi\u00e9n sea conocida como la llave de la vida. Representa la inmortalidad, la resurrecci\u00f3n.<\/p>\r\n\r\n\r\n\r\n<p>Para los egipcios, la muerte era un paso transcendental para llegar a la vida eterna. Por eso, los faraones eran momificados con una cruz egipcia entre las vendas, cerca de la boca, porque la llave daba el \u00faltimo aliento hacia esta nueva etapa.<\/p>\r\n\r\n\r\n\r\n<p>Y si adem\u00e1s llevaba incrustado un escarabajo se convert\u00eda en un amuleto todav\u00eda m\u00e1s poderoso. En vida, este insecto cole\u00f3ptero proteg\u00eda a su portador del mal y le daba fuerza. Una vez muertos, posibilitaba la reencarnaci\u00f3n y la vida eterna.<\/p>\r\n\r\n\r\n\r\n<p>&nbsp;<\/p>\r\n\r\n\r\n\r\n<div aria-hidden=\"true\">\u00a0<\/div>\r\n<div aria-hidden=\"true\">\u00a0<\/div>\r\n<p><strong>\r\n\r\n<\/strong><\/p>\r\n<p><strong>BAZAR MERLIN\u00ae<\/strong><br \/><strong>El Lugar M\u00e1s M\u00edstico de Guadalajara<\/strong><br \/><strong>ENVIAMOS A TODO M\u00c9XICO&#8230;<\/strong><\/p>\r\n<!-- AddThis Advanced Settings generic via filter on the_content --><!-- AddThis Share Buttons generic via filter on the_content -->","protected":false},"excerpt":{"rendered":"<p>DIJE CRUZ EGIPCIAmide aproximadamente 4 cm &nbsp; El Ankh o Anj se le relaciona con la diosa Isis, s\u00edmbolo del renacimiento y la maternidad, y su esposo Osiris, ya que cuando fue asesinado ella le resucit\u00f3. As\u00ed pues, simboliza la llave que abre la puerta del para\u00edso, de ah\u00ed que tambi\u00e9n sea conocida como la&hellip;<!-- AddThis Advanced Settings generic via filter on get_the_excerpt --><!-- AddThis Share Buttons generic via filter on get_the_excerpt --><\/p>\n","protected":false},"featured_media":10616,"template":"","meta":[],"product_cat":[12],"product_tag":[1610],"_links":{"self":[{"href":"https:\/\/www.bazarmerlin.com\/inicio\/wp-json\/wp\/v2\/product\/8011"}],"collection":[{"href":"https:\/\/www.bazarmerlin.com\/inicio\/wp-json\/wp\/v2\/product"}],"about":[{"href":"https:\/\/www.bazarmerlin.com\/inicio\/wp-json\/wp\/v2\/types\/product"}],"wp:featuredmedia":[{"embeddable":true,"href":"https:\/\/www.bazarmerlin.com\/inicio\/wp-json\/wp\/v2\/media\/10616"}],"wp:attachment":[{"href":"https:\/\/www.bazarmerlin.com\/inicio\/wp-json\/wp\/v2\/media?parent=8011"}],"wp:term":[{"taxonomy":"product_cat","embeddable":true,"href":"https:\/\/www.bazarmerlin.com\/inicio\/wp-json\/wp\/v2\/product_cat?post=8011"},{"taxonomy":"product_tag","embeddable":true,"href":"https:\/\/www.bazarmerlin.com\/inicio\/wp-json\/wp\/v2\/product_tag?post=8011"}],"curies":[{"name":"wp","href":"https:\/\/api.w.org\/{rel}","templated":true}]}}