{"id":8029,"date":"2022-04-01T00:11:50","date_gmt":"2022-04-01T00:11:50","guid":{"rendered":"https:\/\/www.bazarmerlin.com\/inicio\/?post_type=product&#038;p=8029"},"modified":"2022-06-08T23:42:22","modified_gmt":"2022-06-08T23:42:22","slug":"spray-para-limpias-quita-mala-suerte-en-persona","status":"publish","type":"product","link":"https:\/\/www.bazarmerlin.com\/inicio\/producto\/spray-para-limpias-quita-mala-suerte-en-persona\/","title":{"rendered":"Spray Para Limpias &#8211; Quita Mala Suerte En Persona"},"content":{"rendered":"\n<p> <strong>SPRAY PARA LIMPIAS EN PERSONAS CON MALA SUERTE.<br>( PROTEGE &#8211; DINERO &#8211; AMOR &#8211; SALUD )<\/strong><\/p>\n\n\n\n<p>PODEROSO SPRAY que ayudar\u00e1 atrae la fortuna, retira y limpia el esp\u00edritu de malas influencias en el amor y los negocios.<\/p>\n\n\n\n<p>Ritualizado para arrasar y limpiar de padecimientos y mala suerte, malas vibras y todo tipo de trabajos puesto por enemigos.<\/p>\n\n\n\n<p>Los SPRAY Esot\u00e9ricos son preparados con productos, esencias y extractos especiales. Cuando tienes un problema que crees de dif\u00edcil soluci\u00f3n es bueno recurrir a los rituales de magia, estos siempre nos ayudan a lograr exitosamente los objetivos que queremos conseguir.<\/p>\n\n\n\n<p>Las limpiezas o rituales con SPRAY sirven para uso diario tanto del cuerpo como de las manos y toda tu energ\u00eda c\u00f3smica y \u00e1urica equilibrando tus chakras para as\u00ed cambiar de forma inmediata tu suerte. Su fabricaci\u00f3n y su composici\u00f3n son de forma 100% artesanal por lo que llevan la esencia y extracto natural para equilibrar tu energ\u00eda,<\/p>\n\n\n\n<p><\/p>\n\n\n\n<div style=\"height:47px\" aria-hidden=\"true\" class=\"wp-block-spacer\"><\/div>\n\n\n\n<p>BAZAR MERLIN<br>El Lugar M\u00e1s M\u00edstico de Guadalajara<br>ENVIAMOS A TODO M\u00c9XICO&#8230;\n\n<\/p>\n<!-- AddThis Advanced Settings generic via filter on the_content --><!-- AddThis Share Buttons generic via filter on the_content -->","protected":false},"excerpt":{"rendered":"<p>SPRAY PARA LIMPIAS EN PERSONAS CON MALA SUERTE.( PROTEGE &#8211; DINERO &#8211; AMOR &#8211; SALUD ) PODEROSO SPRAY que ayudar\u00e1 atrae la fortuna, retira y limpia el esp\u00edritu de malas influencias en el amor y los negocios. Ritualizado para arrasar y limpiar de padecimientos y mala suerte, malas vibras y todo tipo de trabajos puesto&hellip;<!-- AddThis Advanced Settings generic via filter on get_the_excerpt --><!-- AddThis Share Buttons generic via filter on get_the_excerpt --><\/p>\n","protected":false},"featured_media":8030,"template":"","meta":[],"product_cat":[14],"product_tag":[1613,1612],"_links":{"self":[{"href":"https:\/\/www.bazarmerlin.com\/inicio\/wp-json\/wp\/v2\/product\/8029"}],"collection":[{"href":"https:\/\/www.bazarmerlin.com\/inicio\/wp-json\/wp\/v2\/product"}],"about":[{"href":"https:\/\/www.bazarmerlin.com\/inicio\/wp-json\/wp\/v2\/types\/product"}],"wp:featuredmedia":[{"embeddable":true,"href":"https:\/\/www.bazarmerlin.com\/inicio\/wp-json\/wp\/v2\/media\/8030"}],"wp:attachment":[{"href":"https:\/\/www.bazarmerlin.com\/inicio\/wp-json\/wp\/v2\/media?parent=8029"}],"wp:term":[{"taxonomy":"product_cat","embeddable":true,"href":"https:\/\/www.bazarmerlin.com\/inicio\/wp-json\/wp\/v2\/product_cat?post=8029"},{"taxonomy":"product_tag","embeddable":true,"href":"https:\/\/www.bazarmerlin.com\/inicio\/wp-json\/wp\/v2\/product_tag?post=8029"}],"curies":[{"name":"wp","href":"https:\/\/api.w.org\/{rel}","templated":true}]}}