{"id":8032,"date":"2022-04-01T00:20:21","date_gmt":"2022-04-01T00:20:21","guid":{"rendered":"https:\/\/www.bazarmerlin.com\/inicio\/?post_type=product&#038;p=8032"},"modified":"2022-06-08T23:42:22","modified_gmt":"2022-06-08T23:42:22","slug":"spray-para-limpias-y-despojo-en-personas-quita-mala-suerte","status":"publish","type":"product","link":"https:\/\/www.bazarmerlin.com\/inicio\/producto\/spray-para-limpias-y-despojo-en-personas-quita-mala-suerte\/","title":{"rendered":"Spray Para Limpias Y Despojo En Personas &#8211; Quita Mala Suerte"},"content":{"rendered":"\n<p><strong> SPRAY PARA LIMPIAS Y DESPOJO<br>EN PERSONA O CASA<\/strong><\/p>\n\n\n\n<p>El Spray Limpias y Despojos. Quitar Mala Suerte se presenta como un Spray especial para poder deshacerte de la negatividad y la mala suerte que te afecta diariamente. Existen muchas energ\u00edas y fuerzas negativas que pueden repercutir en la vida de las personas, impidiendo que puedan conseguir sus objetivos y metas en la vida.<\/p>\n\n\n\n<p>Hecho con las plantas mas efectivas para un mejor resultado.<\/p>\n\n\n\n<p>Beneficios del Spray Limpias y Despojos<\/p>\n\n\n\n<p>*** Te permitir\u00e1 poder deshacerte de la negatividad y la mala suerte que te afectan diariamente en tu vida. Con su gran poder podr\u00e1s limpiar tus ambientes de toda clase de negatividades, malas energ\u00edas, malas vibraciones y de la mala suerte.<\/p>\n\n\n\n<p>*** Atraer\u00e1 las energ\u00edas positivas y la buena suerte, permiti\u00e9ndote gozar del m\u00e1ximo bienestar y felicidad en todos los \u00e1mbitos m\u00e1s importantes de tu vida como el amor, la salud, el dinero o el trabajo<\/p>\n\n\n\n<p>*** No tendr\u00e1s que seguir viviendo sumergido en una mala racha constante y permanente<\/p>\n\n\n\n<p>*** Podr\u00e1s continuar con tu vida y seguir adelante, sin que sigan existiendo nuevos muros o barreras que te impidan alcanzar tus mentas y objetivos en la vida<\/p>\n\n\n\n<p><\/p>\n\n\n\n<div style=\"height:54px\" aria-hidden=\"true\" class=\"wp-block-spacer\"><\/div>\n\n\n\n<p>BAZAR MERLIN<br>El Lugar M\u00e1s M\u00edstico de Guadalajara<br>ENVIAMOS A TODO M\u00c9XICO&#8230;\n\n<\/p>\n<!-- AddThis Advanced Settings generic via filter on the_content --><!-- AddThis Share Buttons generic via filter on the_content -->","protected":false},"excerpt":{"rendered":"<p>SPRAY PARA LIMPIAS Y DESPOJOEN PERSONA O CASA El Spray Limpias y Despojos. Quitar Mala Suerte se presenta como un Spray especial para poder deshacerte de la negatividad y la mala suerte que te afecta diariamente. Existen muchas energ\u00edas y fuerzas negativas que pueden repercutir en la vida de las personas, impidiendo que puedan conseguir&hellip;<!-- AddThis Advanced Settings generic via filter on get_the_excerpt --><!-- AddThis Share Buttons generic via filter on get_the_excerpt --><\/p>\n","protected":false},"featured_media":8033,"template":"","meta":[],"product_cat":[14],"product_tag":[301,1614],"_links":{"self":[{"href":"https:\/\/www.bazarmerlin.com\/inicio\/wp-json\/wp\/v2\/product\/8032"}],"collection":[{"href":"https:\/\/www.bazarmerlin.com\/inicio\/wp-json\/wp\/v2\/product"}],"about":[{"href":"https:\/\/www.bazarmerlin.com\/inicio\/wp-json\/wp\/v2\/types\/product"}],"wp:featuredmedia":[{"embeddable":true,"href":"https:\/\/www.bazarmerlin.com\/inicio\/wp-json\/wp\/v2\/media\/8033"}],"wp:attachment":[{"href":"https:\/\/www.bazarmerlin.com\/inicio\/wp-json\/wp\/v2\/media?parent=8032"}],"wp:term":[{"taxonomy":"product_cat","embeddable":true,"href":"https:\/\/www.bazarmerlin.com\/inicio\/wp-json\/wp\/v2\/product_cat?post=8032"},{"taxonomy":"product_tag","embeddable":true,"href":"https:\/\/www.bazarmerlin.com\/inicio\/wp-json\/wp\/v2\/product_tag?post=8032"}],"curies":[{"name":"wp","href":"https:\/\/api.w.org\/{rel}","templated":true}]}}