{"id":8035,"date":"2022-04-01T00:29:19","date_gmt":"2022-04-01T00:29:19","guid":{"rendered":"https:\/\/www.bazarmerlin.com\/inicio\/?post_type=product&#038;p=8035"},"modified":"2022-06-08T23:42:23","modified_gmt":"2022-06-08T23:42:23","slug":"spray-levanta-negocios-protege-ventas-y-clientes","status":"publish","type":"product","link":"https:\/\/www.bazarmerlin.com\/inicio\/producto\/spray-levanta-negocios-protege-ventas-y-clientes\/","title":{"rendered":"Spray Levanta Negocios &#8211; Protege Ventas Y Clientes"},"content":{"rendered":"\n<p><strong> SPRAY LEVANTA NEGOCIOS<br>PROTEGE COMO ATRAE VENTAS Y CLIENTES.<\/strong><\/p>\n\n\n\n<p>Spray levanta negocio es una manera perfecta de refrescar el aroma de cualquier habitaci\u00f3n y aumentar sus poderes m\u00edsticos. Apl\u00edcalo diariamente en tu persona y negocio, sirve para llamar clientes suerte dinero protecci\u00f3n y bendici\u00f3n a tu negocio.<\/p>\n\n\n\n<p>Elaborado especialmente para aumentar las ventas para cuando requieras invertir en un negocio o conseguir trabajo logrando abundancia y la preferencia de tus clientes. se recomienda utilizar este spray en casa , negocio, trabajo o en tu persona.<\/p>\n\n\n\n<p><\/p>\n\n\n\n<div style=\"height:55px\" aria-hidden=\"true\" class=\"wp-block-spacer\"><\/div>\n\n\n\n<p>BAZAR MERLIN<br>El Lugar M\u00e1s M\u00edstico de Guadalajara<br>ENVIAMOS A TODO M\u00c9XICO&#8230;\n\n<\/p>\n<!-- AddThis Advanced Settings generic via filter on the_content --><!-- AddThis Share Buttons generic via filter on the_content -->","protected":false},"excerpt":{"rendered":"<p>SPRAY LEVANTA NEGOCIOSPROTEGE COMO ATRAE VENTAS Y CLIENTES. Spray levanta negocio es una manera perfecta de refrescar el aroma de cualquier habitaci\u00f3n y aumentar sus poderes m\u00edsticos. Apl\u00edcalo diariamente en tu persona y negocio, sirve para llamar clientes suerte dinero protecci\u00f3n y bendici\u00f3n a tu negocio. Elaborado especialmente para aumentar las ventas para cuando requieras&hellip;<!-- AddThis Advanced Settings generic via filter on get_the_excerpt --><!-- AddThis Share Buttons generic via filter on get_the_excerpt --><\/p>\n","protected":false},"featured_media":8036,"template":"","meta":[],"product_cat":[14],"product_tag":[1616,1615],"_links":{"self":[{"href":"https:\/\/www.bazarmerlin.com\/inicio\/wp-json\/wp\/v2\/product\/8035"}],"collection":[{"href":"https:\/\/www.bazarmerlin.com\/inicio\/wp-json\/wp\/v2\/product"}],"about":[{"href":"https:\/\/www.bazarmerlin.com\/inicio\/wp-json\/wp\/v2\/types\/product"}],"wp:featuredmedia":[{"embeddable":true,"href":"https:\/\/www.bazarmerlin.com\/inicio\/wp-json\/wp\/v2\/media\/8036"}],"wp:attachment":[{"href":"https:\/\/www.bazarmerlin.com\/inicio\/wp-json\/wp\/v2\/media?parent=8035"}],"wp:term":[{"taxonomy":"product_cat","embeddable":true,"href":"https:\/\/www.bazarmerlin.com\/inicio\/wp-json\/wp\/v2\/product_cat?post=8035"},{"taxonomy":"product_tag","embeddable":true,"href":"https:\/\/www.bazarmerlin.com\/inicio\/wp-json\/wp\/v2\/product_tag?post=8035"}],"curies":[{"name":"wp","href":"https:\/\/api.w.org\/{rel}","templated":true}]}}