{"id":8041,"date":"2022-04-01T00:39:39","date_gmt":"2022-04-01T00:39:39","guid":{"rendered":"https:\/\/www.bazarmerlin.com\/inicio\/?post_type=product&#038;p=8041"},"modified":"2022-06-08T23:42:23","modified_gmt":"2022-06-08T23:42:23","slug":"spray-gallina-negra-para-limpias-quita-malas-energias","status":"publish","type":"product","link":"https:\/\/www.bazarmerlin.com\/inicio\/producto\/spray-gallina-negra-para-limpias-quita-malas-energias\/","title":{"rendered":"Spray Gallina Negra Para Limpias &#8211; Quita Malas Energias"},"content":{"rendered":"\n<p>\n\nSPRAY ORIGINAL GALLINA NEGRA<br>Quita Malas Energias.<\/p>\n\n\n\n<p>Spray arom\u00e1tico refrescante limpia y aromatiza el ambiente, limpia las malas vibras y carga positivamente de energ\u00eda.<\/p>\n\n\n\n<p>Este Spray es muy \u00fatil para tener \u00c9xito en el Trabajo, los Negocios y los Juegos de Azar, ya que Destruye Cualquier Obst\u00e1culo.<\/p>\n\n\n\n<p>Descarga y neutraliza todas las malas vibraciones que personas negativas y\/o envidiosas puedan enviarnos.<\/p>\n\n\n\n<p>Es una excelente protecci\u00f3n para el aura y para Cortar todo Mal.<br>\u00daselo tambi\u00e9n para Limpias.<\/p>\n\n\n\n<p>Usted podr\u00e1 Librarse para Siempre de:<\/p>\n\n\n\n<p>-Chismes<br>-Malos Vecinos<br>-Envidias<br>-Esp\u00edritus Malignos, etc.<\/p>\n\n\n\n<p>Modo de empleo:<br>Roc\u00ede la habitaci\u00f3n o negocios con abundancia y rece con mucha fe.<\/p>\n\n\n\n<p><\/p>\n\n\n\n<div style=\"height:43px\" aria-hidden=\"true\" class=\"wp-block-spacer\"><\/div>\n\n\n\n<p>BAZAR MERLIN<br>El Lugar M\u00e1s M\u00edstico de Guadalajara<br>ENVIAMOS A TODO M\u00c9XICO&#8230;\n\n<\/p>\n<!-- AddThis Advanced Settings generic via filter on the_content --><!-- AddThis Share Buttons generic via filter on the_content -->","protected":false},"excerpt":{"rendered":"<p>SPRAY ORIGINAL GALLINA NEGRAQuita Malas Energias. Spray arom\u00e1tico refrescante limpia y aromatiza el ambiente, limpia las malas vibras y carga positivamente de energ\u00eda. Este Spray es muy \u00fatil para tener \u00c9xito en el Trabajo, los Negocios y los Juegos de Azar, ya que Destruye Cualquier Obst\u00e1culo. Descarga y neutraliza todas las malas vibraciones que personas&hellip;<!-- AddThis Advanced Settings generic via filter on get_the_excerpt --><!-- AddThis Share Buttons generic via filter on get_the_excerpt --><\/p>\n","protected":false},"featured_media":8042,"template":"","meta":[],"product_cat":[14],"product_tag":[1619,1618],"_links":{"self":[{"href":"https:\/\/www.bazarmerlin.com\/inicio\/wp-json\/wp\/v2\/product\/8041"}],"collection":[{"href":"https:\/\/www.bazarmerlin.com\/inicio\/wp-json\/wp\/v2\/product"}],"about":[{"href":"https:\/\/www.bazarmerlin.com\/inicio\/wp-json\/wp\/v2\/types\/product"}],"wp:featuredmedia":[{"embeddable":true,"href":"https:\/\/www.bazarmerlin.com\/inicio\/wp-json\/wp\/v2\/media\/8042"}],"wp:attachment":[{"href":"https:\/\/www.bazarmerlin.com\/inicio\/wp-json\/wp\/v2\/media?parent=8041"}],"wp:term":[{"taxonomy":"product_cat","embeddable":true,"href":"https:\/\/www.bazarmerlin.com\/inicio\/wp-json\/wp\/v2\/product_cat?post=8041"},{"taxonomy":"product_tag","embeddable":true,"href":"https:\/\/www.bazarmerlin.com\/inicio\/wp-json\/wp\/v2\/product_tag?post=8041"}],"curies":[{"name":"wp","href":"https:\/\/api.w.org\/{rel}","templated":true}]}}