{"id":8044,"date":"2022-04-01T00:44:35","date_gmt":"2022-04-01T00:44:35","guid":{"rendered":"https:\/\/www.bazarmerlin.com\/inicio\/?post_type=product&#038;p=8044"},"modified":"2022-06-08T23:42:23","modified_gmt":"2022-06-08T23:42:23","slug":"spray-don-juan-dinero-de-oro-fortuna-y-prosperidad","status":"publish","type":"product","link":"https:\/\/www.bazarmerlin.com\/inicio\/producto\/spray-don-juan-dinero-de-oro-fortuna-y-prosperidad\/","title":{"rendered":"Spray Don Juan Dinero De Oro &#8211; Fortuna Y Prosperidad"},"content":{"rendered":"\n<p>\n\nSPRAY DON JUAN DINERO DE ORO<br>Para Atraer Suerte, Fortuna Y Prosperidad<\/p>\n\n\n\n<p>A la hora de hacer peticiones de dinero, fortuna, buena suerte, prosperidad o abundancia, una de las entidades espirituales m\u00e1s favorecidas es Don Juan.<\/p>\n\n\n\n<p>Es muy solicitado por sus seguidores en busca de ayuda para solventar deudas y otros problemas de dinero.<\/p>\n\n\n\n<p>Don Juan Dinero de Oro posee una oraci\u00f3n para los casos que est\u00e9n relacionados al tema del dinero, la fortuna y la abundancia.<\/p>\n\n\n\n<p>Estos productos est\u00e1n preparados por expertos conocedores de la magia verdadera con ingredientes y rituales especiales para cumplir con su intenci\u00f3n.<\/p>\n\n\n\n<p>Modo de empleo:<br>Roc\u00ede la habitaci\u00f3n o negocios con abundancia y rece con mucha fe. Te sorprender\u00e1n los resultados<\/p>\n\n\n\n<p><\/p>\n\n\n\n<div style=\"height:44px\" aria-hidden=\"true\" class=\"wp-block-spacer\"><\/div>\n\n\n\n<p>BAZAR MERLIN<br>El Lugar M\u00e1s M\u00edstico de Guadalajara<br>ENVIAMOS A TODO M\u00c9XICO&#8230;\n\n<\/p>\n<!-- AddThis Advanced Settings generic via filter on the_content --><!-- AddThis Share Buttons generic via filter on the_content -->","protected":false},"excerpt":{"rendered":"<p>SPRAY DON JUAN DINERO DE OROPara Atraer Suerte, Fortuna Y Prosperidad A la hora de hacer peticiones de dinero, fortuna, buena suerte, prosperidad o abundancia, una de las entidades espirituales m\u00e1s favorecidas es Don Juan. Es muy solicitado por sus seguidores en busca de ayuda para solventar deudas y otros problemas de dinero. Don Juan&hellip;<!-- AddThis Advanced Settings generic via filter on get_the_excerpt --><!-- AddThis Share Buttons generic via filter on get_the_excerpt --><\/p>\n","protected":false},"featured_media":8045,"template":"","meta":[],"product_cat":[14],"product_tag":[1621,1620],"_links":{"self":[{"href":"https:\/\/www.bazarmerlin.com\/inicio\/wp-json\/wp\/v2\/product\/8044"}],"collection":[{"href":"https:\/\/www.bazarmerlin.com\/inicio\/wp-json\/wp\/v2\/product"}],"about":[{"href":"https:\/\/www.bazarmerlin.com\/inicio\/wp-json\/wp\/v2\/types\/product"}],"wp:featuredmedia":[{"embeddable":true,"href":"https:\/\/www.bazarmerlin.com\/inicio\/wp-json\/wp\/v2\/media\/8045"}],"wp:attachment":[{"href":"https:\/\/www.bazarmerlin.com\/inicio\/wp-json\/wp\/v2\/media?parent=8044"}],"wp:term":[{"taxonomy":"product_cat","embeddable":true,"href":"https:\/\/www.bazarmerlin.com\/inicio\/wp-json\/wp\/v2\/product_cat?post=8044"},{"taxonomy":"product_tag","embeddable":true,"href":"https:\/\/www.bazarmerlin.com\/inicio\/wp-json\/wp\/v2\/product_tag?post=8044"}],"curies":[{"name":"wp","href":"https:\/\/api.w.org\/{rel}","templated":true}]}}