{"id":8049,"date":"2022-04-01T00:56:11","date_gmt":"2022-04-01T00:56:11","guid":{"rendered":"https:\/\/www.bazarmerlin.com\/inicio\/?post_type=product&#038;p=8049"},"modified":"2022-06-08T23:42:23","modified_gmt":"2022-06-08T23:42:23","slug":"spray-chango-macho-oro-y-plata-espiritu-de-la-suerte","status":"publish","type":"product","link":"https:\/\/www.bazarmerlin.com\/inicio\/producto\/spray-chango-macho-oro-y-plata-espiritu-de-la-suerte\/","title":{"rendered":"Spray Chango Macho &#8211; Oro Y Plata &#8211; Espiritu De La Suerte"},"content":{"rendered":"\n<p>\n\nSPRAY CHANGO MACHO &#8211; ORO Y PLATA<br>ESP\u00cdRITU DE LA SUERTE<\/p>\n\n\n\n<p>Spray Chango Macho buena suerte spray arom\u00e1tico ayuda ha invocar el esp\u00edritu de la buena suerte. Se puede utilizar en el hogar, negocios en cualquier lugar que desee cambiar su suerte.<\/p>\n\n\n\n<p>Roc\u00ede en su trabajo o autom\u00f3vil. Despu\u00e9s de limpiar con su spray especial, llame a chango para darle la vuelta a su suerte. Mantenga el enfoque permanezca en una mentalidad positiva.<\/p>\n\n\n\n<p><\/p>\n\n\n\n<div style=\"height:61px\" aria-hidden=\"true\" class=\"wp-block-spacer\"><\/div>\n\n\n\n<p>BAZAR MERLIN<br>El Lugar M\u00e1s M\u00edstico de Guadalajara<br>ENVIAMOS A TODO M\u00c9XICO&#8230;\n\n<\/p>\n<!-- AddThis Advanced Settings generic via filter on the_content --><!-- AddThis Share Buttons generic via filter on the_content -->","protected":false},"excerpt":{"rendered":"<p>SPRAY CHANGO MACHO &#8211; ORO Y PLATAESP\u00cdRITU DE LA SUERTE Spray Chango Macho buena suerte spray arom\u00e1tico ayuda ha invocar el esp\u00edritu de la buena suerte. Se puede utilizar en el hogar, negocios en cualquier lugar que desee cambiar su suerte. Roc\u00ede en su trabajo o autom\u00f3vil. Despu\u00e9s de limpiar con su spray especial, llame&hellip;<!-- AddThis Advanced Settings generic via filter on get_the_excerpt --><!-- AddThis Share Buttons generic via filter on get_the_excerpt --><\/p>\n","protected":false},"featured_media":8050,"template":"","meta":[],"product_cat":[14],"product_tag":[1626,1625,1624],"_links":{"self":[{"href":"https:\/\/www.bazarmerlin.com\/inicio\/wp-json\/wp\/v2\/product\/8049"}],"collection":[{"href":"https:\/\/www.bazarmerlin.com\/inicio\/wp-json\/wp\/v2\/product"}],"about":[{"href":"https:\/\/www.bazarmerlin.com\/inicio\/wp-json\/wp\/v2\/types\/product"}],"wp:featuredmedia":[{"embeddable":true,"href":"https:\/\/www.bazarmerlin.com\/inicio\/wp-json\/wp\/v2\/media\/8050"}],"wp:attachment":[{"href":"https:\/\/www.bazarmerlin.com\/inicio\/wp-json\/wp\/v2\/media?parent=8049"}],"wp:term":[{"taxonomy":"product_cat","embeddable":true,"href":"https:\/\/www.bazarmerlin.com\/inicio\/wp-json\/wp\/v2\/product_cat?post=8049"},{"taxonomy":"product_tag","embeddable":true,"href":"https:\/\/www.bazarmerlin.com\/inicio\/wp-json\/wp\/v2\/product_tag?post=8049"}],"curies":[{"name":"wp","href":"https:\/\/api.w.org\/{rel}","templated":true}]}}